{"id":586,"date":"2024-09-06T15:56:58","date_gmt":"2024-09-06T13:56:58","guid":{"rendered":"https:\/\/gstf.site-preview.ch\/page-daccueil\/"},"modified":"2026-03-02T17:19:45","modified_gmt":"2026-03-02T16:19:45","slug":"page-daccueil","status":"publish","type":"page","link":"https:\/\/gstf.org\/fr\/","title":{"rendered":"Soci\u00e9t\u00e9 d\u2019Amiti\u00e9 Suisse-Tib\u00e9taine"},"content":{"rendered":"<div class=\"indy-block-slider-banner f-carousel\" id=\"indy-block-slider-banner\">\n      <div class=\"f-carousel__slide\">\n      <div class=\"indy-block-slide\">\n        <div class=\"indy-block-slide-container container\">\n          <div class=\"indy-block-slide-content\">\n              <div class=\"indy-block-slide-title\"><h2 class=\"indy-block-slide-title-h2\">We run for Tibet<\/h2><\/div>\n              <div class=\"indy-block-slide-text\"><p>\u00ab We Run for Tibet \u00bb est une action cr\u00e9ative et puissante pour rappeler aux gens en Suisse et dans le monde entier la lutte pacifique des Tib\u00e9tains pour la libert\u00e9 et l&rsquo;autod\u00e9termination. Dans un monde o\u00f9 la R\u00e9publique populaire de Chine cherche \u00e0 dominer tout en tentant d&rsquo;\u00e9radiquer la culture, la religion et l&rsquo;identit\u00e9 tib\u00e9taines \u00e0 l&rsquo;int\u00e9rieur du pays, nous devons poursuivre notre soutien \u00e0 la cause du Tibet.<\/p><\/div>\n              <a class=\"indy-block-slide-button indy-block-teaser-post-item-button btn btn-underline\" href=\"https:\/\/gstf.org\/fr\/we-run-for-tibet-2025\/\">lire la suite et participer&#8230;<\/a>\n          <\/div>\n        <\/div>\n        <div class=\"indy-block-slide-image\">\n                      <img decoding=\"async\" src=\"https:\/\/gstf.org\/wp-content\/uploads\/2025\/02\/DSC1875_kleiner-scaled-1920x1080-c-center.jpg\" alt=\"We run for Tibet\">\n                  <\/div>\n      <\/div>\n    <\/div>\n      <div class=\"f-carousel__slide\">\n      <div class=\"indy-block-slide\">\n        <div class=\"indy-block-slide-container container\">\n          <div class=\"indy-block-slide-content\">\n              <div class=\"indy-block-slide-title\"><h2 class=\"indy-block-slide-title-h2\">Montrez votre soutien au Tibet<\/h2><\/div>\n              <div class=\"indy-block-slide-text\"><p>Montrez votre soutien au Tibet!\r\nNous vous invitons \u00e0 envoyer un message fort de solidarit\u00e9 avec le Tibet. Un signe que vous honorez la lutte non-violente men\u00e9e par les Tib\u00e9tains depuis des d\u00e9cennies et que vous soutenez le droit l\u00e9gitime du peuple tib\u00e9tain \u00e0 l\u2019autod\u00e9termination et \u00e0 la pr\u00e9servation de son identit\u00e9 culturelle et religieuse.<\/p><\/div>\n              <a class=\"indy-block-slide-button indy-block-teaser-post-item-button btn btn-underline\" href=\"https:\/\/gstf.org\/fr\/montrez-votre-soutien-au-tibet\/\">continuer \u00e0 lire<\/a>\n          <\/div>\n        <\/div>\n        <div class=\"indy-block-slide-image\">\n                      <img decoding=\"async\" src=\"https:\/\/gstf.org\/wp-content\/uploads\/2024\/11\/Wir-zeigen-Flagge_Vorlage_1-1920x1080-c-center.jpg\" alt=\"Montrez votre soutien au Tibet\">\n                  <\/div>\n      <\/div>\n    <\/div>\n      <div class=\"f-carousel__slide\">\n      <div class=\"indy-block-slide\">\n        <div class=\"indy-block-slide-container container\">\n          <div class=\"indy-block-slide-content\">\n              <div class=\"indy-block-slide-title\"><h2 class=\"indy-block-slide-title-h2\">Sagesse du bonheur<\/h2><\/div>\n              <div class=\"indy-block-slide-text\"><p>\u00ab\u00a0Wisdom of Happiness\u00a0\u00bb dans les cin\u00e9mas suisses. Il s&rsquo;agit d&rsquo;un portrait cin\u00e9matographique \u00e9mouvant de la pens\u00e9e du Dala\u00ef Lama pour notre \u00e9poque.  <\/p><\/div>\n              <a class=\"indy-block-slide-button indy-block-teaser-post-item-button btn btn-underline\" href=\"https:\/\/gstf.org\/schweizer-kino-start-wisdom-of-happiness\/\">Wisdom of Happiness au cin\u00e9ma<\/a>\n          <\/div>\n        <\/div>\n        <div class=\"indy-block-slide-image\">\n                      <img decoding=\"async\" src=\"https:\/\/gstf.org\/wp-content\/uploads\/2024\/11\/Key-Visual-no-text-extract-1-scaled-e1731948386807-1920x1080-c-center.jpg\" alt=\"Sagesse du bonheur\">\n                  <\/div>\n      <\/div>\n    <\/div>\n      <div class=\"f-carousel__slide\">\n      <div class=\"indy-block-slide\">\n        <div class=\"indy-block-slide-container container\">\n          <div class=\"indy-block-slide-content\">\n              <div class=\"indy-block-slide-title\"><h2 class=\"indy-block-slide-title-h2\">Ligne rouge pour la Suisse<\/h2><\/div>\n              <div class=\"indy-block-slide-text\"><p>Remise de la p\u00e9tition \u00ab\u00a0Ligne rouge pour la Suisse\u00a0\u00bb avec plus de 14&rsquo;000 signatures !<\/p><\/div>\n              <a class=\"indy-block-slide-button indy-block-teaser-post-item-button btn btn-underline\" href=\"https:\/\/gstf.org\/petitionsuebergabe-rote-linie-fuer-die-schweiz-mit-ueber-14000-unterschriften\/\">lire la suite<\/a>\n          <\/div>\n        <\/div>\n        <div class=\"indy-block-slide-image\">\n                      <img decoding=\"async\" src=\"https:\/\/gstf.org\/wp-content\/uploads\/2024\/09\/petitionsuebergabe-rotelinie-1920x1080-c-center.jpeg\" alt=\"Ligne rouge pour la Suisse\">\n                  <\/div>\n      <\/div>\n    <\/div>\n  <\/div>\n\n\n<section class=\"indy-block-section has-white-background-color\">\n      <div class=\"indy-block-section-content\">\n  <div class=\"indy-block-cards\">\n    <div class=\"indy-block-cards-content row\">\n      <div class=\"indy-block-cards-content-inner col-lg-4 offset-lg-4 col-12\">\n        <h2>\u00c0 propos de nous<\/h2>\n        <p>En avril 1983, la Soci\u00e9t\u00e9 pour l&rsquo;amiti\u00e9 helv\u00e9tico-tib\u00e9taine, ou GSTF, a \u00e9t\u00e9 fond\u00e9e.\r\nLa GSTF est aujourd&rsquo;hui la plus grande organisation non gouvernementale suisse pour le Tibet et compte environ 1 500 membres. Elle est divis\u00e9e en sections r\u00e9gionales, dirig\u00e9es par un conseil d&rsquo;administration \u00e9lu par les membres.<\/p>\n      <\/div>\n    <\/div>\n    <div class=\"indy-block-cards-row row gy-md-0 gy-4 gx-lg-6 gx-xl-7\">\n            <div class=\"col-md-4 offset-md-0 col-10 offset-1\">\n                  <div class=\"indy-card indy-card-member\">\n            <a href=\"https:\/\/gstf.org\/mitglied-werden\/\">\n              <img decoding=\"async\" src=\"https:\/\/gstf.org\/wp-content\/themes\/indy-gstf\/assets\/img\/cards-bg.svg\" alt=\"member_svg\">\n              <div class=\"indy-card-member-text-wrapper\">\n                <h5 class=\"indy-card-member-text\">Devenir membre<\/h5>\n              <\/div>\n            <\/a>\n          <\/div>\n              <\/div>\n            <div class=\"col-md-4 offset-md-0 col-10 offset-1\">\n                  <div class=\"indy-card indy-card-magazine\">\n            <img decoding=\"async\" src=\"https:\/\/gstf.org\/wp-content\/uploads\/2024\/11\/tf166_Titelseite-300x400-c-default.png\" alt=\"magazine_thumbnail\">\n            <div class=\"d-flex justify-content-center w-100 pb-3\">\n              <a class=\"btn btn-primary\" href=\"https:\/\/gstf.org\/was-wir-tun\/tibetfocus-magazin\/\">tibetfocus<\/a>\n            <\/div>\n          <\/div>\n              <\/div>\n            <div class=\"col-md-4 offset-md-0 col-10 offset-1\">\n                  <div class=\"indy-card indy-card-campaign\">\n            <img decoding=\"async\" src=\"https:\/\/gstf.org\/wp-content\/uploads\/2025\/02\/DSC1860_kleiner_cut-600x800-c-default.jpg\" alt=\"campaign_thumbnail\">\n            <div class=\"d-flex justify-content-center w-100 pb-3\">\n              <a class=\"btn btn-secondary\" href=\"https:\/\/gstf.org\/we-run-for-tibet-2025\/\">We Run For Tibet 2025<\/a>\n            <\/div>\n          <\/div>\n              <\/div>\n          <\/div>\n  <\/div>\n\n<\/div>\n  <\/section>\n\n\n<section class=\"indy-block-section has-section-background-color\">\n      <div class=\"indy-block-section-content\">\n\n<div class=\"wp-block-group is-style-heading-button is-nowrap is-layout-flex wp-container-core-group-is-layout-ad2f72ca wp-block-group-is-layout-flex\">\n<h2 class=\"wp-block-heading\">Derniers messages<\/h2>\n\n\n\n<div class=\"wp-block-buttons is-layout-flex wp-block-buttons-is-layout-flex\">\n<div class=\"wp-block-button\"><a class=\"wp-block-button__link has-secondary-background-color has-background wp-element-button\" href=\"https:\/\/gstf.org\/fr\/actualites\/\">Tous les messages<\/a><\/div>\n<\/div>\n<\/div>\n\n<\/div>\n  <\/section>\n\n\n<section class=\"indy-block-section has-white-background-color\">\n      <div class=\"indy-block-section-content\">\n\n<div class=\"wp-block-group is-style-heading-button is-nowrap is-layout-flex wp-container-core-group-is-layout-ad2f72ca wp-block-group-is-layout-flex\">\n<h2 class=\"wp-block-heading\">\u00c9v\u00e9nements<\/h2>\n\n\n\n<div class=\"wp-block-buttons is-layout-flex wp-block-buttons-is-layout-flex\">\n<div class=\"wp-block-button\"><a class=\"wp-block-button__link has-secondary-background-color has-background wp-element-button\" href=\"https:\/\/gstf.org\/fr\/evenements\/\">Toutes les donn\u00e9es<\/a><\/div>\n<\/div>\n<\/div>\n\n\n<div class=\"indy-block-events indy-block-events-teaser\">\n    <ul class=\"event-list\" aria-label=\"Events\">\n      <\/ul>\n<\/div>\n\n<\/div>\n  <\/section>\n","protected":false},"excerpt":{"rendered":"","protected":false},"author":1,"featured_media":0,"parent":0,"menu_order":0,"comment_status":"closed","ping_status":"closed","template":"","meta":{"_acf_changed":false,"inline_featured_image":false,"footnotes":""},"class_list":["post-586","page","type-page","status-publish","hentry"],"acf":[],"yoast_head":"<!-- This site is optimized with the Yoast SEO plugin v27.3 - https:\/\/yoast.com\/product\/yoast-seo-wordpress\/ -->\n<title>Soci\u00e9t\u00e9 d\u2019Amiti\u00e9 Suisse-Tib\u00e9taine - GSTF<\/title>\n<meta name=\"robots\" content=\"index, follow, max-snippet:-1, max-image-preview:large, max-video-preview:-1\" \/>\n<link rel=\"canonical\" href=\"https:\/\/gstf.org\/fr\/\" \/>\n<meta property=\"og:locale\" content=\"fr_FR\" \/>\n<meta property=\"og:type\" content=\"article\" \/>\n<meta property=\"og:title\" content=\"Soci\u00e9t\u00e9 d\u2019Amiti\u00e9 Suisse-Tib\u00e9taine - GSTF\" \/>\n<meta property=\"og:url\" content=\"https:\/\/gstf.org\/fr\/\" \/>\n<meta property=\"og:site_name\" content=\"GSTF\" \/>\n<meta property=\"article:modified_time\" content=\"2026-03-02T16:19:45+00:00\" \/>\n<meta name=\"twitter:card\" content=\"summary_large_image\" \/>\n<meta name=\"twitter:label1\" content=\"Dur\u00e9e de lecture estim\u00e9e\" \/>\n\t<meta name=\"twitter:data1\" content=\"1 minute\" \/>\n<script type=\"application\/ld+json\" class=\"yoast-schema-graph\">{\"@context\":\"https:\\\/\\\/schema.org\",\"@graph\":[{\"@type\":\"WebPage\",\"@id\":\"https:\\\/\\\/gstf.org\\\/fr\\\/\",\"url\":\"https:\\\/\\\/gstf.org\\\/fr\\\/\",\"name\":\"Soci\u00e9t\u00e9 d\u2019Amiti\u00e9 Suisse-Tib\u00e9taine - GSTF\",\"isPartOf\":{\"@id\":\"https:\\\/\\\/gstf.org\\\/fr\\\/#website\"},\"datePublished\":\"2024-09-06T13:56:58+00:00\",\"dateModified\":\"2026-03-02T16:19:45+00:00\",\"breadcrumb\":{\"@id\":\"https:\\\/\\\/gstf.org\\\/fr\\\/#breadcrumb\"},\"inLanguage\":\"fr-FR\",\"potentialAction\":[{\"@type\":\"ReadAction\",\"target\":[\"https:\\\/\\\/gstf.org\\\/fr\\\/\"]}]},{\"@type\":\"BreadcrumbList\",\"@id\":\"https:\\\/\\\/gstf.org\\\/fr\\\/#breadcrumb\",\"itemListElement\":[{\"@type\":\"ListItem\",\"position\":1,\"name\":\"Startseite\",\"item\":\"https:\\\/\\\/gstf.org\\\/fr\\\/page-daccueil\\\/\"},{\"@type\":\"ListItem\",\"position\":2,\"name\":\"Soci\u00e9t\u00e9 d\u2019Amiti\u00e9 Suisse-Tib\u00e9taine\"}]},{\"@type\":\"WebSite\",\"@id\":\"https:\\\/\\\/gstf.org\\\/fr\\\/#website\",\"url\":\"https:\\\/\\\/gstf.org\\\/fr\\\/\",\"name\":\"GSTF\",\"description\":\"Gesellschaft Schweizerisch-Tibetische Freundschaft\",\"potentialAction\":[{\"@type\":\"SearchAction\",\"target\":{\"@type\":\"EntryPoint\",\"urlTemplate\":\"https:\\\/\\\/gstf.org\\\/fr\\\/?s={search_term_string}\"},\"query-input\":{\"@type\":\"PropertyValueSpecification\",\"valueRequired\":true,\"valueName\":\"search_term_string\"}}],\"inLanguage\":\"fr-FR\"}]}<\/script>\n<!-- \/ Yoast SEO plugin. -->","yoast_head_json":{"title":"Soci\u00e9t\u00e9 d\u2019Amiti\u00e9 Suisse-Tib\u00e9taine - GSTF","robots":{"index":"index","follow":"follow","max-snippet":"max-snippet:-1","max-image-preview":"max-image-preview:large","max-video-preview":"max-video-preview:-1"},"canonical":"https:\/\/gstf.org\/fr\/","og_locale":"fr_FR","og_type":"article","og_title":"Soci\u00e9t\u00e9 d\u2019Amiti\u00e9 Suisse-Tib\u00e9taine - GSTF","og_url":"https:\/\/gstf.org\/fr\/","og_site_name":"GSTF","article_modified_time":"2026-03-02T16:19:45+00:00","twitter_card":"summary_large_image","twitter_misc":{"Dur\u00e9e de lecture estim\u00e9e":"1 minute"},"schema":{"@context":"https:\/\/schema.org","@graph":[{"@type":"WebPage","@id":"https:\/\/gstf.org\/fr\/","url":"https:\/\/gstf.org\/fr\/","name":"Soci\u00e9t\u00e9 d\u2019Amiti\u00e9 Suisse-Tib\u00e9taine - GSTF","isPartOf":{"@id":"https:\/\/gstf.org\/fr\/#website"},"datePublished":"2024-09-06T13:56:58+00:00","dateModified":"2026-03-02T16:19:45+00:00","breadcrumb":{"@id":"https:\/\/gstf.org\/fr\/#breadcrumb"},"inLanguage":"fr-FR","potentialAction":[{"@type":"ReadAction","target":["https:\/\/gstf.org\/fr\/"]}]},{"@type":"BreadcrumbList","@id":"https:\/\/gstf.org\/fr\/#breadcrumb","itemListElement":[{"@type":"ListItem","position":1,"name":"Startseite","item":"https:\/\/gstf.org\/fr\/page-daccueil\/"},{"@type":"ListItem","position":2,"name":"Soci\u00e9t\u00e9 d\u2019Amiti\u00e9 Suisse-Tib\u00e9taine"}]},{"@type":"WebSite","@id":"https:\/\/gstf.org\/fr\/#website","url":"https:\/\/gstf.org\/fr\/","name":"GSTF","description":"Gesellschaft Schweizerisch-Tibetische Freundschaft","potentialAction":[{"@type":"SearchAction","target":{"@type":"EntryPoint","urlTemplate":"https:\/\/gstf.org\/fr\/?s={search_term_string}"},"query-input":{"@type":"PropertyValueSpecification","valueRequired":true,"valueName":"search_term_string"}}],"inLanguage":"fr-FR"}]}},"_links":{"self":[{"href":"https:\/\/gstf.org\/fr\/wp-json\/wp\/v2\/pages\/586","targetHints":{"allow":["GET"]}}],"collection":[{"href":"https:\/\/gstf.org\/fr\/wp-json\/wp\/v2\/pages"}],"about":[{"href":"https:\/\/gstf.org\/fr\/wp-json\/wp\/v2\/types\/page"}],"author":[{"embeddable":true,"href":"https:\/\/gstf.org\/fr\/wp-json\/wp\/v2\/users\/1"}],"replies":[{"embeddable":true,"href":"https:\/\/gstf.org\/fr\/wp-json\/wp\/v2\/comments?post=586"}],"version-history":[{"count":11,"href":"https:\/\/gstf.org\/fr\/wp-json\/wp\/v2\/pages\/586\/revisions"}],"predecessor-version":[{"id":9131,"href":"https:\/\/gstf.org\/fr\/wp-json\/wp\/v2\/pages\/586\/revisions\/9131"}],"wp:attachment":[{"href":"https:\/\/gstf.org\/fr\/wp-json\/wp\/v2\/media?parent=586"}],"curies":[{"name":"wp","href":"https:\/\/api.w.org\/{rel}","templated":true}]}}