{"id":6582,"date":"2024-11-26T21:50:30","date_gmt":"2024-11-26T20:50:30","guid":{"rendered":"https:\/\/gstf.site-preview.ch\/mentions-legales\/"},"modified":"2024-11-26T21:53:58","modified_gmt":"2024-11-26T20:53:58","slug":"mentions-legales","status":"publish","type":"page","link":"https:\/\/gstf.org\/fr\/mentions-legales\/","title":{"rendered":"Mentions l\u00e9gales"},"content":{"rendered":"<section class=\"indy-block-section has-white-background-color\">\n      <div class=\"indy-block-section-content\">\n\n<p><strong>Association :<\/strong><\/p>\n\n\n\n<p>Soci\u00e9t\u00e9 d\u2019Amiti\u00e9 Suisse-Tib\u00e9taine (SAST)<br\/>Binzstrasse 15<br\/>CH-8045 Zurich<\/p>\n\n\n\n<p>+41 44 451 38 38<br\/><a href=\"mailto:buero@gstf.org\">buero@gstf.org<\/a><\/p>\n\n\n\n<p><strong>Avis juridique<\/strong><\/p>\n\n\n\n<p>Les informations publi\u00e9es sont fournies par GSTF pour un usage personnel et \u00e0 titre d&rsquo;information uniquement. La SAST se r\u00e9serve express\u00e9ment le droit de modifier, de supprimer ou de ne pas publier temporairement tout ou partie du contenu \u00e0 tout moment et sans pr\u00e9avis. Le SAST ne garantit pas (explicitement ou implicitement) l&rsquo;exactitude, l&rsquo;exhaustivit\u00e9 ou l&rsquo;actualit\u00e9 des informations publi\u00e9es, m\u00eame si le soin n\u00e9cessaire a \u00e9t\u00e9 apport\u00e9 \u00e0 leur collecte aupr\u00e8s de sources jug\u00e9es fiables. De m\u00eame, aucune garantie n&rsquo;est donn\u00e9e quant \u00e0 la disponibilit\u00e9 ou au fonctionnement du pr\u00e9sent site web et de son contenu.<\/p>\n\n\n\n<p>Toute responsabilit\u00e9 pour des dommages directs, indirects ou autres, quelle qu&rsquo;en soit la cause, r\u00e9sultant de l&rsquo;utilisation ou de l&rsquo;indisponibilit\u00e9 des donn\u00e9es et informations de ce site est exclue, dans la mesure o\u00f9 la loi le permet.<\/p>\n\n\n\n<p>Notre offre contient des liens vers des sites web externes de tiers, sur lesquels nous n&rsquo;avons aucune influence. L&rsquo;acc\u00e8s \u00e0 ces sites et leur utilisation se font aux risques et p\u00e9rils de l&rsquo;utilisateur. La SAST d\u00e9clare express\u00e9ment qu&rsquo;elle n&rsquo;a aucune influence sur la forme, le contenu et les offres des sites auxquels elle renvoie. Les informations et les services des sites web li\u00e9s rel\u00e8vent enti\u00e8rement de la responsabilit\u00e9 du tiers concern\u00e9.<\/p>\n\n\n\n<p>Nous d\u00e9clinons toute responsabilit\u00e9 pour de tels sites.<\/p>\n\n\n\n<p>Les pages li\u00e9es ont \u00e9t\u00e9 v\u00e9rifi\u00e9es au moment de la cr\u00e9ation du lien afin de s&rsquo;assurer qu&rsquo;elles n&rsquo;enfreignaient pas la loi. Aucun contenu ill\u00e9gal n&rsquo;a \u00e9t\u00e9 identifi\u00e9 au moment de la cr\u00e9ation des liens.<\/p>\n\n\n\n<p>Le contenu de ce site web est prot\u00e9g\u00e9 par les droits d&rsquo;auteur. Les liens vers notre site web sont les bienvenus !<\/p>\n\n\n\n<p>Veuillez \u00e9galement consulter notre politique de confidentialit\u00e9.<\/p>\n\n<\/div>\n  <\/section>\n","protected":false},"excerpt":{"rendered":"","protected":false},"author":1,"featured_media":0,"parent":0,"menu_order":0,"comment_status":"closed","ping_status":"closed","template":"","meta":{"_acf_changed":false,"inline_featured_image":false,"footnotes":""},"class_list":["post-6582","page","type-page","status-publish","hentry"],"acf":[],"yoast_head":"<!-- This site is optimized with the Yoast SEO plugin v27.3 - https:\/\/yoast.com\/product\/yoast-seo-wordpress\/ -->\n<title>Mentions l\u00e9gales - GSTF<\/title>\n<meta name=\"robots\" content=\"index, follow, max-snippet:-1, max-image-preview:large, max-video-preview:-1\" \/>\n<link rel=\"canonical\" href=\"https:\/\/gstf.org\/fr\/mentions-legales\/\" \/>\n<meta property=\"og:locale\" content=\"fr_FR\" \/>\n<meta property=\"og:type\" content=\"article\" \/>\n<meta property=\"og:title\" content=\"Mentions l\u00e9gales - GSTF\" \/>\n<meta property=\"og:url\" content=\"https:\/\/gstf.org\/fr\/mentions-legales\/\" \/>\n<meta property=\"og:site_name\" content=\"GSTF\" \/>\n<meta property=\"article:modified_time\" content=\"2024-11-26T20:53:58+00:00\" \/>\n<meta name=\"twitter:card\" content=\"summary_large_image\" \/>\n<meta name=\"twitter:label1\" content=\"Dur\u00e9e de lecture estim\u00e9e\" \/>\n\t<meta name=\"twitter:data1\" content=\"2 minutes\" \/>\n<script type=\"application\/ld+json\" class=\"yoast-schema-graph\">{\"@context\":\"https:\\\/\\\/schema.org\",\"@graph\":[{\"@type\":\"WebPage\",\"@id\":\"https:\\\/\\\/gstf.org\\\/fr\\\/mentions-legales\\\/\",\"url\":\"https:\\\/\\\/gstf.org\\\/fr\\\/mentions-legales\\\/\",\"name\":\"Mentions l\u00e9gales - GSTF\",\"isPartOf\":{\"@id\":\"https:\\\/\\\/gstf.org\\\/fr\\\/#website\"},\"datePublished\":\"2024-11-26T20:50:30+00:00\",\"dateModified\":\"2024-11-26T20:53:58+00:00\",\"breadcrumb\":{\"@id\":\"https:\\\/\\\/gstf.org\\\/fr\\\/mentions-legales\\\/#breadcrumb\"},\"inLanguage\":\"fr-FR\",\"potentialAction\":[{\"@type\":\"ReadAction\",\"target\":[\"https:\\\/\\\/gstf.org\\\/fr\\\/mentions-legales\\\/\"]}]},{\"@type\":\"BreadcrumbList\",\"@id\":\"https:\\\/\\\/gstf.org\\\/fr\\\/mentions-legales\\\/#breadcrumb\",\"itemListElement\":[{\"@type\":\"ListItem\",\"position\":1,\"name\":\"Startseite\",\"item\":\"https:\\\/\\\/gstf.org\\\/fr\\\/page-daccueil\\\/\"},{\"@type\":\"ListItem\",\"position\":2,\"name\":\"Mentions l\u00e9gales\"}]},{\"@type\":\"WebSite\",\"@id\":\"https:\\\/\\\/gstf.org\\\/fr\\\/#website\",\"url\":\"https:\\\/\\\/gstf.org\\\/fr\\\/\",\"name\":\"GSTF\",\"description\":\"Gesellschaft Schweizerisch-Tibetische Freundschaft\",\"potentialAction\":[{\"@type\":\"SearchAction\",\"target\":{\"@type\":\"EntryPoint\",\"urlTemplate\":\"https:\\\/\\\/gstf.org\\\/fr\\\/?s={search_term_string}\"},\"query-input\":{\"@type\":\"PropertyValueSpecification\",\"valueRequired\":true,\"valueName\":\"search_term_string\"}}],\"inLanguage\":\"fr-FR\"}]}<\/script>\n<!-- \/ Yoast SEO plugin. -->","yoast_head_json":{"title":"Mentions l\u00e9gales - GSTF","robots":{"index":"index","follow":"follow","max-snippet":"max-snippet:-1","max-image-preview":"max-image-preview:large","max-video-preview":"max-video-preview:-1"},"canonical":"https:\/\/gstf.org\/fr\/mentions-legales\/","og_locale":"fr_FR","og_type":"article","og_title":"Mentions l\u00e9gales - GSTF","og_url":"https:\/\/gstf.org\/fr\/mentions-legales\/","og_site_name":"GSTF","article_modified_time":"2024-11-26T20:53:58+00:00","twitter_card":"summary_large_image","twitter_misc":{"Dur\u00e9e de lecture estim\u00e9e":"2 minutes"},"schema":{"@context":"https:\/\/schema.org","@graph":[{"@type":"WebPage","@id":"https:\/\/gstf.org\/fr\/mentions-legales\/","url":"https:\/\/gstf.org\/fr\/mentions-legales\/","name":"Mentions l\u00e9gales - GSTF","isPartOf":{"@id":"https:\/\/gstf.org\/fr\/#website"},"datePublished":"2024-11-26T20:50:30+00:00","dateModified":"2024-11-26T20:53:58+00:00","breadcrumb":{"@id":"https:\/\/gstf.org\/fr\/mentions-legales\/#breadcrumb"},"inLanguage":"fr-FR","potentialAction":[{"@type":"ReadAction","target":["https:\/\/gstf.org\/fr\/mentions-legales\/"]}]},{"@type":"BreadcrumbList","@id":"https:\/\/gstf.org\/fr\/mentions-legales\/#breadcrumb","itemListElement":[{"@type":"ListItem","position":1,"name":"Startseite","item":"https:\/\/gstf.org\/fr\/page-daccueil\/"},{"@type":"ListItem","position":2,"name":"Mentions l\u00e9gales"}]},{"@type":"WebSite","@id":"https:\/\/gstf.org\/fr\/#website","url":"https:\/\/gstf.org\/fr\/","name":"GSTF","description":"Gesellschaft Schweizerisch-Tibetische Freundschaft","potentialAction":[{"@type":"SearchAction","target":{"@type":"EntryPoint","urlTemplate":"https:\/\/gstf.org\/fr\/?s={search_term_string}"},"query-input":{"@type":"PropertyValueSpecification","valueRequired":true,"valueName":"search_term_string"}}],"inLanguage":"fr-FR"}]}},"_links":{"self":[{"href":"https:\/\/gstf.org\/fr\/wp-json\/wp\/v2\/pages\/6582","targetHints":{"allow":["GET"]}}],"collection":[{"href":"https:\/\/gstf.org\/fr\/wp-json\/wp\/v2\/pages"}],"about":[{"href":"https:\/\/gstf.org\/fr\/wp-json\/wp\/v2\/types\/page"}],"author":[{"embeddable":true,"href":"https:\/\/gstf.org\/fr\/wp-json\/wp\/v2\/users\/1"}],"replies":[{"embeddable":true,"href":"https:\/\/gstf.org\/fr\/wp-json\/wp\/v2\/comments?post=6582"}],"version-history":[{"count":1,"href":"https:\/\/gstf.org\/fr\/wp-json\/wp\/v2\/pages\/6582\/revisions"}],"predecessor-version":[{"id":6583,"href":"https:\/\/gstf.org\/fr\/wp-json\/wp\/v2\/pages\/6582\/revisions\/6583"}],"wp:attachment":[{"href":"https:\/\/gstf.org\/fr\/wp-json\/wp\/v2\/media?parent=6582"}],"curies":[{"name":"wp","href":"https:\/\/api.w.org\/{rel}","templated":true}]}}