{"id":6590,"date":"2024-11-26T17:35:27","date_gmt":"2024-11-26T16:35:27","guid":{"rendered":"https:\/\/gstf.site-preview.ch\/projet-de-parrainage\/"},"modified":"2024-11-26T22:19:29","modified_gmt":"2024-11-26T21:19:29","slug":"projet-de-parrainage","status":"publish","type":"page","link":"https:\/\/gstf.org\/fr\/projet-de-parrainage\/","title":{"rendered":"Projet de parrainage"},"content":{"rendered":"\n<p>En Suisse, environ 300 r\u00e9fugi\u00e9s tib\u00e9tains ayant re\u00e7u une d\u00e9cision d&rsquo;asile n\u00e9gative vivent en tant que \u00ab\u00a0sans-papiers\u00a0\u00bb. Ils re\u00e7oivent une aide d&rsquo;urgence et vivent dans des abris de fortune. Une demande de cas de rigueur apr\u00e8s cinq ans est pour la plupart la seule possibilit\u00e9 d&rsquo;obtenir un permis de s\u00e9jour.  <\/p>\n\n<p>Avec le projet \u00ab\u00a0Parrainage de r\u00e9fugi\u00e9s tib\u00e9tains d\u00e9bout\u00e9s\u00a0\u00bb, nous souhaitons apporter une aide \u00e0 l&rsquo;int\u00e9gration des r\u00e9fugi\u00e9s tib\u00e9tains en les mettant en contact avec des parrains. Cela leur permet d&rsquo;am\u00e9liorer leurs connaissances en allemand, de recevoir de l&rsquo;aide pour les questions quotidiennes et de participer activement \u00e0 la vie en Suisse. Les chances de succ\u00e8s lors du d\u00e9p\u00f4t d&rsquo;une demande de cas de rigueur, ainsi qu&rsquo;apr\u00e8s l&rsquo;obtention d&rsquo;un permis, et la saisie d&rsquo;opportunit\u00e9s professionnelles augmentent \u00e9galement.  <\/p>\n\n<p>Pour en savoir plus, consultez les documents suivants<\/p>\n\n<ul class=\"wp-block-list\">\n<li><a href=\"https:\/\/gstf.org\/wp-content\/uploads\/2024\/11\/Rahmenbedingungen_Patenschaftsprojekt_TSPG_20210329-1.pdf\">R\u00e9seau de brevets Conditions g\u00e9n\u00e9rales<\/a><\/li>\n\n\n\n<li><a href=\"https:\/\/gstf.org\/wp-content\/uploads\/2024\/11\/Flyer_Patennetz_20200707.pdf\">D\u00e9pliant R\u00e9seau de parrains<\/a><\/li>\n\n\n\n<li><a href=\"https:\/\/gstf.org\/wp-content\/uploads\/2024\/11\/Aktivitaeten_Lamtoen.pdf\">Activit\u00e9s possibles dans le cadre du r\u00e9seau de parrainage<\/a><\/li>\n<\/ul>\n\n<p>Pour tout renseignement sur le projet, veuillez <a href=\"mailto:tony.ryf@gstf.org\">contacter tony.ryf@gstf.org<\/a> ou <a href=\"mailto:lamtoen@gstf.org\">lamtoen@gstf.org.<\/a><\/p>\n<section class=\"indy-block-section has-white-background-color\">\n      <div class=\"indy-block-section-content\">\n\n<p><\/p>\n\n<\/div>\n  <\/section>\n\n<p><\/p>\n","protected":false},"excerpt":{"rendered":"<p>En Suisse, environ 300 r\u00e9fugi\u00e9s tib\u00e9tains ayant re\u00e7u une d\u00e9cision d&rsquo;asile n\u00e9gative vivent en tant que \u00ab\u00a0sans-papiers\u00a0\u00bb. Ils re\u00e7oivent une aide d&rsquo;urgence et vivent dans des abris de fortune. Une demande de cas de rigueur apr\u00e8s cinq ans est pour la plupart la seule possibilit\u00e9 d&rsquo;obtenir un permis de s\u00e9jour. Avec le projet \u00ab\u00a0Parrainage de [&hellip;]<\/p>\n","protected":false},"author":3,"featured_media":0,"parent":0,"menu_order":0,"comment_status":"closed","ping_status":"closed","template":"","meta":{"_acf_changed":false,"inline_featured_image":false,"footnotes":""},"class_list":["post-6590","page","type-page","status-publish","hentry"],"acf":[],"yoast_head":"<!-- This site is optimized with the Yoast SEO plugin v27.3 - https:\/\/yoast.com\/product\/yoast-seo-wordpress\/ -->\n<title>Projet de parrainage - GSTF<\/title>\n<meta name=\"robots\" content=\"index, follow, max-snippet:-1, max-image-preview:large, max-video-preview:-1\" \/>\n<link rel=\"canonical\" href=\"https:\/\/gstf.org\/fr\/projet-de-parrainage\/\" \/>\n<meta property=\"og:locale\" content=\"fr_FR\" \/>\n<meta property=\"og:type\" content=\"article\" \/>\n<meta property=\"og:title\" content=\"Projet de parrainage - GSTF\" \/>\n<meta property=\"og:description\" content=\"En Suisse, environ 300 r\u00e9fugi\u00e9s tib\u00e9tains ayant re\u00e7u une d\u00e9cision d&rsquo;asile n\u00e9gative vivent en tant que \u00ab\u00a0sans-papiers\u00a0\u00bb. Ils re\u00e7oivent une aide d&rsquo;urgence et vivent dans des abris de fortune. Une demande de cas de rigueur apr\u00e8s cinq ans est pour la plupart la seule possibilit\u00e9 d&rsquo;obtenir un permis de s\u00e9jour. Avec le projet \u00ab\u00a0Parrainage de [&hellip;]\" \/>\n<meta property=\"og:url\" content=\"https:\/\/gstf.org\/fr\/projet-de-parrainage\/\" \/>\n<meta property=\"og:site_name\" content=\"GSTF\" \/>\n<meta property=\"article:modified_time\" content=\"2024-11-26T21:19:29+00:00\" \/>\n<meta name=\"twitter:card\" content=\"summary_large_image\" \/>\n<meta name=\"twitter:label1\" content=\"Dur\u00e9e de lecture estim\u00e9e\" \/>\n\t<meta name=\"twitter:data1\" content=\"1 minute\" \/>\n<script type=\"application\/ld+json\" class=\"yoast-schema-graph\">{\"@context\":\"https:\\\/\\\/schema.org\",\"@graph\":[{\"@type\":\"WebPage\",\"@id\":\"https:\\\/\\\/gstf.org\\\/fr\\\/projet-de-parrainage\\\/\",\"url\":\"https:\\\/\\\/gstf.org\\\/fr\\\/projet-de-parrainage\\\/\",\"name\":\"Projet de parrainage - GSTF\",\"isPartOf\":{\"@id\":\"https:\\\/\\\/gstf.org\\\/fr\\\/#website\"},\"datePublished\":\"2024-11-26T16:35:27+00:00\",\"dateModified\":\"2024-11-26T21:19:29+00:00\",\"breadcrumb\":{\"@id\":\"https:\\\/\\\/gstf.org\\\/fr\\\/projet-de-parrainage\\\/#breadcrumb\"},\"inLanguage\":\"fr-FR\",\"potentialAction\":[{\"@type\":\"ReadAction\",\"target\":[\"https:\\\/\\\/gstf.org\\\/fr\\\/projet-de-parrainage\\\/\"]}]},{\"@type\":\"BreadcrumbList\",\"@id\":\"https:\\\/\\\/gstf.org\\\/fr\\\/projet-de-parrainage\\\/#breadcrumb\",\"itemListElement\":[{\"@type\":\"ListItem\",\"position\":1,\"name\":\"Startseite\",\"item\":\"https:\\\/\\\/gstf.org\\\/fr\\\/page-daccueil\\\/\"},{\"@type\":\"ListItem\",\"position\":2,\"name\":\"Projet de parrainage\"}]},{\"@type\":\"WebSite\",\"@id\":\"https:\\\/\\\/gstf.org\\\/fr\\\/#website\",\"url\":\"https:\\\/\\\/gstf.org\\\/fr\\\/\",\"name\":\"GSTF\",\"description\":\"Gesellschaft Schweizerisch-Tibetische Freundschaft\",\"potentialAction\":[{\"@type\":\"SearchAction\",\"target\":{\"@type\":\"EntryPoint\",\"urlTemplate\":\"https:\\\/\\\/gstf.org\\\/fr\\\/?s={search_term_string}\"},\"query-input\":{\"@type\":\"PropertyValueSpecification\",\"valueRequired\":true,\"valueName\":\"search_term_string\"}}],\"inLanguage\":\"fr-FR\"}]}<\/script>\n<!-- \/ Yoast SEO plugin. -->","yoast_head_json":{"title":"Projet de parrainage - GSTF","robots":{"index":"index","follow":"follow","max-snippet":"max-snippet:-1","max-image-preview":"max-image-preview:large","max-video-preview":"max-video-preview:-1"},"canonical":"https:\/\/gstf.org\/fr\/projet-de-parrainage\/","og_locale":"fr_FR","og_type":"article","og_title":"Projet de parrainage - GSTF","og_description":"En Suisse, environ 300 r\u00e9fugi\u00e9s tib\u00e9tains ayant re\u00e7u une d\u00e9cision d&rsquo;asile n\u00e9gative vivent en tant que \u00ab\u00a0sans-papiers\u00a0\u00bb. Ils re\u00e7oivent une aide d&rsquo;urgence et vivent dans des abris de fortune. Une demande de cas de rigueur apr\u00e8s cinq ans est pour la plupart la seule possibilit\u00e9 d&rsquo;obtenir un permis de s\u00e9jour. Avec le projet \u00ab\u00a0Parrainage de [&hellip;]","og_url":"https:\/\/gstf.org\/fr\/projet-de-parrainage\/","og_site_name":"GSTF","article_modified_time":"2024-11-26T21:19:29+00:00","twitter_card":"summary_large_image","twitter_misc":{"Dur\u00e9e de lecture estim\u00e9e":"1 minute"},"schema":{"@context":"https:\/\/schema.org","@graph":[{"@type":"WebPage","@id":"https:\/\/gstf.org\/fr\/projet-de-parrainage\/","url":"https:\/\/gstf.org\/fr\/projet-de-parrainage\/","name":"Projet de parrainage - GSTF","isPartOf":{"@id":"https:\/\/gstf.org\/fr\/#website"},"datePublished":"2024-11-26T16:35:27+00:00","dateModified":"2024-11-26T21:19:29+00:00","breadcrumb":{"@id":"https:\/\/gstf.org\/fr\/projet-de-parrainage\/#breadcrumb"},"inLanguage":"fr-FR","potentialAction":[{"@type":"ReadAction","target":["https:\/\/gstf.org\/fr\/projet-de-parrainage\/"]}]},{"@type":"BreadcrumbList","@id":"https:\/\/gstf.org\/fr\/projet-de-parrainage\/#breadcrumb","itemListElement":[{"@type":"ListItem","position":1,"name":"Startseite","item":"https:\/\/gstf.org\/fr\/page-daccueil\/"},{"@type":"ListItem","position":2,"name":"Projet de parrainage"}]},{"@type":"WebSite","@id":"https:\/\/gstf.org\/fr\/#website","url":"https:\/\/gstf.org\/fr\/","name":"GSTF","description":"Gesellschaft Schweizerisch-Tibetische Freundschaft","potentialAction":[{"@type":"SearchAction","target":{"@type":"EntryPoint","urlTemplate":"https:\/\/gstf.org\/fr\/?s={search_term_string}"},"query-input":{"@type":"PropertyValueSpecification","valueRequired":true,"valueName":"search_term_string"}}],"inLanguage":"fr-FR"}]}},"_links":{"self":[{"href":"https:\/\/gstf.org\/fr\/wp-json\/wp\/v2\/pages\/6590","targetHints":{"allow":["GET"]}}],"collection":[{"href":"https:\/\/gstf.org\/fr\/wp-json\/wp\/v2\/pages"}],"about":[{"href":"https:\/\/gstf.org\/fr\/wp-json\/wp\/v2\/types\/page"}],"author":[{"embeddable":true,"href":"https:\/\/gstf.org\/fr\/wp-json\/wp\/v2\/users\/3"}],"replies":[{"embeddable":true,"href":"https:\/\/gstf.org\/fr\/wp-json\/wp\/v2\/comments?post=6590"}],"version-history":[{"count":1,"href":"https:\/\/gstf.org\/fr\/wp-json\/wp\/v2\/pages\/6590\/revisions"}],"predecessor-version":[{"id":6591,"href":"https:\/\/gstf.org\/fr\/wp-json\/wp\/v2\/pages\/6590\/revisions\/6591"}],"wp:attachment":[{"href":"https:\/\/gstf.org\/fr\/wp-json\/wp\/v2\/media?parent=6590"}],"curies":[{"name":"wp","href":"https:\/\/api.w.org\/{rel}","templated":true}]}}