{"id":6594,"date":"2024-11-26T16:53:32","date_gmt":"2024-11-26T15:53:32","guid":{"rendered":"https:\/\/gstf.site-preview.ch\/le-drapeau-tibetain\/"},"modified":"2024-11-26T22:20:57","modified_gmt":"2024-11-26T21:20:57","slug":"le-drapeau-tibetain","status":"publish","type":"page","link":"https:\/\/gstf.org\/fr\/le-drapeau-tibetain\/","title":{"rendered":"Le drapeau tib\u00e9tain"},"content":{"rendered":"\n<figure class=\"wp-block-image alignright\"><a href=\"http:\/\/tibetfocus.com\/wp-content\/uploads\/2008\/12\/flag.gif\"><img decoding=\"async\" src=\"http:\/\/tibetfocus.com\/wp-content\/uploads\/2008\/12\/flag-300x203.gif\" alt=\"\" class=\"wp-image-1996\" title=\"drapeau\"\/><\/a><\/figure>\n\n<p>Que repr\u00e9sentent les rayons, le soleil et les lions sur le drapeau tib\u00e9tain ?<\/p>\n\n<p>Le drapeau tib\u00e9tain actuel a \u00e9t\u00e9 cr\u00e9\u00e9 sous le 13e dala\u00ef-lama (1876 &#8211; 1933).<\/p>\n\n<p>Vos symboles :<\/p>\n\n<p><strong>Bord dor\u00e9<\/strong><\/p>\n\n<p>La bordure dor\u00e9e sur les trois c\u00f4t\u00e9s (gauche, haut, bas) repr\u00e9sente la diffusion des id\u00e9aux de la doctrine bouddhiste.<\/p>\n\n<p><strong>Rayons<br\/><\/strong><br\/> Les douze rayons rouges ou bleus symbolisent les douze anciennes tribus du Tibet issues des six tribus originelles. Les couleurs rouge et bleue font r\u00e9f\u00e9rence aux deux divinit\u00e9s protectrices du Tibet (Palden Lhamo et Tchamsi).<\/p>\n\n<p><strong>Montagne blanche<\/strong><\/p>\n\n<p>La montagne blanche est le symbole du Tibet, entour\u00e9 de montagnes enneig\u00e9es.<\/p>\n\n<p><strong>Soleil<br\/><\/strong><br\/> Le soleil levant de la libert\u00e9 est synonyme de prosp\u00e9rit\u00e9 et de bonheur pour le pays.<\/p>\n\n<p><strong>Lions des neiges<\/strong><\/p>\n\n<p>Les deux lions des neiges mythiques repr\u00e9sentent la puissance du pouvoir temporel et spirituel.<\/p>\n\n<p><strong>Joyaux enflamm\u00e9s<\/strong><\/p>\n\n<p>Les trois joyaux flamboyants (Norbu) dans les pattes des lions repr\u00e9sentent la v\u00e9n\u00e9ration de ce que l&rsquo;on appelle les \u00ab\u00a0trois joyaux\u00a0\u00bb, c&rsquo;est-\u00e0-dire Bouddha, son enseignement et la communaut\u00e9 de ses disciples.<\/p>\n\n<p><strong>Joyau rond<br\/><\/strong><br\/> Le joyau rond inf\u00e9rieur invite les Tib\u00e9tains \u00e0 toujours respecter les lois.<\/p>\n\n<p>voir aussi <a href=\"https:\/\/tibet.net\/about-tibet\/the-tibetan-national-flag\/\" target=\"_blank\" rel=\"noreferrer noopener\">: https:\/\/tibet.net\/about-tibet\/the-tibetan-national-flag\/<\/a><\/p>\n","protected":false},"excerpt":{"rendered":"<p>Que repr\u00e9sentent les rayons, le soleil et les lions sur le drapeau tib\u00e9tain ? Le drapeau tib\u00e9tain actuel a \u00e9t\u00e9 cr\u00e9\u00e9 sous le 13e dala\u00ef-lama (1876 &#8211; 1933). Vos symboles : Bord dor\u00e9 La bordure dor\u00e9e sur les trois c\u00f4t\u00e9s (gauche, haut, bas) repr\u00e9sente la diffusion des id\u00e9aux de la doctrine bouddhiste. Rayons Les douze [&hellip;]<\/p>\n","protected":false},"author":3,"featured_media":0,"parent":0,"menu_order":0,"comment_status":"closed","ping_status":"closed","template":"","meta":{"_acf_changed":false,"inline_featured_image":false,"footnotes":""},"class_list":["post-6594","page","type-page","status-publish","hentry"],"acf":[],"yoast_head":"<!-- This site is optimized with the Yoast SEO plugin v27.3 - https:\/\/yoast.com\/product\/yoast-seo-wordpress\/ -->\n<title>Le drapeau tib\u00e9tain - GSTF<\/title>\n<meta name=\"robots\" content=\"index, follow, max-snippet:-1, max-image-preview:large, max-video-preview:-1\" \/>\n<link rel=\"canonical\" href=\"https:\/\/gstf.org\/fr\/le-drapeau-tibetain\/\" \/>\n<meta property=\"og:locale\" content=\"fr_FR\" \/>\n<meta property=\"og:type\" content=\"article\" \/>\n<meta property=\"og:title\" content=\"Le drapeau tib\u00e9tain - GSTF\" \/>\n<meta property=\"og:description\" content=\"Que repr\u00e9sentent les rayons, le soleil et les lions sur le drapeau tib\u00e9tain ? Le drapeau tib\u00e9tain actuel a \u00e9t\u00e9 cr\u00e9\u00e9 sous le 13e dala\u00ef-lama (1876 &#8211; 1933). Vos symboles : Bord dor\u00e9 La bordure dor\u00e9e sur les trois c\u00f4t\u00e9s (gauche, haut, bas) repr\u00e9sente la diffusion des id\u00e9aux de la doctrine bouddhiste. Rayons Les douze [&hellip;]\" \/>\n<meta property=\"og:url\" content=\"https:\/\/gstf.org\/fr\/le-drapeau-tibetain\/\" \/>\n<meta property=\"og:site_name\" content=\"GSTF\" \/>\n<meta property=\"article:modified_time\" content=\"2024-11-26T21:20:57+00:00\" \/>\n<meta property=\"og:image\" content=\"http:\/\/tibetfocus.com\/wp-content\/uploads\/2008\/12\/flag-300x203.gif\" \/>\n<meta name=\"twitter:card\" content=\"summary_large_image\" \/>\n<meta name=\"twitter:label1\" content=\"Dur\u00e9e de lecture estim\u00e9e\" \/>\n\t<meta name=\"twitter:data1\" content=\"1 minute\" \/>\n<script type=\"application\/ld+json\" class=\"yoast-schema-graph\">{\"@context\":\"https:\\\/\\\/schema.org\",\"@graph\":[{\"@type\":\"WebPage\",\"@id\":\"https:\\\/\\\/gstf.org\\\/fr\\\/le-drapeau-tibetain\\\/\",\"url\":\"https:\\\/\\\/gstf.org\\\/fr\\\/le-drapeau-tibetain\\\/\",\"name\":\"Le drapeau tib\u00e9tain - GSTF\",\"isPartOf\":{\"@id\":\"https:\\\/\\\/gstf.org\\\/fr\\\/#website\"},\"primaryImageOfPage\":{\"@id\":\"https:\\\/\\\/gstf.org\\\/fr\\\/le-drapeau-tibetain\\\/#primaryimage\"},\"image\":{\"@id\":\"https:\\\/\\\/gstf.org\\\/fr\\\/le-drapeau-tibetain\\\/#primaryimage\"},\"thumbnailUrl\":\"http:\\\/\\\/tibetfocus.com\\\/wp-content\\\/uploads\\\/2008\\\/12\\\/flag-300x203.gif\",\"datePublished\":\"2024-11-26T15:53:32+00:00\",\"dateModified\":\"2024-11-26T21:20:57+00:00\",\"breadcrumb\":{\"@id\":\"https:\\\/\\\/gstf.org\\\/fr\\\/le-drapeau-tibetain\\\/#breadcrumb\"},\"inLanguage\":\"fr-FR\",\"potentialAction\":[{\"@type\":\"ReadAction\",\"target\":[\"https:\\\/\\\/gstf.org\\\/fr\\\/le-drapeau-tibetain\\\/\"]}]},{\"@type\":\"ImageObject\",\"inLanguage\":\"fr-FR\",\"@id\":\"https:\\\/\\\/gstf.org\\\/fr\\\/le-drapeau-tibetain\\\/#primaryimage\",\"url\":\"http:\\\/\\\/tibetfocus.com\\\/wp-content\\\/uploads\\\/2008\\\/12\\\/flag-300x203.gif\",\"contentUrl\":\"http:\\\/\\\/tibetfocus.com\\\/wp-content\\\/uploads\\\/2008\\\/12\\\/flag-300x203.gif\"},{\"@type\":\"BreadcrumbList\",\"@id\":\"https:\\\/\\\/gstf.org\\\/fr\\\/le-drapeau-tibetain\\\/#breadcrumb\",\"itemListElement\":[{\"@type\":\"ListItem\",\"position\":1,\"name\":\"Startseite\",\"item\":\"https:\\\/\\\/gstf.org\\\/fr\\\/page-daccueil\\\/\"},{\"@type\":\"ListItem\",\"position\":2,\"name\":\"Le drapeau tib\u00e9tain\"}]},{\"@type\":\"WebSite\",\"@id\":\"https:\\\/\\\/gstf.org\\\/fr\\\/#website\",\"url\":\"https:\\\/\\\/gstf.org\\\/fr\\\/\",\"name\":\"GSTF\",\"description\":\"Gesellschaft Schweizerisch-Tibetische Freundschaft\",\"potentialAction\":[{\"@type\":\"SearchAction\",\"target\":{\"@type\":\"EntryPoint\",\"urlTemplate\":\"https:\\\/\\\/gstf.org\\\/fr\\\/?s={search_term_string}\"},\"query-input\":{\"@type\":\"PropertyValueSpecification\",\"valueRequired\":true,\"valueName\":\"search_term_string\"}}],\"inLanguage\":\"fr-FR\"}]}<\/script>\n<!-- \/ Yoast SEO plugin. -->","yoast_head_json":{"title":"Le drapeau tib\u00e9tain - GSTF","robots":{"index":"index","follow":"follow","max-snippet":"max-snippet:-1","max-image-preview":"max-image-preview:large","max-video-preview":"max-video-preview:-1"},"canonical":"https:\/\/gstf.org\/fr\/le-drapeau-tibetain\/","og_locale":"fr_FR","og_type":"article","og_title":"Le drapeau tib\u00e9tain - GSTF","og_description":"Que repr\u00e9sentent les rayons, le soleil et les lions sur le drapeau tib\u00e9tain ? Le drapeau tib\u00e9tain actuel a \u00e9t\u00e9 cr\u00e9\u00e9 sous le 13e dala\u00ef-lama (1876 &#8211; 1933). Vos symboles : Bord dor\u00e9 La bordure dor\u00e9e sur les trois c\u00f4t\u00e9s (gauche, haut, bas) repr\u00e9sente la diffusion des id\u00e9aux de la doctrine bouddhiste. Rayons Les douze [&hellip;]","og_url":"https:\/\/gstf.org\/fr\/le-drapeau-tibetain\/","og_site_name":"GSTF","article_modified_time":"2024-11-26T21:20:57+00:00","og_image":[{"url":"http:\/\/tibetfocus.com\/wp-content\/uploads\/2008\/12\/flag-300x203.gif","type":"","width":"","height":""}],"twitter_card":"summary_large_image","twitter_misc":{"Dur\u00e9e de lecture estim\u00e9e":"1 minute"},"schema":{"@context":"https:\/\/schema.org","@graph":[{"@type":"WebPage","@id":"https:\/\/gstf.org\/fr\/le-drapeau-tibetain\/","url":"https:\/\/gstf.org\/fr\/le-drapeau-tibetain\/","name":"Le drapeau tib\u00e9tain - GSTF","isPartOf":{"@id":"https:\/\/gstf.org\/fr\/#website"},"primaryImageOfPage":{"@id":"https:\/\/gstf.org\/fr\/le-drapeau-tibetain\/#primaryimage"},"image":{"@id":"https:\/\/gstf.org\/fr\/le-drapeau-tibetain\/#primaryimage"},"thumbnailUrl":"http:\/\/tibetfocus.com\/wp-content\/uploads\/2008\/12\/flag-300x203.gif","datePublished":"2024-11-26T15:53:32+00:00","dateModified":"2024-11-26T21:20:57+00:00","breadcrumb":{"@id":"https:\/\/gstf.org\/fr\/le-drapeau-tibetain\/#breadcrumb"},"inLanguage":"fr-FR","potentialAction":[{"@type":"ReadAction","target":["https:\/\/gstf.org\/fr\/le-drapeau-tibetain\/"]}]},{"@type":"ImageObject","inLanguage":"fr-FR","@id":"https:\/\/gstf.org\/fr\/le-drapeau-tibetain\/#primaryimage","url":"http:\/\/tibetfocus.com\/wp-content\/uploads\/2008\/12\/flag-300x203.gif","contentUrl":"http:\/\/tibetfocus.com\/wp-content\/uploads\/2008\/12\/flag-300x203.gif"},{"@type":"BreadcrumbList","@id":"https:\/\/gstf.org\/fr\/le-drapeau-tibetain\/#breadcrumb","itemListElement":[{"@type":"ListItem","position":1,"name":"Startseite","item":"https:\/\/gstf.org\/fr\/page-daccueil\/"},{"@type":"ListItem","position":2,"name":"Le drapeau tib\u00e9tain"}]},{"@type":"WebSite","@id":"https:\/\/gstf.org\/fr\/#website","url":"https:\/\/gstf.org\/fr\/","name":"GSTF","description":"Gesellschaft Schweizerisch-Tibetische Freundschaft","potentialAction":[{"@type":"SearchAction","target":{"@type":"EntryPoint","urlTemplate":"https:\/\/gstf.org\/fr\/?s={search_term_string}"},"query-input":{"@type":"PropertyValueSpecification","valueRequired":true,"valueName":"search_term_string"}}],"inLanguage":"fr-FR"}]}},"_links":{"self":[{"href":"https:\/\/gstf.org\/fr\/wp-json\/wp\/v2\/pages\/6594","targetHints":{"allow":["GET"]}}],"collection":[{"href":"https:\/\/gstf.org\/fr\/wp-json\/wp\/v2\/pages"}],"about":[{"href":"https:\/\/gstf.org\/fr\/wp-json\/wp\/v2\/types\/page"}],"author":[{"embeddable":true,"href":"https:\/\/gstf.org\/fr\/wp-json\/wp\/v2\/users\/3"}],"replies":[{"embeddable":true,"href":"https:\/\/gstf.org\/fr\/wp-json\/wp\/v2\/comments?post=6594"}],"version-history":[{"count":1,"href":"https:\/\/gstf.org\/fr\/wp-json\/wp\/v2\/pages\/6594\/revisions"}],"predecessor-version":[{"id":6595,"href":"https:\/\/gstf.org\/fr\/wp-json\/wp\/v2\/pages\/6594\/revisions\/6595"}],"wp:attachment":[{"href":"https:\/\/gstf.org\/fr\/wp-json\/wp\/v2\/media?parent=6594"}],"curies":[{"name":"wp","href":"https:\/\/api.w.org\/{rel}","templated":true}]}}