{"id":6596,"date":"2024-11-26T16:39:27","date_gmt":"2024-11-26T15:39:27","guid":{"rendered":"https:\/\/gstf.site-preview.ch\/montrez-les-couleurs-du-tibet\/"},"modified":"2026-02-06T16:53:40","modified_gmt":"2026-02-06T15:53:40","slug":"montrez-votre-soutien-au-tibet","status":"publish","type":"page","link":"https:\/\/gstf.org\/fr\/montrez-votre-soutien-au-tibet\/","title":{"rendered":"Montrez votre soutien au Tibet"},"content":{"rendered":"\n<p><\/p>\n\n\n\n<p>Le 10 mars, les Tib\u00e9tains comm\u00e9morent le soul\u00e8vement populaire de 1959 \u00e0 Lhassa contre l&rsquo;occupant chinois. Plus de 80 000 Tib\u00e9tains ont perdu la vie \u00e0 cette \u00e9poque.<\/p>\n\n\n\n<p>Depuis 1996, le 10 mars, des centaines de villes et de communes \u00e0 travers l&rsquo;Europe hissent le drapeau national tib\u00e9tain sur leurs mairies ou autres b\u00e2timents publics. Ils rappellent ainsi l&rsquo;occupation ill\u00e9gale du Tibet par la R\u00e9publique populaire de Chine, la r\u00e9pression sanglante du soul\u00e8vement populaire tib\u00e9tain et l&rsquo;injustice dont le peuple tib\u00e9tain est encore victime aujourd&rsquo;hui.<\/p>\n\n\n\n<h3 class=\"wp-block-heading\">Le 10 mars 2026 marquera le 67e anniversaire de cette journ\u00e9e !<\/h3>\n\n\n\n<p>La Chine ne s&rsquo;attaque pas seulement \u00e0 la population opprim\u00e9e du Tibet, mais aussi aux Ou\u00efghours, aux Mongols du Sud, aux pratiquants de Falun Gong et aux Hongkongais. On estime aujourd&rsquo;hui qu&rsquo;il existe en Chine un millier de camps de r\u00e9\u00e9ducation dans lesquels sont enferm\u00e9s entre un million et un million et demi de Ou\u00efghours. Il a \u00e9t\u00e9 rapport\u00e9 que jusqu&rsquo;\u00e0 500 000 Tib\u00e9tains sont intern\u00e9s dans des camps de r\u00e9\u00e9ducation.<\/p>\n\n\n\n<p>Nous vous invitons \u00e0 envoyer un message fort de solidarit\u00e9 avec le Tibet. Un signe que vous honorez la lutte non-violente men\u00e9e par les Tib\u00e9tains depuis des d\u00e9cennies et que vous soutenez le droit l\u00e9gitime du peuple tib\u00e9tain \u00e0 l&rsquo;autod\u00e9termination et \u00e0 la pr\u00e9servation de son identit\u00e9 culturelle et religieuse.<\/p>\n\n\n\n<p><strong>Soutenir le Tibet, c&rsquo;est <em><u>pour<\/u><\/em> la paix, les droits de l&rsquo;homme et le principe de non-violence,<\/strong> <strong>et non <em><u>contre<\/u><\/em> Chine.<\/strong><\/p>\n\n\n\n<p>Vous aussi, vous pouvez faire du 10 mars 2026 une journ\u00e9e de solidarit\u00e9 avec le Tibet et manifester publiquement votre solidarit\u00e9 avec les Tib\u00e9tains en accrochant un drapeau tib\u00e9tain \u00e0 votre fen\u00eatre ou \u00e0 votre balcon, en le publiant sur Facebook ou en le pla\u00e7ant sur votre site web.<\/p>\n\n\n\n<p>N&rsquo;h\u00e9sitez pas \u00e0 nous commander un drapeau tib\u00e9tain ou \u00e0 t\u00e9l\u00e9charger des images ici !<\/p>\n\n\n\n<div style=\"height:100px\" aria-hidden=\"true\" class=\"wp-block-spacer is-style-md\"><\/div>\n\n\n\n<h3 class=\"wp-block-heading\"><strong>Commande de drapeaux<\/strong><\/h3>\n\n\n\n<ul class=\"wp-block-list\">\n<li>Vous pouvez commander des drapeaux du Tibet directement aupr\u00e8s de notre boutique en ligne <a href=\"https:\/\/gstf.org\/shop\/\">SAST.<\/a> <\/li>\n\n\n\n<li>Commande par t\u00e9l\u00e9phone : 044 451 38 38 \/  <\/li>\n\n\n\n<li>Commande par e-mail : <a href=\"mailto:buero@gstf.org\">buero@gstf.org<\/a><\/li>\n<\/ul>\n\n\n\n<div style=\"height:100px\" aria-hidden=\"true\" class=\"wp-block-spacer is-style-md\"><\/div>\n\n\n\n<h3 class=\"wp-block-heading\"><strong>Drapeaux tib\u00e9tains pour Facebook\/Twitter ou sites web<\/strong><\/h3>\n\n\n\n<p><a href=\"https:\/\/gstf.org\/wp-content\/uploads\/photo-gallery\/Ich_zeigge_Flagge_f%C3%BCr_Tibet_Profilbild_1.png?bwg=1611153325\"><\/a><\/p>\n\n\n\n<figure class=\"wp-block-gallery has-nested-images columns-default is-cropped wp-block-gallery-1 is-layout-flex wp-block-gallery-is-layout-flex\">\n<figure class=\"wp-block-image size-large\"><img loading=\"lazy\" decoding=\"async\" width=\"236\" height=\"300\" data-id=\"6535\" src=\"https:\/\/gstf.org\/wp-content\/uploads\/2024\/11\/Wir-zeigen-Flagge_Vorlage_3.jpg\" alt=\"\" class=\"wp-image-6535\"\/><\/figure>\n\n\n\n<figure class=\"wp-block-image size-large\"><img loading=\"lazy\" decoding=\"async\" width=\"300\" height=\"82\" data-id=\"6533\" src=\"https:\/\/gstf.org\/wp-content\/uploads\/2024\/11\/Wir-zeigen-Flagge_Vorlage_2.png\" alt=\"\" class=\"wp-image-6533\"\/><\/figure>\n\n\n\n<figure class=\"wp-block-image size-large\"><img loading=\"lazy\" decoding=\"async\" width=\"1024\" height=\"640\" data-id=\"6531\" src=\"https:\/\/gstf.org\/wp-content\/uploads\/2024\/11\/Wir-zeigen-Flagge_Vorlage_1.jpg\" alt=\"\" class=\"wp-image-6531\" srcset=\"https:\/\/gstf.org\/wp-content\/uploads\/2024\/11\/Wir-zeigen-Flagge_Vorlage_1.jpg 1024w, https:\/\/gstf.org\/wp-content\/uploads\/2024\/11\/Wir-zeigen-Flagge_Vorlage_1-300x188.jpg 300w, https:\/\/gstf.org\/wp-content\/uploads\/2024\/11\/Wir-zeigen-Flagge_Vorlage_1-768x480.jpg 768w\" sizes=\"auto, (max-width: 1024px) 100vw, 1024px\" \/><figcaption class=\"wp-element-caption\">pxc_cha_tibet_fg_08a_kk<\/figcaption><\/figure>\n\n\n\n<figure class=\"wp-block-image size-large\"><img loading=\"lazy\" decoding=\"async\" width=\"300\" height=\"188\" data-id=\"6529\" src=\"https:\/\/gstf.org\/wp-content\/uploads\/2024\/11\/Wir-zeigen-Flagge_Vorlage_1-1.jpg\" alt=\"\" class=\"wp-image-6529\"\/><figcaption class=\"wp-element-caption\">pxc_cha_tibet_fg_08a_kk<\/figcaption><\/figure>\n\n\n\n<figure class=\"wp-block-image size-large\"><img loading=\"lazy\" decoding=\"async\" width=\"300\" height=\"251\" data-id=\"6527\" src=\"https:\/\/gstf.org\/wp-content\/uploads\/2024\/11\/Ich_zeigge_Flagge_fuer_Tibet_Profilbild_1.png\" alt=\"\" class=\"wp-image-6527\"\/><\/figure>\n\n\n\n<figure class=\"wp-block-image size-large\"><img loading=\"lazy\" decoding=\"async\" width=\"300\" height=\"300\" data-id=\"6525\" src=\"https:\/\/gstf.org\/wp-content\/uploads\/2024\/11\/Flaggenkampagne_Profilbild_1.jpg\" alt=\"\" class=\"wp-image-6525\" srcset=\"https:\/\/gstf.org\/wp-content\/uploads\/2024\/11\/Flaggenkampagne_Profilbild_1.jpg 300w, https:\/\/gstf.org\/wp-content\/uploads\/2024\/11\/Flaggenkampagne_Profilbild_1-150x150.jpg 150w\" sizes=\"auto, (max-width: 300px) 100vw, 300px\" \/><\/figure>\n<\/figure>\n\n\n\n<div style=\"height:100px\" aria-hidden=\"true\" class=\"wp-block-spacer is-style-md\"><\/div>\n\n\n\n<div class=\"wp-block-columns is-layout-flex wp-container-core-columns-is-layout-9d6595d7 wp-block-columns-is-layout-flex\">\n<div class=\"wp-block-column is-layout-flow wp-block-column-is-layout-flow\">\n<h3 class=\"wp-block-heading\">Instructions<\/h3>\n\n\n\n<p><a href=\"https:\/\/gstf.org\/wp-content\/uploads\/2024\/11\/Flaggenaktion_Social_Media.pdf\">Posts sur les r\u00e9seaux sociaux<\/a> \/\/<a href=\"https:\/\/gstf.org\/wp-content\/uploads\/2024\/11\/Action_drapeau_court_f_webside.pdf\"> version fran\u00e7aise<\/a><\/p>\n<\/div>\n\n\n\n<div class=\"wp-block-column is-layout-flow wp-block-column-is-layout-flow\">\n<h3 class=\"wp-block-heading\">D\u00e9pliant<\/h3>\n\n\n\n<p><a href=\"https:\/\/gstf.org\/wp-content\/uploads\/2024\/11\/Flagge_Flyer_klein_A6_GzD.pdf\">D\u00e9pliant A6 Drapeau du Tibet<\/a> (carte postale)<\/p>\n\n\n\n<p><a href=\"https:\/\/gstf.org\/wp-content\/uploads\/2024\/11\/Flagge_Flyer_A5_Seite.pdf\">D\u00e9pliant A5<\/a> (une page)<\/p>\n<\/div>\n<\/div>\n\n\n\n<h3 class=\"wp-block-heading\">Mod\u00e8le de lettre pour les drapeaux tib\u00e9tains sur les b\u00e2timents publics<\/h3>\n\n\n\n<p>Le 10 mars, jour anniversaire du soul\u00e8vement populaire des Tib\u00e9tains, les drapeaux tib\u00e9tains seront \u00e9galement hiss\u00e9s sur les b\u00e2timents publics tels que les mairies. Devenez actif pour que, ann\u00e9e apr\u00e8s ann\u00e9e, le nombre de communes participantes augmente !<\/p>\n\n\n\n<p>Nous mettons \u00e0 la disposition des personnes int\u00e9ress\u00e9es un <strong>mod\u00e8le de lettre <\/strong>que vous pouvez envoyer aux communes.<\/p>\n\n\n\n<p>SAST-Lettre (g\u00e9n\u00e9rale) aux communes &#8211; <a href=\"https:\/\/gstf.org\/wp-content\/uploads\/2026\/02\/2026_Anschreiben-an-Gemeinden.pdf\">t\u00e9l\u00e9chargement<\/a><a href=\"https:\/\/gstf.org\/wp-content\/uploads\/2025\/01\/2025_Anschreiben-an-Gemeinden.pdf\"> pdf<\/a> \/\/ <a href=\"https:\/\/gstf.org\/wp-content\/uploads\/2025\/01\/2025_Lettre-aux-communes.docx\">version <\/a><a href=\"https:\/\/gstf.org\/wp-content\/uploads\/2026\/02\/2026_Lettre-aux-communes.pdf\">fran\u00e7aise<\/a><\/p>\n\n\n\n<p>Lettre aux communes pour les particuliers &#8211; <a href=\"https:\/\/gstf.org\/wp-content\/uploads\/2026\/02\/2026_Flagge_Fuer_Tibet_Anschreiben_Privatpersonen.docx\">word <\/a><a href=\"https:\/\/gstf.org\/wp-content\/uploads\/2026\/02\/2026_drapeu-pour-Tibet_Lettre_personnes-privees.docx\">download<\/a> \/\/ <a href=\"https:\/\/gstf.org\/wp-content\/uploads\/2026\/02\/2026_drapeu-pour-Tibet_Lettre_personnes-privees.docx\">version<\/a><a href=\"https:\/\/gstf.org\/wp-content\/uploads\/2025\/01\/2025_drapeu-pour-Tibet_Lettre_personnes-privees.docx\"> fran\u00e7aise<\/a><\/p>\n\n\n\n<div style=\"height:100px\" aria-hidden=\"true\" class=\"wp-block-spacer is-style-md\"><\/div>\n\n\n\n<div class=\"wp-block-buttons is-layout-flex wp-block-buttons-is-layout-flex\">\n<div class=\"wp-block-button\"><a class=\"wp-block-button__link wp-element-button\" href=\"https:\/\/gstf.org\/fr\/le-drapeau-tibetain\/\">En savoir plus sur le drapeau tib\u00e9tain<\/a><\/div>\n\n\n\n<div class=\"wp-block-button\"><a class=\"wp-block-button__link wp-element-button\" href=\"https:\/\/gstf.org\/fr\/contexte-de-laction-du-drapeau\/\">Contexte de l&rsquo;action du drapeau<\/a><\/div>\n<\/div>\n\n\n\n<p><\/p>\n","protected":false},"excerpt":{"rendered":"<p>Le 10 mars, les Tib\u00e9tains comm\u00e9morent le soul\u00e8vement populaire de 1959 \u00e0 Lhassa contre l&rsquo;occupant chinois. Plus de 80 000 Tib\u00e9tains ont perdu la vie \u00e0 cette \u00e9poque. Depuis 1996, le 10 mars, des centaines de villes et de communes \u00e0 travers l&rsquo;Europe hissent le drapeau national tib\u00e9tain sur leurs mairies ou autres b\u00e2timents publics. [&hellip;]<\/p>\n","protected":false},"author":3,"featured_media":7568,"parent":0,"menu_order":0,"comment_status":"closed","ping_status":"closed","template":"","meta":{"_acf_changed":false,"inline_featured_image":false,"footnotes":""},"class_list":["post-6596","page","type-page","status-publish","has-post-thumbnail","hentry"],"acf":[],"yoast_head":"<!-- This site is optimized with the Yoast SEO plugin v27.3 - https:\/\/yoast.com\/product\/yoast-seo-wordpress\/ -->\n<title>Montrez votre soutien au Tibet - GSTF<\/title>\n<meta name=\"robots\" content=\"index, follow, max-snippet:-1, max-image-preview:large, max-video-preview:-1\" \/>\n<link rel=\"canonical\" href=\"https:\/\/gstf.org\/fr\/montrez-votre-soutien-au-tibet\/\" \/>\n<meta property=\"og:locale\" content=\"fr_FR\" \/>\n<meta property=\"og:type\" content=\"article\" \/>\n<meta property=\"og:title\" content=\"Montrez votre soutien au Tibet - GSTF\" \/>\n<meta property=\"og:description\" content=\"Le 10 mars, les Tib\u00e9tains comm\u00e9morent le soul\u00e8vement populaire de 1959 \u00e0 Lhassa contre l&rsquo;occupant chinois. Plus de 80 000 Tib\u00e9tains ont perdu la vie \u00e0 cette \u00e9poque. Depuis 1996, le 10 mars, des centaines de villes et de communes \u00e0 travers l&rsquo;Europe hissent le drapeau national tib\u00e9tain sur leurs mairies ou autres b\u00e2timents publics. [&hellip;]\" \/>\n<meta property=\"og:url\" content=\"https:\/\/gstf.org\/fr\/montrez-votre-soutien-au-tibet\/\" \/>\n<meta property=\"og:site_name\" content=\"GSTF\" \/>\n<meta property=\"article:modified_time\" content=\"2026-02-06T15:53:40+00:00\" \/>\n<meta property=\"og:image\" content=\"https:\/\/gstf.org\/wp-content\/uploads\/2025\/02\/10Maerz2024_1_Aufruf_cut.jpg\" \/>\n\t<meta property=\"og:image:width\" content=\"1414\" \/>\n\t<meta property=\"og:image:height\" content=\"939\" \/>\n\t<meta property=\"og:image:type\" content=\"image\/jpeg\" \/>\n<meta name=\"twitter:card\" content=\"summary_large_image\" \/>\n<meta name=\"twitter:label1\" content=\"Dur\u00e9e de lecture estim\u00e9e\" \/>\n\t<meta name=\"twitter:data1\" content=\"4 minutes\" \/>\n<script type=\"application\/ld+json\" class=\"yoast-schema-graph\">{\"@context\":\"https:\\\/\\\/schema.org\",\"@graph\":[{\"@type\":\"WebPage\",\"@id\":\"https:\\\/\\\/gstf.org\\\/fr\\\/montrez-votre-soutien-au-tibet\\\/\",\"url\":\"https:\\\/\\\/gstf.org\\\/fr\\\/montrez-votre-soutien-au-tibet\\\/\",\"name\":\"Montrez votre soutien au Tibet - GSTF\",\"isPartOf\":{\"@id\":\"https:\\\/\\\/gstf.org\\\/fr\\\/#website\"},\"primaryImageOfPage\":{\"@id\":\"https:\\\/\\\/gstf.org\\\/fr\\\/montrez-votre-soutien-au-tibet\\\/#primaryimage\"},\"image\":{\"@id\":\"https:\\\/\\\/gstf.org\\\/fr\\\/montrez-votre-soutien-au-tibet\\\/#primaryimage\"},\"thumbnailUrl\":\"https:\\\/\\\/gstf.org\\\/wp-content\\\/uploads\\\/2025\\\/02\\\/10Maerz2024_1_Aufruf_cut.jpg\",\"datePublished\":\"2024-11-26T15:39:27+00:00\",\"dateModified\":\"2026-02-06T15:53:40+00:00\",\"breadcrumb\":{\"@id\":\"https:\\\/\\\/gstf.org\\\/fr\\\/montrez-votre-soutien-au-tibet\\\/#breadcrumb\"},\"inLanguage\":\"fr-FR\",\"potentialAction\":[{\"@type\":\"ReadAction\",\"target\":[\"https:\\\/\\\/gstf.org\\\/fr\\\/montrez-votre-soutien-au-tibet\\\/\"]}]},{\"@type\":\"ImageObject\",\"inLanguage\":\"fr-FR\",\"@id\":\"https:\\\/\\\/gstf.org\\\/fr\\\/montrez-votre-soutien-au-tibet\\\/#primaryimage\",\"url\":\"https:\\\/\\\/gstf.org\\\/wp-content\\\/uploads\\\/2025\\\/02\\\/10Maerz2024_1_Aufruf_cut.jpg\",\"contentUrl\":\"https:\\\/\\\/gstf.org\\\/wp-content\\\/uploads\\\/2025\\\/02\\\/10Maerz2024_1_Aufruf_cut.jpg\",\"width\":1414,\"height\":939,\"caption\":\"Aufruf 10M\u00e4rz Flyer - 1\"},{\"@type\":\"BreadcrumbList\",\"@id\":\"https:\\\/\\\/gstf.org\\\/fr\\\/montrez-votre-soutien-au-tibet\\\/#breadcrumb\",\"itemListElement\":[{\"@type\":\"ListItem\",\"position\":1,\"name\":\"Startseite\",\"item\":\"https:\\\/\\\/gstf.org\\\/fr\\\/page-daccueil\\\/\"},{\"@type\":\"ListItem\",\"position\":2,\"name\":\"Montrez votre soutien au Tibet\"}]},{\"@type\":\"WebSite\",\"@id\":\"https:\\\/\\\/gstf.org\\\/fr\\\/#website\",\"url\":\"https:\\\/\\\/gstf.org\\\/fr\\\/\",\"name\":\"GSTF\",\"description\":\"Gesellschaft Schweizerisch-Tibetische Freundschaft\",\"potentialAction\":[{\"@type\":\"SearchAction\",\"target\":{\"@type\":\"EntryPoint\",\"urlTemplate\":\"https:\\\/\\\/gstf.org\\\/fr\\\/?s={search_term_string}\"},\"query-input\":{\"@type\":\"PropertyValueSpecification\",\"valueRequired\":true,\"valueName\":\"search_term_string\"}}],\"inLanguage\":\"fr-FR\"}]}<\/script>\n<!-- \/ Yoast SEO plugin. -->","yoast_head_json":{"title":"Montrez votre soutien au Tibet - GSTF","robots":{"index":"index","follow":"follow","max-snippet":"max-snippet:-1","max-image-preview":"max-image-preview:large","max-video-preview":"max-video-preview:-1"},"canonical":"https:\/\/gstf.org\/fr\/montrez-votre-soutien-au-tibet\/","og_locale":"fr_FR","og_type":"article","og_title":"Montrez votre soutien au Tibet - GSTF","og_description":"Le 10 mars, les Tib\u00e9tains comm\u00e9morent le soul\u00e8vement populaire de 1959 \u00e0 Lhassa contre l&rsquo;occupant chinois. Plus de 80 000 Tib\u00e9tains ont perdu la vie \u00e0 cette \u00e9poque. Depuis 1996, le 10 mars, des centaines de villes et de communes \u00e0 travers l&rsquo;Europe hissent le drapeau national tib\u00e9tain sur leurs mairies ou autres b\u00e2timents publics. [&hellip;]","og_url":"https:\/\/gstf.org\/fr\/montrez-votre-soutien-au-tibet\/","og_site_name":"GSTF","article_modified_time":"2026-02-06T15:53:40+00:00","og_image":[{"width":1414,"height":939,"url":"https:\/\/gstf.org\/wp-content\/uploads\/2025\/02\/10Maerz2024_1_Aufruf_cut.jpg","type":"image\/jpeg"}],"twitter_card":"summary_large_image","twitter_misc":{"Dur\u00e9e de lecture estim\u00e9e":"4 minutes"},"schema":{"@context":"https:\/\/schema.org","@graph":[{"@type":"WebPage","@id":"https:\/\/gstf.org\/fr\/montrez-votre-soutien-au-tibet\/","url":"https:\/\/gstf.org\/fr\/montrez-votre-soutien-au-tibet\/","name":"Montrez votre soutien au Tibet - GSTF","isPartOf":{"@id":"https:\/\/gstf.org\/fr\/#website"},"primaryImageOfPage":{"@id":"https:\/\/gstf.org\/fr\/montrez-votre-soutien-au-tibet\/#primaryimage"},"image":{"@id":"https:\/\/gstf.org\/fr\/montrez-votre-soutien-au-tibet\/#primaryimage"},"thumbnailUrl":"https:\/\/gstf.org\/wp-content\/uploads\/2025\/02\/10Maerz2024_1_Aufruf_cut.jpg","datePublished":"2024-11-26T15:39:27+00:00","dateModified":"2026-02-06T15:53:40+00:00","breadcrumb":{"@id":"https:\/\/gstf.org\/fr\/montrez-votre-soutien-au-tibet\/#breadcrumb"},"inLanguage":"fr-FR","potentialAction":[{"@type":"ReadAction","target":["https:\/\/gstf.org\/fr\/montrez-votre-soutien-au-tibet\/"]}]},{"@type":"ImageObject","inLanguage":"fr-FR","@id":"https:\/\/gstf.org\/fr\/montrez-votre-soutien-au-tibet\/#primaryimage","url":"https:\/\/gstf.org\/wp-content\/uploads\/2025\/02\/10Maerz2024_1_Aufruf_cut.jpg","contentUrl":"https:\/\/gstf.org\/wp-content\/uploads\/2025\/02\/10Maerz2024_1_Aufruf_cut.jpg","width":1414,"height":939,"caption":"Aufruf 10M\u00e4rz Flyer - 1"},{"@type":"BreadcrumbList","@id":"https:\/\/gstf.org\/fr\/montrez-votre-soutien-au-tibet\/#breadcrumb","itemListElement":[{"@type":"ListItem","position":1,"name":"Startseite","item":"https:\/\/gstf.org\/fr\/page-daccueil\/"},{"@type":"ListItem","position":2,"name":"Montrez votre soutien au Tibet"}]},{"@type":"WebSite","@id":"https:\/\/gstf.org\/fr\/#website","url":"https:\/\/gstf.org\/fr\/","name":"GSTF","description":"Gesellschaft Schweizerisch-Tibetische Freundschaft","potentialAction":[{"@type":"SearchAction","target":{"@type":"EntryPoint","urlTemplate":"https:\/\/gstf.org\/fr\/?s={search_term_string}"},"query-input":{"@type":"PropertyValueSpecification","valueRequired":true,"valueName":"search_term_string"}}],"inLanguage":"fr-FR"}]}},"_links":{"self":[{"href":"https:\/\/gstf.org\/fr\/wp-json\/wp\/v2\/pages\/6596","targetHints":{"allow":["GET"]}}],"collection":[{"href":"https:\/\/gstf.org\/fr\/wp-json\/wp\/v2\/pages"}],"about":[{"href":"https:\/\/gstf.org\/fr\/wp-json\/wp\/v2\/types\/page"}],"author":[{"embeddable":true,"href":"https:\/\/gstf.org\/fr\/wp-json\/wp\/v2\/users\/3"}],"replies":[{"embeddable":true,"href":"https:\/\/gstf.org\/fr\/wp-json\/wp\/v2\/comments?post=6596"}],"version-history":[{"count":7,"href":"https:\/\/gstf.org\/fr\/wp-json\/wp\/v2\/pages\/6596\/revisions"}],"predecessor-version":[{"id":9001,"href":"https:\/\/gstf.org\/fr\/wp-json\/wp\/v2\/pages\/6596\/revisions\/9001"}],"wp:featuredmedia":[{"embeddable":true,"href":"https:\/\/gstf.org\/fr\/wp-json\/wp\/v2\/media\/7568"}],"wp:attachment":[{"href":"https:\/\/gstf.org\/fr\/wp-json\/wp\/v2\/media?parent=6596"}],"curies":[{"name":"wp","href":"https:\/\/api.w.org\/{rel}","templated":true}]}}