{"id":6598,"date":"2024-11-22T11:55:05","date_gmt":"2024-11-22T10:55:05","guid":{"rendered":"https:\/\/gstf.site-preview.ch\/tibetfocus-references-bibliographiques\/"},"modified":"2025-06-16T14:45:15","modified_gmt":"2025-06-16T12:45:15","slug":"tibetfocus-references-bibliographiques","status":"publish","type":"page","link":"https:\/\/gstf.org\/fr\/tibetfocus-references-bibliographiques\/","title":{"rendered":"tibetfocus &#8211; Page de service et R\u00e9f\u00e9rences bibliographiques"},"content":{"rendered":"\n<h2 class=\"wp-block-heading\"><strong>tibetfocus 168 \/ 169 <strong>double \u00e9dition<\/strong><\/strong><\/h2>\n\n\n<section class=\"indy-block-section has-white-background-color\">\n      <div class=\"indy-block-section-content\">\n\n<p><strong>Une histoire de montagne \u00e0 montagne<\/strong> S 44\/2 &#8211; S\/44\/5<\/p>\n\n\n\n<p>Sources :<\/p>\n\n\n\n<p>\u2212 Albert Matzinger, Die Anf\u00e4nge der schweizerischen Entwicklungshilfe 1948-1961 (Les d\u00e9buts de l&rsquo;aide suisse au d\u00e9veloppement 1948-1961). Th\u00e8se de la Facult\u00e9 des lettres de l&rsquo;Universit\u00e9 de Zurich, \u00e9ditions Paul Haupt Bern<\/p>\n\n\n\n<p>\u2212 Toni Hagen, Building bridges to the third world, \u00e9ditions Book Faith India.<\/p>\n\n\n\n<p>\u2212 Bitter, Sabine\/ Nad-Abonji, Nathalie (2018). Tibetische Kinder f\u00fcr Schweizer Familien. Die Aktion Aeschimann. Zurich : Rotpunktverlag.<\/p>\n\n\n\n<p>\u2212 Lindegger, Peter (2000). 40 Jahre Tibeter in der Schweiz. Versuch einer ersten Bestandsaufnahme f\u00fcr die Jahre zwischen 1960 und 2000. (29). Travaux de l&rsquo;Institut tib\u00e9tain de Rikon. Zurich. Obscula Tibetana. Zurich : Tibet Institut Rikon<\/p>\n\n\n\n<p>\u2212 Luana Lady, Tibet sans un XVe Dala\u00ef-Lama ? Lit Verlag Dr. W. Hopf Berlin, 2013.<\/p>\n\n\n\n<p>\u2212 Blog : www.nationalmuseum.ch\/2022\/08\/dalai-lama-und-die-schweiz<\/p>\n\n\n\n<p>\u2212 Aufschnaiter, Peter (\u00e9d. Martin Brauen) (sans date) : Sein Leben in Tibet. Zurich : Mus\u00e9e ethnographique de l&rsquo;Universit\u00e9 de Zurich.<\/p>\n\n\n\n<p>\u2212 Entretien avec Maya Graf par e-mail en mai 2025.<\/p>\n\n\n\n<p>\u2212 Lady, Luana (2013) : Tibet ohne einen XV. Dalai Lama ? Berlin : Lit Verlag Dr. W. Hopf.<\/p>\n\n\n\n<p>\u2212 Matzinger, Albert (sans date) : Die Anf\u00e4nge der schweizerischen Entwicklungshilfe 1948\u20131961. Th\u00e8se de doctorat de la Facult\u00e9 des lettres de l&rsquo;Universit\u00e9 de Zurich. Berne : Paul Haupt Verlag.<\/p>\n\n\n\n<p>\u2212 Croix-Rouge suisse (1984) : La Croix-Rouge suisse, vol. 93.<\/p>\n\n\n\n<p>\u2212 Mus\u00e9e national suisse (2022) : Le Dala\u00ef-Lama et la Suisse. Dans : Blog du Mus\u00e9e national suisse, www.nationalmuseum.ch\/2022\/08\/dalai-lama-und-die-schweiz<\/p>\n\n\n\n<p><\/p>\n\n\n\n<h3 class=\"wp-block-heading\">tibetfocus 167<\/h3>\n\n\n\n<p><a href=\"https:\/\/gstf.org\/wp-content\/uploads\/2025\/03\/GSTF_tf167_3-25_WoH-Review.pdf\">Wisdom of Happiness &#8211; Film Review von Eric Thierstein<\/a><\/p>\n\n\n\n<p><\/p>\n\n\n\n<h3 class=\"wp-block-heading\">tibetfocus 164 &#8211; Entretien avec le Dr Gyal Lo<\/h3>\n\n\n\n<p><a href=\"https:\/\/gstf.org\/wp-content\/uploads\/2024\/11\/GSTF_tf164_6-24_InterviewGyaLo.pdf\" data-type=\"attachment\" data-id=\"5317\">T\u00e9l\u00e9charger l&rsquo;interview compl\u00e8te<\/a><\/p>\n\n\n\n<p><\/p>\n\n<\/div>\n  <\/section>\n","protected":false},"excerpt":{"rendered":"<p>tibetfocus 168 \/ 169 double \u00e9dition<\/p>\n","protected":false},"author":1,"featured_media":0,"parent":0,"menu_order":0,"comment_status":"closed","ping_status":"closed","template":"","meta":{"_acf_changed":false,"inline_featured_image":false,"footnotes":""},"class_list":["post-6598","page","type-page","status-publish","hentry"],"acf":[],"yoast_head":"<!-- This site is optimized with the Yoast SEO plugin v27.3 - https:\/\/yoast.com\/product\/yoast-seo-wordpress\/ -->\n<title>tibetfocus - Page de service et R\u00e9f\u00e9rences bibliographiques - GSTF<\/title>\n<meta name=\"robots\" content=\"index, follow, max-snippet:-1, max-image-preview:large, max-video-preview:-1\" \/>\n<link rel=\"canonical\" href=\"https:\/\/gstf.org\/fr\/tibetfocus-references-bibliographiques\/\" \/>\n<meta property=\"og:locale\" content=\"fr_FR\" \/>\n<meta property=\"og:type\" content=\"article\" \/>\n<meta property=\"og:title\" content=\"tibetfocus - Page de service et R\u00e9f\u00e9rences bibliographiques - GSTF\" \/>\n<meta property=\"og:description\" content=\"tibetfocus 168 \/ 169 double \u00e9dition\" \/>\n<meta property=\"og:url\" content=\"https:\/\/gstf.org\/fr\/tibetfocus-references-bibliographiques\/\" \/>\n<meta property=\"og:site_name\" content=\"GSTF\" \/>\n<meta property=\"article:modified_time\" content=\"2025-06-16T12:45:15+00:00\" \/>\n<meta name=\"twitter:card\" content=\"summary_large_image\" \/>\n<meta name=\"twitter:label1\" content=\"Dur\u00e9e de lecture estim\u00e9e\" \/>\n\t<meta name=\"twitter:data1\" content=\"2 minutes\" \/>\n<script type=\"application\/ld+json\" class=\"yoast-schema-graph\">{\"@context\":\"https:\\\/\\\/schema.org\",\"@graph\":[{\"@type\":\"WebPage\",\"@id\":\"https:\\\/\\\/gstf.org\\\/fr\\\/tibetfocus-references-bibliographiques\\\/\",\"url\":\"https:\\\/\\\/gstf.org\\\/fr\\\/tibetfocus-references-bibliographiques\\\/\",\"name\":\"tibetfocus - Page de service et R\u00e9f\u00e9rences bibliographiques - GSTF\",\"isPartOf\":{\"@id\":\"https:\\\/\\\/gstf.org\\\/fr\\\/#website\"},\"datePublished\":\"2024-11-22T10:55:05+00:00\",\"dateModified\":\"2025-06-16T12:45:15+00:00\",\"breadcrumb\":{\"@id\":\"https:\\\/\\\/gstf.org\\\/fr\\\/tibetfocus-references-bibliographiques\\\/#breadcrumb\"},\"inLanguage\":\"fr-FR\",\"potentialAction\":[{\"@type\":\"ReadAction\",\"target\":[\"https:\\\/\\\/gstf.org\\\/fr\\\/tibetfocus-references-bibliographiques\\\/\"]}]},{\"@type\":\"BreadcrumbList\",\"@id\":\"https:\\\/\\\/gstf.org\\\/fr\\\/tibetfocus-references-bibliographiques\\\/#breadcrumb\",\"itemListElement\":[{\"@type\":\"ListItem\",\"position\":1,\"name\":\"Startseite\",\"item\":\"https:\\\/\\\/gstf.org\\\/fr\\\/page-daccueil\\\/\"},{\"@type\":\"ListItem\",\"position\":2,\"name\":\"tibetfocus &#8211; Page de service et R\u00e9f\u00e9rences bibliographiques\"}]},{\"@type\":\"WebSite\",\"@id\":\"https:\\\/\\\/gstf.org\\\/fr\\\/#website\",\"url\":\"https:\\\/\\\/gstf.org\\\/fr\\\/\",\"name\":\"GSTF\",\"description\":\"Gesellschaft Schweizerisch-Tibetische Freundschaft\",\"potentialAction\":[{\"@type\":\"SearchAction\",\"target\":{\"@type\":\"EntryPoint\",\"urlTemplate\":\"https:\\\/\\\/gstf.org\\\/fr\\\/?s={search_term_string}\"},\"query-input\":{\"@type\":\"PropertyValueSpecification\",\"valueRequired\":true,\"valueName\":\"search_term_string\"}}],\"inLanguage\":\"fr-FR\"}]}<\/script>\n<!-- \/ Yoast SEO plugin. -->","yoast_head_json":{"title":"tibetfocus - Page de service et R\u00e9f\u00e9rences bibliographiques - GSTF","robots":{"index":"index","follow":"follow","max-snippet":"max-snippet:-1","max-image-preview":"max-image-preview:large","max-video-preview":"max-video-preview:-1"},"canonical":"https:\/\/gstf.org\/fr\/tibetfocus-references-bibliographiques\/","og_locale":"fr_FR","og_type":"article","og_title":"tibetfocus - Page de service et R\u00e9f\u00e9rences bibliographiques - GSTF","og_description":"tibetfocus 168 \/ 169 double \u00e9dition","og_url":"https:\/\/gstf.org\/fr\/tibetfocus-references-bibliographiques\/","og_site_name":"GSTF","article_modified_time":"2025-06-16T12:45:15+00:00","twitter_card":"summary_large_image","twitter_misc":{"Dur\u00e9e de lecture estim\u00e9e":"2 minutes"},"schema":{"@context":"https:\/\/schema.org","@graph":[{"@type":"WebPage","@id":"https:\/\/gstf.org\/fr\/tibetfocus-references-bibliographiques\/","url":"https:\/\/gstf.org\/fr\/tibetfocus-references-bibliographiques\/","name":"tibetfocus - Page de service et R\u00e9f\u00e9rences bibliographiques - GSTF","isPartOf":{"@id":"https:\/\/gstf.org\/fr\/#website"},"datePublished":"2024-11-22T10:55:05+00:00","dateModified":"2025-06-16T12:45:15+00:00","breadcrumb":{"@id":"https:\/\/gstf.org\/fr\/tibetfocus-references-bibliographiques\/#breadcrumb"},"inLanguage":"fr-FR","potentialAction":[{"@type":"ReadAction","target":["https:\/\/gstf.org\/fr\/tibetfocus-references-bibliographiques\/"]}]},{"@type":"BreadcrumbList","@id":"https:\/\/gstf.org\/fr\/tibetfocus-references-bibliographiques\/#breadcrumb","itemListElement":[{"@type":"ListItem","position":1,"name":"Startseite","item":"https:\/\/gstf.org\/fr\/page-daccueil\/"},{"@type":"ListItem","position":2,"name":"tibetfocus &#8211; Page de service et R\u00e9f\u00e9rences bibliographiques"}]},{"@type":"WebSite","@id":"https:\/\/gstf.org\/fr\/#website","url":"https:\/\/gstf.org\/fr\/","name":"GSTF","description":"Gesellschaft Schweizerisch-Tibetische Freundschaft","potentialAction":[{"@type":"SearchAction","target":{"@type":"EntryPoint","urlTemplate":"https:\/\/gstf.org\/fr\/?s={search_term_string}"},"query-input":{"@type":"PropertyValueSpecification","valueRequired":true,"valueName":"search_term_string"}}],"inLanguage":"fr-FR"}]}},"_links":{"self":[{"href":"https:\/\/gstf.org\/fr\/wp-json\/wp\/v2\/pages\/6598","targetHints":{"allow":["GET"]}}],"collection":[{"href":"https:\/\/gstf.org\/fr\/wp-json\/wp\/v2\/pages"}],"about":[{"href":"https:\/\/gstf.org\/fr\/wp-json\/wp\/v2\/types\/page"}],"author":[{"embeddable":true,"href":"https:\/\/gstf.org\/fr\/wp-json\/wp\/v2\/users\/1"}],"replies":[{"embeddable":true,"href":"https:\/\/gstf.org\/fr\/wp-json\/wp\/v2\/comments?post=6598"}],"version-history":[{"count":4,"href":"https:\/\/gstf.org\/fr\/wp-json\/wp\/v2\/pages\/6598\/revisions"}],"predecessor-version":[{"id":8257,"href":"https:\/\/gstf.org\/fr\/wp-json\/wp\/v2\/pages\/6598\/revisions\/8257"}],"wp:attachment":[{"href":"https:\/\/gstf.org\/fr\/wp-json\/wp\/v2\/media?parent=6598"}],"curies":[{"name":"wp","href":"https:\/\/api.w.org\/{rel}","templated":true}]}}