{"id":6602,"date":"2024-11-19T16:49:53","date_gmt":"2024-11-19T15:49:53","guid":{"rendered":"https:\/\/gstf.site-preview.ch\/en-savoir-plus-sur-la-sast\/"},"modified":"2024-11-26T22:23:12","modified_gmt":"2024-11-26T21:23:12","slug":"en-savoir-plus-sur-la-sast","status":"publish","type":"page","link":"https:\/\/gstf.org\/fr\/en-savoir-plus-sur-la-sast\/","title":{"rendered":"En savoir plus sur la SAST"},"content":{"rendered":"<section class=\"indy-block-section has-white-background-color\">\n      <div class=\"indy-block-section-content\">\n\n<p><strong>La Soci\u00e9t\u00e9 d&rsquo;amiti\u00e9 Suisse-Tibet (SAST) est la plus grande organisation suisse qui s&rsquo;engage depuis 1983 pour la culture tib\u00e9taine et l&rsquo;autod\u00e9termination du peuple tib\u00e9tain. Gr\u00e2ce \u00e0 un large r\u00e9seau, \u00e0 un engagement politique et \u00e0 des projets culturels, nous encourageons la sensibilisation au Tibet et cr\u00e9ons des espaces d&rsquo;\u00e9change et de coop\u00e9ration.<br\/><\/strong><\/p>\n\n\n\n<p>Depuis 1983, la Soci\u00e9t\u00e9 d&rsquo;amiti\u00e9 Suisse-Tibet (SAST) est le point de contact central en Suisse pour les personnes qui s&rsquo;engagent pour la culture, l&rsquo;histoire et l&rsquo;autod\u00e9termination du peuple tib\u00e9tain. En tant que plus grande organisation suisse de soutien aux Tib\u00e9tains, nous nous engageons activement pour la cause tib\u00e9taine et nous nous effor\u00e7ons de pr\u00e9server les valeurs et les traditions uniques du Tibet et de faire entendre la voix du peuple tib\u00e9tain.<\/p>\n\n\n\n<p>Avec une communaut\u00e9 engag\u00e9e d&rsquo;environ 1 500 membres, des groupes r\u00e9gionaux actifs et de nombreux soutiens, nous poursuivons une vision claire : attirer l&rsquo;attention sur les violations des droits de l&rsquo;homme au Tibet par le biais de nos \u00e9v\u00e9nements, publications et campagnes, renforcer la sensibilisation \u00e0 la culture tib\u00e9taine et soutenir la vie des communaut\u00e9s tib\u00e9taines en exil. Nous fournissons en Suisse des informations compl\u00e8tes sur la situation au Tibet et cr\u00e9ons des espaces de rencontre pr\u00e9cieux qui favorisent les \u00e9changes entre les Suisses et les Tib\u00e9tains. Nos \u00e9v\u00e9nements culturels, nos projets et notre soutien financier encouragent l&rsquo;identit\u00e9 tib\u00e9taine vivante et contribuent \u00e0 sa pr\u00e9servation.<\/p>\n\n\n\n<h3 class=\"wp-block-heading\"><strong>Engagement politique<\/strong><\/h3>\n\n\n\n<p>Le site SAST s&rsquo;engage activement en faveur du Tibet, y compris au niveau politique. En \u00e9troite collaboration avec le groupe d&rsquo;amiti\u00e9 parlementaire pour le Tibet du Parlement suisse, nous nous engageons \u00e0 d\u00e9fendre les int\u00e9r\u00eats des Tib\u00e9tains dans la politique suisse. Ensemble, nous promouvons des campagnes politiques qui attirent l&rsquo;attention sur la situation des droits de l&rsquo;homme au Tibet et donnent un poids politique \u00e0 la cause tib\u00e9taine.<\/p>\n\n\n\n<p><strong>Nos principaux objectifs et activit\u00e9s comprennent<\/strong><\/p>\n\n\n\n<ul class=\"wp-block-list\">\n<li><strong>Relations publiques et offres de formation<\/strong>: Nous informons la population suisse sur la situation au Tibet et encourageons la compr\u00e9hension des pr\u00e9occupations des Tib\u00e9tains. Nos \u00e9v\u00e9nements offrent des plateformes d&rsquo;\u00e9change et des perspectives approfondies.<\/li>\n\n\n\n<li><strong>Promotion de la culture tib\u00e9taine<\/strong>: nous soutenons l&rsquo;h\u00e9ritage et la culture vivante de la communaut\u00e9 tib\u00e9taine en Suisse par des \u00e9v\u00e9nements culturels, des projets et des dons.<\/li>\n\n\n\n<li><strong>Coop\u00e9ration et mise en r\u00e9seau<\/strong>: en travaillant en partenariat avec d&rsquo;autres organisations, nous construisons un r\u00e9seau solide qui soutient les causes tib\u00e9taines et renforce durablement la sensibilisation au Tibet.<\/li>\n<\/ul>\n\n\n\n<p>Consultez \u00e9galement les <a href=\"https:\/\/gstf.org\/fr\/documents-de-lassociation\/\" target=\"_blank\" rel=\"noreferrer noopener\">documents de notre association<\/a> pour en savoir plus sur nos objectifs et notre engagement.  <\/p>\n\n\n\n<p><\/p>\n\n\n\n<h3 class=\"wp-block-heading\"><strong>Participez !<\/strong><\/h3>\n\n\n\n<p>Si vous souhaitez vous engager en faveur des droits de l&rsquo;homme, de la diversit\u00e9 culturelle et d&rsquo;un monde plus juste, vous \u00eates le bienvenu chez nous. Que ce soit en tant que membre actif, supporter ou b\u00e9n\u00e9vole, SAST offre de nombreuses opportunit\u00e9s de s&rsquo;engager pour le Tibet et de rencontrer une communaut\u00e9 engag\u00e9e. Ensemble, nous nous engageons avec c\u0153ur et \u00e9nergie pour un avenir dans lequel la culture et l&rsquo;identit\u00e9 tib\u00e9taines seront pr\u00e9serv\u00e9es. Rejoignez notre communaut\u00e9 et devenez un porteur d&rsquo;espoir pour le Tibet !<\/p>\n\n\n\n<div class=\"wp-block-buttons is-layout-flex wp-block-buttons-is-layout-flex\">\n<div class=\"wp-block-button\"><a class=\"wp-block-button__link wp-element-button\" href=\"https:\/\/gstf.org\/mitglied-werden\/\">Devenir membre<\/a><\/div>\n<\/div>\n\n\n\n<p><\/p>\n\n<\/div>\n  <\/section>\n","protected":false},"excerpt":{"rendered":"","protected":false},"author":3,"featured_media":0,"parent":0,"menu_order":0,"comment_status":"closed","ping_status":"closed","template":"","meta":{"_acf_changed":false,"inline_featured_image":false,"footnotes":""},"class_list":["post-6602","page","type-page","status-publish","hentry"],"acf":[],"yoast_head":"<!-- This site is optimized with the Yoast SEO plugin v27.3 - https:\/\/yoast.com\/product\/yoast-seo-wordpress\/ -->\n<title>En savoir plus sur la SAST - GSTF<\/title>\n<meta name=\"robots\" content=\"index, follow, max-snippet:-1, max-image-preview:large, max-video-preview:-1\" \/>\n<link rel=\"canonical\" href=\"https:\/\/gstf.org\/fr\/en-savoir-plus-sur-la-sast\/\" \/>\n<meta property=\"og:locale\" content=\"fr_FR\" \/>\n<meta property=\"og:type\" content=\"article\" \/>\n<meta property=\"og:title\" content=\"En savoir plus sur la SAST - GSTF\" \/>\n<meta property=\"og:url\" content=\"https:\/\/gstf.org\/fr\/en-savoir-plus-sur-la-sast\/\" \/>\n<meta property=\"og:site_name\" content=\"GSTF\" \/>\n<meta property=\"article:modified_time\" content=\"2024-11-26T21:23:12+00:00\" \/>\n<meta name=\"twitter:card\" content=\"summary_large_image\" \/>\n<meta name=\"twitter:label1\" content=\"Dur\u00e9e de lecture estim\u00e9e\" \/>\n\t<meta name=\"twitter:data1\" content=\"3 minutes\" \/>\n<script type=\"application\/ld+json\" class=\"yoast-schema-graph\">{\"@context\":\"https:\\\/\\\/schema.org\",\"@graph\":[{\"@type\":\"WebPage\",\"@id\":\"https:\\\/\\\/gstf.org\\\/fr\\\/en-savoir-plus-sur-la-sast\\\/\",\"url\":\"https:\\\/\\\/gstf.org\\\/fr\\\/en-savoir-plus-sur-la-sast\\\/\",\"name\":\"En savoir plus sur la SAST - GSTF\",\"isPartOf\":{\"@id\":\"https:\\\/\\\/gstf.org\\\/fr\\\/#website\"},\"datePublished\":\"2024-11-19T15:49:53+00:00\",\"dateModified\":\"2024-11-26T21:23:12+00:00\",\"breadcrumb\":{\"@id\":\"https:\\\/\\\/gstf.org\\\/fr\\\/en-savoir-plus-sur-la-sast\\\/#breadcrumb\"},\"inLanguage\":\"fr-FR\",\"potentialAction\":[{\"@type\":\"ReadAction\",\"target\":[\"https:\\\/\\\/gstf.org\\\/fr\\\/en-savoir-plus-sur-la-sast\\\/\"]}]},{\"@type\":\"BreadcrumbList\",\"@id\":\"https:\\\/\\\/gstf.org\\\/fr\\\/en-savoir-plus-sur-la-sast\\\/#breadcrumb\",\"itemListElement\":[{\"@type\":\"ListItem\",\"position\":1,\"name\":\"Startseite\",\"item\":\"https:\\\/\\\/gstf.org\\\/fr\\\/page-daccueil\\\/\"},{\"@type\":\"ListItem\",\"position\":2,\"name\":\"En savoir plus sur la SAST\"}]},{\"@type\":\"WebSite\",\"@id\":\"https:\\\/\\\/gstf.org\\\/fr\\\/#website\",\"url\":\"https:\\\/\\\/gstf.org\\\/fr\\\/\",\"name\":\"GSTF\",\"description\":\"Gesellschaft Schweizerisch-Tibetische Freundschaft\",\"potentialAction\":[{\"@type\":\"SearchAction\",\"target\":{\"@type\":\"EntryPoint\",\"urlTemplate\":\"https:\\\/\\\/gstf.org\\\/fr\\\/?s={search_term_string}\"},\"query-input\":{\"@type\":\"PropertyValueSpecification\",\"valueRequired\":true,\"valueName\":\"search_term_string\"}}],\"inLanguage\":\"fr-FR\"}]}<\/script>\n<!-- \/ Yoast SEO plugin. -->","yoast_head_json":{"title":"En savoir plus sur la SAST - GSTF","robots":{"index":"index","follow":"follow","max-snippet":"max-snippet:-1","max-image-preview":"max-image-preview:large","max-video-preview":"max-video-preview:-1"},"canonical":"https:\/\/gstf.org\/fr\/en-savoir-plus-sur-la-sast\/","og_locale":"fr_FR","og_type":"article","og_title":"En savoir plus sur la SAST - GSTF","og_url":"https:\/\/gstf.org\/fr\/en-savoir-plus-sur-la-sast\/","og_site_name":"GSTF","article_modified_time":"2024-11-26T21:23:12+00:00","twitter_card":"summary_large_image","twitter_misc":{"Dur\u00e9e de lecture estim\u00e9e":"3 minutes"},"schema":{"@context":"https:\/\/schema.org","@graph":[{"@type":"WebPage","@id":"https:\/\/gstf.org\/fr\/en-savoir-plus-sur-la-sast\/","url":"https:\/\/gstf.org\/fr\/en-savoir-plus-sur-la-sast\/","name":"En savoir plus sur la SAST - GSTF","isPartOf":{"@id":"https:\/\/gstf.org\/fr\/#website"},"datePublished":"2024-11-19T15:49:53+00:00","dateModified":"2024-11-26T21:23:12+00:00","breadcrumb":{"@id":"https:\/\/gstf.org\/fr\/en-savoir-plus-sur-la-sast\/#breadcrumb"},"inLanguage":"fr-FR","potentialAction":[{"@type":"ReadAction","target":["https:\/\/gstf.org\/fr\/en-savoir-plus-sur-la-sast\/"]}]},{"@type":"BreadcrumbList","@id":"https:\/\/gstf.org\/fr\/en-savoir-plus-sur-la-sast\/#breadcrumb","itemListElement":[{"@type":"ListItem","position":1,"name":"Startseite","item":"https:\/\/gstf.org\/fr\/page-daccueil\/"},{"@type":"ListItem","position":2,"name":"En savoir plus sur la SAST"}]},{"@type":"WebSite","@id":"https:\/\/gstf.org\/fr\/#website","url":"https:\/\/gstf.org\/fr\/","name":"GSTF","description":"Gesellschaft Schweizerisch-Tibetische Freundschaft","potentialAction":[{"@type":"SearchAction","target":{"@type":"EntryPoint","urlTemplate":"https:\/\/gstf.org\/fr\/?s={search_term_string}"},"query-input":{"@type":"PropertyValueSpecification","valueRequired":true,"valueName":"search_term_string"}}],"inLanguage":"fr-FR"}]}},"_links":{"self":[{"href":"https:\/\/gstf.org\/fr\/wp-json\/wp\/v2\/pages\/6602","targetHints":{"allow":["GET"]}}],"collection":[{"href":"https:\/\/gstf.org\/fr\/wp-json\/wp\/v2\/pages"}],"about":[{"href":"https:\/\/gstf.org\/fr\/wp-json\/wp\/v2\/types\/page"}],"author":[{"embeddable":true,"href":"https:\/\/gstf.org\/fr\/wp-json\/wp\/v2\/users\/3"}],"replies":[{"embeddable":true,"href":"https:\/\/gstf.org\/fr\/wp-json\/wp\/v2\/comments?post=6602"}],"version-history":[{"count":1,"href":"https:\/\/gstf.org\/fr\/wp-json\/wp\/v2\/pages\/6602\/revisions"}],"predecessor-version":[{"id":6603,"href":"https:\/\/gstf.org\/fr\/wp-json\/wp\/v2\/pages\/6602\/revisions\/6603"}],"wp:attachment":[{"href":"https:\/\/gstf.org\/fr\/wp-json\/wp\/v2\/media?parent=6602"}],"curies":[{"name":"wp","href":"https:\/\/api.w.org\/{rel}","templated":true}]}}