{"id":6608,"date":"2024-10-31T15:46:38","date_gmt":"2024-10-31T14:46:38","guid":{"rendered":"https:\/\/gstf.site-preview.ch\/bulletin-de-la-societe-damitie-helvetico-tibetaine-section-romande\/"},"modified":"2026-03-06T09:06:03","modified_gmt":"2026-03-06T08:06:03","slug":"bulletin-de-la-societe-damitie-suisse-tibetaine-section-romande","status":"publish","type":"page","link":"https:\/\/gstf.org\/fr\/bulletin-de-la-societe-damitie-suisse-tibetaine-section-romande\/","title":{"rendered":"Bulletin de la Soci\u00e9t\u00e9 d&rsquo;amiti\u00e9 Suisse-Tib\u00e9taine section romande"},"content":{"rendered":"\n<p class=\"has-text-align-left\"><\/p>\n\n\n\n<h2 class=\"wp-block-heading\">2026<\/h2>\n\n\n\n<ul class=\"wp-block-list\">\n<li><a href=\"https:\/\/gstf.org\/wp-content\/uploads\/2026\/03\/Infos-Tibet-n\u00b033-mars-2026-1.pdf\" type=\"link\" id=\"https:\/\/gstf.org\/wp-content\/uploads\/2026\/03\/Infos-Tibet-n\u00b033-mars-2026-1.pdf\">Bulletin de la section romande de la Soci\u00e9t\u00e9 d\u2019Amiti\u00e9 Suisse-Tib\u00e9taine, num\u00e9ro 33<\/a><\/li>\n\n\n\n<li><a href=\"https:\/\/gstf.org\/wp-content\/uploads\/2026\/01\/Infos-Tibet-n\u00b032-janvier-2026-1.pdf\">Bulletin de la section romande de la Soci\u00e9t\u00e9 d\u2019Amiti\u00e9 Suisse-Tib\u00e9taine, num\u00e9ro 32<\/a><\/li>\n<\/ul>\n\n\n\n<h2 class=\"wp-block-heading\">2025<\/h2>\n\n\n\n<ul class=\"wp-block-list\">\n<li><a href=\"https:\/\/gstf.org\/wp-content\/uploads\/2026\/01\/Infos-Tibet-n\u00b032-janvier-2026-1.pdf\">Bulletin de la section romande de la Soci\u00e9t\u00e9 d\u2019Amiti\u00e9 Suisse-Tib\u00e9taine, num\u00e9ro 31<\/a><\/li>\n\n\n\n<li><a href=\"https:\/\/gstf.org\/wp-content\/uploads\/2025\/10\/Infos-Tibet-n\u00b030-oct-2025.pdf\">Bulletin de la section romande de la Soci\u00e9t\u00e9 d\u2019Amiti\u00e9 Suisse-Tib\u00e9taine, num\u00e9ro 30<\/a><\/li>\n\n\n\n<li><a href=\"https:\/\/gstf.org\/wp-content\/uploads\/2025\/09\/Infos-Tibet-n\u00b029-aout-septembre2025.pdf\">Bulletin de la section romande de la Soci\u00e9t\u00e9 d\u2019Amiti\u00e9 Suisse-Tib\u00e9taine, num\u00e9ro 29<\/a><\/li>\n\n\n\n<li><a href=\"https:\/\/gstf.org\/wp-content\/uploads\/2025\/05\/Infos-Tibet-n\u00b028-mai-2025.pdf\">Bulletin de la section romande de la Soci\u00e9t\u00e9 d\u2019Amiti\u00e9 Suisse-Tib\u00e9taine, num\u00e9ro 28<\/a> <\/li>\n\n\n\n<li><a href=\"https:\/\/gstf.org\/wp-content\/uploads\/2025\/05\/Infos-Tibet-n\u00b027-mars-2025.pdf\">Bulletin de la section romande de la Soci\u00e9t\u00e9 d\u2019Amiti\u00e9 Suisse-Tib\u00e9taine, num\u00e9ro 27<\/a><\/li>\n\n\n\n<li><a href=\"https:\/\/gstf.org\/wp-content\/uploads\/2025\/05\/Infos-Tibet-n\u00b026-02.2025.pdf\">Bulletin de la section romande de la Soci\u00e9t\u00e9 d\u2019Amiti\u00e9 Suisse-Tib\u00e9taine, num\u00e9ro 26<\/a><\/li>\n<\/ul>\n\n\n<section class=\"indy-block-section has-white-background-color\">\n      <div class=\"indy-block-section-content\">\n\n<h2 class=\"wp-block-heading\">2024<\/h2>\n\n\n\n<p class=\"has-text-align-left\"><\/p>\n\n\n\n<ul class=\"wp-block-list\">\n<li><a href=\"https:\/\/gstf.org\/wp-content\/uploads\/2024\/11\/Infos-Tibet-n%C2%B025.pdf\" target=\"_blank\" rel=\"noreferrer noopener\">Bulletin de la section romande de la Soci\u00e9t\u00e9 d&rsquo;Amiti\u00e9 Suisse-Tib\u00e9taine, num\u00e9ro 25<\/a><\/li>\n\n\n\n<li><a href=\"https:\/\/gstf.org\/wp-content\/uploads\/2024\/11\/Infos-Tibet-n%C2%B024-octobre-2024.pdf\" target=\"_blank\" rel=\"noreferrer noopener\">Bulletin de la section romande de la Soci\u00e9t\u00e9 d&rsquo;Amiti\u00e9 Suisse-Tib\u00e9taine, num\u00e9ro 24<\/a><\/li>\n\n\n\n<li><a href=\"https:\/\/gstf.org\/wp-content\/uploads\/2024\/11\/Infos-Tibet-n%C2%B023-aout-2024.pdf\" target=\"_blank\" rel=\"noreferrer noopener\">Bulletin de la section romande de la Soci\u00e9t\u00e9 d&rsquo;Amiti\u00e9 Suisse-Tib\u00e9taine, num\u00e9ro 23<\/a><\/li>\n\n\n\n<li><a href=\"https:\/\/gstf.org\/wp-content\/uploads\/2024\/11\/Infos-Tibet-n%C2%B0-22.pdf\" target=\"_blank\" rel=\"noreferrer noopener\">Bulletin de la section romande de la Soci\u00e9t\u00e9 d&rsquo;Amiti\u00e9 Suisse-Tib\u00e9taine, num\u00e9ro 22<\/a><\/li>\n\n\n\n<li><a href=\"https:\/\/gstf.org\/wp-content\/uploads\/2024\/11\/Infos-Tibet-n%C2%B021.pdf\" target=\"_blank\" rel=\"noreferrer noopener\">Bulletin de la section romande de la Soci\u00e9t\u00e9 d&rsquo;Amiti\u00e9 Suisse-Tib\u00e9taine, num\u00e9ro 21<\/a><\/li>\n\n\n\n<li><a href=\"https:\/\/gstf.org\/wp-content\/uploads\/2024\/11\/Infos-Tibet-n%C2%B020.pdf\" target=\"_blank\" rel=\"noreferrer noopener\">Bulletin de la section romande de la Soci\u00e9t\u00e9 d&rsquo;Amiti\u00e9 Suisse-Tib\u00e9taine, num\u00e9ro 20<\/a><\/li>\n<\/ul>\n\n\n\n<h2 class=\"wp-block-heading\">2023<\/h2>\n\n\n\n<ul class=\"wp-block-list\">\n<li><a href=\"https:\/\/gstf.org\/wp-content\/uploads\/2024\/11\/Infos-Tibet-n%C2%B019-Decembre-2023.pdf\" target=\"_blank\" rel=\"noreferrer noopener\">Bulletin de la section romande de la Soci\u00e9t\u00e9 d&rsquo;Amiti\u00e9 Suisse-Tib\u00e9taine, num\u00e9ro 19<\/a><\/li>\n\n\n\n<li><a href=\"https:\/\/gstf.org\/wp-content\/uploads\/2024\/11\/Infos-Tibet-n%C2%B018-octobre-2023.pdf\" target=\"_blank\" rel=\"noreferrer noopener\">Bulletin de la section romande de la Soci\u00e9t\u00e9 d&rsquo;Amiti\u00e9 Suisse-Tib\u00e9taine, num\u00e9ro 18<\/a><\/li>\n\n\n\n<li><a href=\"https:\/\/gstf.org\/wp-content\/uploads\/2024\/11\/Infos-Tibet-n%C2%B017.pdf\" target=\"_blank\" rel=\"noreferrer noopener\">Bulletin de la section romande de la Soci\u00e9t\u00e9 d&rsquo;Amiti\u00e9 Suisse-Tib\u00e9taine, num\u00e9ro 17<\/a><\/li>\n\n\n\n<li><a href=\"https:\/\/gstf.org\/wp-content\/uploads\/2024\/11\/Infos-Tibet-n%C2%B016.pdf\" target=\"_blank\" rel=\"noreferrer noopener\">Bulletin de la section romande de la Soci\u00e9t\u00e9 d&rsquo;Amiti\u00e9 Suisse-Tib\u00e9taine, num\u00e9ro 16<\/a><\/li>\n\n\n\n<li><a href=\"https:\/\/gstf.org\/wp-content\/uploads\/2024\/11\/Infos-Tibet-n%C2%B015.pdf\" target=\"_blank\" rel=\"noreferrer noopener\">Bulletin de la section romande de la Soci\u00e9t\u00e9 d&rsquo;Amiti\u00e9 Suisse-Tib\u00e9taine, num\u00e9ro 15<\/a><\/li>\n\n\n\n<li><a href=\"https:\/\/gstf.org\/wp-content\/uploads\/2024\/11\/Infos-Tibet-n%C2%B014.pdf\" target=\"_blank\" rel=\"noreferrer noopener\">Bulletin de la section romande de la Soci\u00e9t\u00e9 d&rsquo;Amiti\u00e9 Suisse-Tib\u00e9taine, num\u00e9ro 14<\/a><\/li>\n<\/ul>\n\n\n\n<h2 class=\"wp-block-heading\">2022<\/h2>\n\n\n\n<ul class=\"wp-block-list\">\n<li><a href=\"https:\/\/gstf.org\/wp-content\/uploads\/2024\/11\/13-Infos-Tibet.pdf\" target=\"_blank\" rel=\"noreferrer noopener\">Bulletin de la section romande de la Soci\u00e9t\u00e9 d&rsquo;Amiti\u00e9 Suisse-Tib\u00e9taine, num\u00e9ro 13<\/a><\/li>\n\n\n\n<li><a href=\"https:\/\/gstf.org\/wp-content\/uploads\/2024\/11\/Infos-Tibet-n%C2%B012-octobre-2022.pdf\" target=\"_blank\" rel=\"noreferrer noopener\">Bulletin de la section romande de la Soci\u00e9t\u00e9 d&rsquo;Amiti\u00e9 Suisse-Tib\u00e9taine, num\u00e9ro 12<\/a><\/li>\n\n\n\n<li><a href=\"https:\/\/gstf.org\/wp-content\/uploads\/2024\/11\/Infos-Tibet-n%C2%B011-aout-2022.pdf\" target=\"_blank\" rel=\"noreferrer noopener\">Bulletin de la section romande de la Soci\u00e9t\u00e9 d&rsquo;Amiti\u00e9 Suisse-Tib\u00e9taine, num\u00e9ro 11<\/a><\/li>\n\n\n\n<li><a href=\"https:\/\/gstf.org\/wp-content\/uploads\/2024\/11\/Infos-Tibet-n%C2%B010.pdf\" target=\"_blank\" rel=\"noreferrer noopener\">Bulletin de la section romande de la Soci\u00e9t\u00e9 d&rsquo;Amiti\u00e9 Suisse-Tib\u00e9taine, num\u00e9ro 10<\/a><\/li>\n\n\n\n<li><a href=\"https:\/\/gstf.org\/wp-content\/uploads\/2024\/11\/Infos-Tibet-n%C2%B09.pdf\" target=\"_blank\" rel=\"noreferrer noopener\">Bulletin de la section romande de la Soci\u00e9t\u00e9 d&rsquo;Amiti\u00e9 Suisse-Tib\u00e9taine, num\u00e9ro 9<\/a><\/li>\n\n\n\n<li><a href=\"https:\/\/gstf.org\/wp-content\/uploads\/2024\/11\/Infos-Tibet-n%C2%B08.pdf\" target=\"_blank\" rel=\"noreferrer noopener\">Bulletin de la section romande de la Soci\u00e9t\u00e9 d&rsquo;Amiti\u00e9 Suisse-Tib\u00e9taine, num\u00e9ro 8<\/a><\/li>\n<\/ul>\n\n\n\n<h2 class=\"wp-block-heading\">2021<\/h2>\n\n\n\n<ul class=\"wp-block-list\">\n<li><a href=\"https:\/\/gstf.org\/wp-content\/uploads\/2024\/11\/Info-Tibet-n%C2%B07.pdf\" target=\"_blank\" rel=\"noreferrer noopener\">Bulletin de la section romande de la Soci\u00e9t\u00e9 d&rsquo;Amiti\u00e9 Suisse-Tib\u00e9taine, num\u00e9ro 7<\/a><\/li>\n\n\n\n<li><a href=\"https:\/\/gstf.org\/wp-content\/uploads\/2024\/11\/Info-Tibet-n%C2%B06-Aout-2021.pdf\" target=\"_blank\" rel=\"noreferrer noopener\">Bulletin de la section romande de la Soci\u00e9t\u00e9 d&rsquo;Amiti\u00e9 Suisse-Tib\u00e9taine, num\u00e9ro 6<\/a><\/li>\n\n\n\n<li><a href=\"https:\/\/gstf.org\/wp-content\/uploads\/2024\/11\/Infos-Tibet-n%C2%B05.pdf\" target=\"_blank\" rel=\"noreferrer noopener\">Bulletin de la section romande de la Soci\u00e9t\u00e9 d&rsquo;Amiti\u00e9 Suisse-Tib\u00e9taine, num\u00e9ro 5<\/a><\/li>\n\n\n\n<li><a href=\"https:\/\/gstf.org\/wp-content\/uploads\/2024\/11\/Infos-Tibet-n%C2%B04.pdf\" target=\"_blank\" rel=\"noreferrer noopener\">Bulletin de la section romande de la Soci\u00e9t\u00e9 d&rsquo;Amiti\u00e9 Suisse-Tib\u00e9taine, num\u00e9ro 4<\/a><\/li>\n<\/ul>\n\n\n\n<h2 class=\"wp-block-heading\">2020<\/h2>\n\n\n\n<ul class=\"wp-block-list\">\n<li><a href=\"https:\/\/gstf.org\/wp-content\/uploads\/2024\/11\/Infos-Tibet-n%C2%B03.pdf\" target=\"_blank\" rel=\"noreferrer noopener\">Bulletin de la section romande de la Soci\u00e9t\u00e9 d&rsquo;Amiti\u00e9 Suisse-Tib\u00e9taine, num\u00e9ro 3<\/a><\/li>\n\n\n\n<li><a href=\"https:\/\/gstf.org\/wp-content\/uploads\/2024\/11\/SAST-Infos-Tibet-n%C2%B02.pdf\" target=\"_blank\" rel=\"noreferrer noopener\">Bulletin de la section romande de la Soci\u00e9t\u00e9 d&rsquo;Amiti\u00e9 Suisse-Tib\u00e9taine, num\u00e9ro 2<\/a><\/li>\n\n\n\n<li><a href=\"https:\/\/gstf.org\/wp-content\/uploads\/2024\/11\/BULLETIN-INFO-SAST-ROMANDE.pdf\" target=\"_blank\" rel=\"noreferrer noopener\">Bulletin de la section romande de la Soci\u00e9t\u00e9 d&rsquo;Amiti\u00e9 Suisse-Tib\u00e9taine, num\u00e9ro 1<\/a><\/li>\n<\/ul>\n\n<\/div>\n  <\/section>\n\n\n\n<p><\/p>\n\n\n\n<ul class=\"wp-block-list\">\n<li><\/li>\n<\/ul>\n\n\n\n<ul class=\"wp-block-list\">\n<li><\/li>\n<\/ul>\n\n\n\n<ul class=\"wp-block-list\">\n<li><\/li>\n<\/ul>\n\n\n\n<p><\/p>\n","protected":false},"excerpt":{"rendered":"<p>2026 2025<\/p>\n","protected":false},"author":1,"featured_media":0,"parent":0,"menu_order":0,"comment_status":"closed","ping_status":"closed","template":"","meta":{"_acf_changed":false,"inline_featured_image":false,"footnotes":""},"class_list":["post-6608","page","type-page","status-publish","hentry"],"acf":[],"yoast_head":"<!-- This site is optimized with the Yoast SEO plugin v27.3 - https:\/\/yoast.com\/product\/yoast-seo-wordpress\/ -->\n<title>Bulletin de la Soci\u00e9t\u00e9 d&#039;amiti\u00e9 Suisse-Tib\u00e9taine section romande - GSTF<\/title>\n<meta name=\"robots\" content=\"index, follow, max-snippet:-1, max-image-preview:large, max-video-preview:-1\" \/>\n<link rel=\"canonical\" href=\"https:\/\/gstf.org\/fr\/bulletin-de-la-societe-damitie-suisse-tibetaine-section-romande\/\" \/>\n<meta property=\"og:locale\" content=\"fr_FR\" \/>\n<meta property=\"og:type\" content=\"article\" \/>\n<meta property=\"og:title\" content=\"Bulletin de la Soci\u00e9t\u00e9 d&#039;amiti\u00e9 Suisse-Tib\u00e9taine section romande - GSTF\" \/>\n<meta property=\"og:description\" content=\"2026 2025\" \/>\n<meta property=\"og:url\" content=\"https:\/\/gstf.org\/fr\/bulletin-de-la-societe-damitie-suisse-tibetaine-section-romande\/\" \/>\n<meta property=\"og:site_name\" content=\"GSTF\" \/>\n<meta property=\"article:modified_time\" content=\"2026-03-06T08:06:03+00:00\" \/>\n<meta name=\"twitter:card\" content=\"summary_large_image\" \/>\n<meta name=\"twitter:label1\" content=\"Dur\u00e9e de lecture estim\u00e9e\" \/>\n\t<meta name=\"twitter:data1\" content=\"3 minutes\" \/>\n<script type=\"application\/ld+json\" class=\"yoast-schema-graph\">{\"@context\":\"https:\\\/\\\/schema.org\",\"@graph\":[{\"@type\":\"WebPage\",\"@id\":\"https:\\\/\\\/gstf.org\\\/fr\\\/bulletin-de-la-societe-damitie-suisse-tibetaine-section-romande\\\/\",\"url\":\"https:\\\/\\\/gstf.org\\\/fr\\\/bulletin-de-la-societe-damitie-suisse-tibetaine-section-romande\\\/\",\"name\":\"Bulletin de la Soci\u00e9t\u00e9 d'amiti\u00e9 Suisse-Tib\u00e9taine section romande - GSTF\",\"isPartOf\":{\"@id\":\"https:\\\/\\\/gstf.org\\\/fr\\\/#website\"},\"datePublished\":\"2024-10-31T14:46:38+00:00\",\"dateModified\":\"2026-03-06T08:06:03+00:00\",\"breadcrumb\":{\"@id\":\"https:\\\/\\\/gstf.org\\\/fr\\\/bulletin-de-la-societe-damitie-suisse-tibetaine-section-romande\\\/#breadcrumb\"},\"inLanguage\":\"fr-FR\",\"potentialAction\":[{\"@type\":\"ReadAction\",\"target\":[\"https:\\\/\\\/gstf.org\\\/fr\\\/bulletin-de-la-societe-damitie-suisse-tibetaine-section-romande\\\/\"]}]},{\"@type\":\"BreadcrumbList\",\"@id\":\"https:\\\/\\\/gstf.org\\\/fr\\\/bulletin-de-la-societe-damitie-suisse-tibetaine-section-romande\\\/#breadcrumb\",\"itemListElement\":[{\"@type\":\"ListItem\",\"position\":1,\"name\":\"Startseite\",\"item\":\"https:\\\/\\\/gstf.org\\\/fr\\\/page-daccueil\\\/\"},{\"@type\":\"ListItem\",\"position\":2,\"name\":\"Bulletin de la Soci\u00e9t\u00e9 d&#8217;amiti\u00e9 Suisse-Tib\u00e9taine section romande\"}]},{\"@type\":\"WebSite\",\"@id\":\"https:\\\/\\\/gstf.org\\\/fr\\\/#website\",\"url\":\"https:\\\/\\\/gstf.org\\\/fr\\\/\",\"name\":\"GSTF\",\"description\":\"Gesellschaft Schweizerisch-Tibetische Freundschaft\",\"potentialAction\":[{\"@type\":\"SearchAction\",\"target\":{\"@type\":\"EntryPoint\",\"urlTemplate\":\"https:\\\/\\\/gstf.org\\\/fr\\\/?s={search_term_string}\"},\"query-input\":{\"@type\":\"PropertyValueSpecification\",\"valueRequired\":true,\"valueName\":\"search_term_string\"}}],\"inLanguage\":\"fr-FR\"}]}<\/script>\n<!-- \/ Yoast SEO plugin. -->","yoast_head_json":{"title":"Bulletin de la Soci\u00e9t\u00e9 d'amiti\u00e9 Suisse-Tib\u00e9taine section romande - GSTF","robots":{"index":"index","follow":"follow","max-snippet":"max-snippet:-1","max-image-preview":"max-image-preview:large","max-video-preview":"max-video-preview:-1"},"canonical":"https:\/\/gstf.org\/fr\/bulletin-de-la-societe-damitie-suisse-tibetaine-section-romande\/","og_locale":"fr_FR","og_type":"article","og_title":"Bulletin de la Soci\u00e9t\u00e9 d'amiti\u00e9 Suisse-Tib\u00e9taine section romande - GSTF","og_description":"2026 2025","og_url":"https:\/\/gstf.org\/fr\/bulletin-de-la-societe-damitie-suisse-tibetaine-section-romande\/","og_site_name":"GSTF","article_modified_time":"2026-03-06T08:06:03+00:00","twitter_card":"summary_large_image","twitter_misc":{"Dur\u00e9e de lecture estim\u00e9e":"3 minutes"},"schema":{"@context":"https:\/\/schema.org","@graph":[{"@type":"WebPage","@id":"https:\/\/gstf.org\/fr\/bulletin-de-la-societe-damitie-suisse-tibetaine-section-romande\/","url":"https:\/\/gstf.org\/fr\/bulletin-de-la-societe-damitie-suisse-tibetaine-section-romande\/","name":"Bulletin de la Soci\u00e9t\u00e9 d'amiti\u00e9 Suisse-Tib\u00e9taine section romande - GSTF","isPartOf":{"@id":"https:\/\/gstf.org\/fr\/#website"},"datePublished":"2024-10-31T14:46:38+00:00","dateModified":"2026-03-06T08:06:03+00:00","breadcrumb":{"@id":"https:\/\/gstf.org\/fr\/bulletin-de-la-societe-damitie-suisse-tibetaine-section-romande\/#breadcrumb"},"inLanguage":"fr-FR","potentialAction":[{"@type":"ReadAction","target":["https:\/\/gstf.org\/fr\/bulletin-de-la-societe-damitie-suisse-tibetaine-section-romande\/"]}]},{"@type":"BreadcrumbList","@id":"https:\/\/gstf.org\/fr\/bulletin-de-la-societe-damitie-suisse-tibetaine-section-romande\/#breadcrumb","itemListElement":[{"@type":"ListItem","position":1,"name":"Startseite","item":"https:\/\/gstf.org\/fr\/page-daccueil\/"},{"@type":"ListItem","position":2,"name":"Bulletin de la Soci\u00e9t\u00e9 d&#8217;amiti\u00e9 Suisse-Tib\u00e9taine section romande"}]},{"@type":"WebSite","@id":"https:\/\/gstf.org\/fr\/#website","url":"https:\/\/gstf.org\/fr\/","name":"GSTF","description":"Gesellschaft Schweizerisch-Tibetische Freundschaft","potentialAction":[{"@type":"SearchAction","target":{"@type":"EntryPoint","urlTemplate":"https:\/\/gstf.org\/fr\/?s={search_term_string}"},"query-input":{"@type":"PropertyValueSpecification","valueRequired":true,"valueName":"search_term_string"}}],"inLanguage":"fr-FR"}]}},"_links":{"self":[{"href":"https:\/\/gstf.org\/fr\/wp-json\/wp\/v2\/pages\/6608","targetHints":{"allow":["GET"]}}],"collection":[{"href":"https:\/\/gstf.org\/fr\/wp-json\/wp\/v2\/pages"}],"about":[{"href":"https:\/\/gstf.org\/fr\/wp-json\/wp\/v2\/types\/page"}],"author":[{"embeddable":true,"href":"https:\/\/gstf.org\/fr\/wp-json\/wp\/v2\/users\/1"}],"replies":[{"embeddable":true,"href":"https:\/\/gstf.org\/fr\/wp-json\/wp\/v2\/comments?post=6608"}],"version-history":[{"count":12,"href":"https:\/\/gstf.org\/fr\/wp-json\/wp\/v2\/pages\/6608\/revisions"}],"predecessor-version":[{"id":9092,"href":"https:\/\/gstf.org\/fr\/wp-json\/wp\/v2\/pages\/6608\/revisions\/9092"}],"wp:attachment":[{"href":"https:\/\/gstf.org\/fr\/wp-json\/wp\/v2\/media?parent=6608"}],"curies":[{"name":"wp","href":"https:\/\/api.w.org\/{rel}","templated":true}]}}