{"id":6610,"date":"2024-10-23T18:12:42","date_gmt":"2024-10-23T16:12:42","guid":{"rendered":"https:\/\/gstf.site-preview.ch\/dons\/"},"modified":"2024-11-26T22:26:18","modified_gmt":"2024-11-26T21:26:18","slug":"dons","status":"publish","type":"page","link":"https:\/\/gstf.org\/fr\/dons\/","title":{"rendered":"Dons"},"content":{"rendered":"<section class=\"indy-block-section has-white-background-color\">\n      <div class=\"indy-block-section-content\">\n\n<h2 class=\"wp-block-heading\">Votre don compte<\/h2>\n\n\n\n<p>En faisant un don, vous nous aidez \u00e0 aider le Tibet. SAST est une organisation ind\u00e9pendante qui milite pour les droits de l&rsquo;homme au Tibet et pour une solution pacifique au probl\u00e8me tib\u00e9tain.<\/p>\n\n\n\n<p>Vous pouvez \u00e9galement exprimer votre attachement au peuple tib\u00e9tain en faisant un <a href=\"https:\/\/gstf.org\/wp-content\/uploads\/2024\/11\/GSTF_Flyer_1-19_Legate_und_Schenkungen.pdf\">legs <\/a>. Nous nous ferons un plaisir de vous informer et de r\u00e9pondre \u00e0 vos questions.<\/p>\n\n\n\n<h2 class=\"wp-block-heading\">Dons via e-banking<\/h2>\n\n\n\n<div class=\"wp-block-columns is-layout-flex wp-container-core-columns-is-layout-9d6595d7 wp-block-columns-is-layout-flex\">\n<div class=\"wp-block-column is-layout-flow wp-block-column-is-layout-flow\" style=\"flex-basis:66.66%\">\n<p class=\"has-body-text-color has-text-color has-link-color wp-elements-df352400bc4a05b56c9bd94ac4aa467d\"><strong>Nom de la banque : PostFinance AG<\/strong> (Berne)<br\/><strong>Nom du destinataire : Soci\u00e9t\u00e9 pour l&rsquo;amiti\u00e9 helv\u00e9tico-tib\u00e9taine<\/strong><strong> SAST<\/strong><\/p>\n\n\n\n<p>IBAN : CH41 0900 0000 8005 8056 6<br\/>BIC : POFICHBEXXX<\/p>\n\n\n\n<p>Utilisez ce code QR pour votre application d&rsquo;e-banking.<\/p>\n\n\n\n<p>Si vous \u00eates connect\u00e9 via votre application e-banking, vous pouvez scanner ce code QR et faire un don directement \u00e0 SAST.<\/p>\n<\/div>\n\n\n\n<div class=\"wp-block-column is-layout-flow wp-block-column-is-layout-flow\" style=\"flex-basis:33.33%\">\n<figure class=\"wp-block-image size-full\"><img loading=\"lazy\" decoding=\"async\" width=\"798\" height=\"787\" src=\"https:\/\/gstf.org\/wp-content\/uploads\/2024\/11\/QR_Code_leere_Spendenrechnung.jpg\" alt=\"\" class=\"wp-image-4746\" srcset=\"https:\/\/gstf.org\/wp-content\/uploads\/2024\/11\/QR_Code_leere_Spendenrechnung.jpg 798w, https:\/\/gstf.org\/wp-content\/uploads\/2024\/11\/QR_Code_leere_Spendenrechnung-300x296.jpg 300w, https:\/\/gstf.org\/wp-content\/uploads\/2024\/11\/QR_Code_leere_Spendenrechnung-768x757.jpg 768w\" sizes=\"auto, (max-width: 798px) 100vw, 798px\" \/><\/figure>\n<\/div>\n<\/div>\n\n\n\n<h2 class=\"wp-block-heading\">Faire un don via TWINT<\/h2>\n\n\n\n<figure class=\"wp-block-image size-full\"><img loading=\"lazy\" decoding=\"async\" width=\"976\" height=\"493\" src=\"https:\/\/gstf.org\/wp-content\/uploads\/2024\/11\/TWINT_Individueller-Betrag_DE-1.png\" alt=\"\" class=\"wp-image-4759\" style=\"object-fit:cover\" srcset=\"https:\/\/gstf.org\/wp-content\/uploads\/2024\/11\/TWINT_Individueller-Betrag_DE-1.png 976w, https:\/\/gstf.org\/wp-content\/uploads\/2024\/11\/TWINT_Individueller-Betrag_DE-1-300x152.png 300w, https:\/\/gstf.org\/wp-content\/uploads\/2024\/11\/TWINT_Individueller-Betrag_DE-1-768x388.png 768w\" sizes=\"auto, (max-width: 976px) 100vw, 976px\" \/><\/figure>\n\n\n\n<p><\/p>\n\n\n\n<div class=\"wp-block-buttons is-layout-flex wp-block-buttons-is-layout-flex\">\n<div class=\"wp-block-button\"><a class=\"wp-block-button__link wp-element-button\" href=\"https:\/\/donate.raisenow.io\/pnbpp\" target=\"_blank\" rel=\"noreferrer noopener\">Faire un don via le site web<\/a><\/div>\n\n\n\n<div class=\"wp-block-button\"><a class=\"wp-block-button__link wp-element-button\" href=\"https:\/\/gstf.org\/wp-content\/uploads\/2024\/11\/GSTF_Flyer_1-19_Legate_und_Schenkungen.pdf\">Legs<\/a><\/div>\n<\/div>\n\n\n\n<p>Le site SAST est financ\u00e9 exclusivement par les cotisations des membres et les dons. Nous sommes une organisation enregistr\u00e9e, exon\u00e9r\u00e9e d&rsquo;imp\u00f4ts et \u00e0 but non lucratif, bas\u00e9e \u00e0 Zurich (depuis janvier 2021, auparavant Rapperswil SG).<\/p>\n\n\n\n<div class=\"wp-block-buttons is-layout-flex wp-block-buttons-is-layout-flex\">\n<div class=\"wp-block-button\"><a class=\"wp-block-button__link wp-element-button\" href=\"https:\/\/gstf.org\/wp-content\/uploads\/2024\/11\/Steuerbefreiung_GSTF_2021_Kt_ZH.pdf\" target=\"_blank\" rel=\"noreferrer noopener\">Exon\u00e9ration fiscale<\/a><\/div>\n\n\n\n<div class=\"wp-block-button\"><a class=\"wp-block-button__link wp-element-button\" href=\"https:\/\/gstf.org\/wp-content\/uploads\/2024\/11\/2021_exoneration_fiscale_SAST_ZH_F.pdf\" target=\"_blank\" rel=\"noreferrer noopener\"><strong>Exon\u00e9ration fiscale<\/strong><\/a><\/div>\n<\/div>\n\n\n\n<p><strong>Champ d&rsquo;application<\/strong>: une exon\u00e9ration fiscale approuv\u00e9e par une administration fiscale cantonale est reconnue par tous les autres cantons en Suisse (dispositions d&rsquo;harmonisation de l&rsquo;art. 23, al. 1, let. f, LHID).<\/p>\n\n\n\n<p>Pour les versements volontaires \u00e0 des institutions situ\u00e9es hors du canton, c&rsquo;est la qualification (statut fiscal) dans le canton o\u00f9 se trouve le si\u00e8ge de l&rsquo;organisation qui est d\u00e9terminante (sauf si elle appara\u00eet manifestement erron\u00e9e).<\/p>\n\n\n\n<p>Jusqu&rsquo;\u00e0 pr\u00e9sent, les cantons d&rsquo;Appenzell Rhodes-Ext\u00e9rieures, Appenzell Rhodes-Int\u00e9rieures, B\u00e2le-Campagne, B\u00e2le-Ville, Berne, Frauenfeld, Fribourg, Gen\u00e8ve, Glaris, Grisons, Lucerne, Neuch\u00e2tel, Nidwald, Schaffhouse, Schwyz, Soleure, Saint-Gall, Uri et Zoug se sont express\u00e9ment ralli\u00e9s \u00e0 la d\u00e9cision du canton si\u00e8ge de Zurich concernant l&rsquo;exon\u00e9ration fiscale de l&rsquo;association \u00ab\u00a0Gesellschaft Schweizerisch-Tibetische Freundschaft &#8211; SAST\u00a0\u00bb, Zurich.<\/p>\n\n\n\n<p>Souhaitez-vous recevoir un bulletin de versement ? Dans ce cas, contactez le bureau \u00e0<br\/>044 451 38 38 ou envoyez un e-mail \u00e0 <a href=\"mailto:buero@gstf.org\">buero@gstf.org.<\/a><\/p>\n\n\n\n<p>Merci beaucoup pour votre soutien !<\/p>\n\n\n\n<p><\/p>\n\n\n\n<p><\/p>\n\n\n\n<p><\/p>\n\n<\/div>\n  <\/section>\n","protected":false},"excerpt":{"rendered":"","protected":false},"author":1,"featured_media":0,"parent":0,"menu_order":0,"comment_status":"closed","ping_status":"closed","template":"","meta":{"_acf_changed":false,"inline_featured_image":false,"footnotes":""},"class_list":["post-6610","page","type-page","status-publish","hentry"],"acf":[],"yoast_head":"<!-- This site is optimized with the Yoast SEO plugin v27.3 - https:\/\/yoast.com\/product\/yoast-seo-wordpress\/ -->\n<title>Dons - GSTF<\/title>\n<meta name=\"robots\" content=\"index, follow, max-snippet:-1, max-image-preview:large, max-video-preview:-1\" \/>\n<link rel=\"canonical\" href=\"https:\/\/gstf.org\/fr\/dons\/\" \/>\n<meta property=\"og:locale\" content=\"fr_FR\" \/>\n<meta property=\"og:type\" content=\"article\" \/>\n<meta property=\"og:title\" content=\"Dons - GSTF\" \/>\n<meta property=\"og:url\" content=\"https:\/\/gstf.org\/fr\/dons\/\" \/>\n<meta property=\"og:site_name\" content=\"GSTF\" \/>\n<meta property=\"article:modified_time\" content=\"2024-11-26T21:26:18+00:00\" \/>\n<meta property=\"og:image\" content=\"https:\/\/gstf.org\/wp-content\/uploads\/2024\/11\/QR_Code_leere_Spendenrechnung.jpg\" \/>\n<meta name=\"twitter:card\" content=\"summary_large_image\" \/>\n<meta name=\"twitter:label1\" content=\"Dur\u00e9e de lecture estim\u00e9e\" \/>\n\t<meta name=\"twitter:data1\" content=\"2 minutes\" \/>\n<script type=\"application\/ld+json\" class=\"yoast-schema-graph\">{\"@context\":\"https:\\\/\\\/schema.org\",\"@graph\":[{\"@type\":\"WebPage\",\"@id\":\"https:\\\/\\\/gstf.org\\\/fr\\\/dons\\\/\",\"url\":\"https:\\\/\\\/gstf.org\\\/fr\\\/dons\\\/\",\"name\":\"Dons - GSTF\",\"isPartOf\":{\"@id\":\"https:\\\/\\\/gstf.org\\\/fr\\\/#website\"},\"primaryImageOfPage\":{\"@id\":\"https:\\\/\\\/gstf.org\\\/fr\\\/dons\\\/#primaryimage\"},\"image\":{\"@id\":\"https:\\\/\\\/gstf.org\\\/fr\\\/dons\\\/#primaryimage\"},\"thumbnailUrl\":\"https:\\\/\\\/gstf.org\\\/wp-content\\\/uploads\\\/2024\\\/11\\\/QR_Code_leere_Spendenrechnung.jpg\",\"datePublished\":\"2024-10-23T16:12:42+00:00\",\"dateModified\":\"2024-11-26T21:26:18+00:00\",\"breadcrumb\":{\"@id\":\"https:\\\/\\\/gstf.org\\\/fr\\\/dons\\\/#breadcrumb\"},\"inLanguage\":\"fr-FR\",\"potentialAction\":[{\"@type\":\"ReadAction\",\"target\":[\"https:\\\/\\\/gstf.org\\\/fr\\\/dons\\\/\"]}]},{\"@type\":\"ImageObject\",\"inLanguage\":\"fr-FR\",\"@id\":\"https:\\\/\\\/gstf.org\\\/fr\\\/dons\\\/#primaryimage\",\"url\":\"https:\\\/\\\/gstf.org\\\/wp-content\\\/uploads\\\/2024\\\/11\\\/QR_Code_leere_Spendenrechnung.jpg\",\"contentUrl\":\"https:\\\/\\\/gstf.org\\\/wp-content\\\/uploads\\\/2024\\\/11\\\/QR_Code_leere_Spendenrechnung.jpg\"},{\"@type\":\"BreadcrumbList\",\"@id\":\"https:\\\/\\\/gstf.org\\\/fr\\\/dons\\\/#breadcrumb\",\"itemListElement\":[{\"@type\":\"ListItem\",\"position\":1,\"name\":\"Startseite\",\"item\":\"https:\\\/\\\/gstf.org\\\/fr\\\/page-daccueil\\\/\"},{\"@type\":\"ListItem\",\"position\":2,\"name\":\"Dons\"}]},{\"@type\":\"WebSite\",\"@id\":\"https:\\\/\\\/gstf.org\\\/fr\\\/#website\",\"url\":\"https:\\\/\\\/gstf.org\\\/fr\\\/\",\"name\":\"GSTF\",\"description\":\"Gesellschaft Schweizerisch-Tibetische Freundschaft\",\"potentialAction\":[{\"@type\":\"SearchAction\",\"target\":{\"@type\":\"EntryPoint\",\"urlTemplate\":\"https:\\\/\\\/gstf.org\\\/fr\\\/?s={search_term_string}\"},\"query-input\":{\"@type\":\"PropertyValueSpecification\",\"valueRequired\":true,\"valueName\":\"search_term_string\"}}],\"inLanguage\":\"fr-FR\"}]}<\/script>\n<!-- \/ Yoast SEO plugin. -->","yoast_head_json":{"title":"Dons - GSTF","robots":{"index":"index","follow":"follow","max-snippet":"max-snippet:-1","max-image-preview":"max-image-preview:large","max-video-preview":"max-video-preview:-1"},"canonical":"https:\/\/gstf.org\/fr\/dons\/","og_locale":"fr_FR","og_type":"article","og_title":"Dons - GSTF","og_url":"https:\/\/gstf.org\/fr\/dons\/","og_site_name":"GSTF","article_modified_time":"2024-11-26T21:26:18+00:00","og_image":[{"url":"https:\/\/gstf.org\/wp-content\/uploads\/2024\/11\/QR_Code_leere_Spendenrechnung.jpg","type":"","width":"","height":""}],"twitter_card":"summary_large_image","twitter_misc":{"Dur\u00e9e de lecture estim\u00e9e":"2 minutes"},"schema":{"@context":"https:\/\/schema.org","@graph":[{"@type":"WebPage","@id":"https:\/\/gstf.org\/fr\/dons\/","url":"https:\/\/gstf.org\/fr\/dons\/","name":"Dons - GSTF","isPartOf":{"@id":"https:\/\/gstf.org\/fr\/#website"},"primaryImageOfPage":{"@id":"https:\/\/gstf.org\/fr\/dons\/#primaryimage"},"image":{"@id":"https:\/\/gstf.org\/fr\/dons\/#primaryimage"},"thumbnailUrl":"https:\/\/gstf.org\/wp-content\/uploads\/2024\/11\/QR_Code_leere_Spendenrechnung.jpg","datePublished":"2024-10-23T16:12:42+00:00","dateModified":"2024-11-26T21:26:18+00:00","breadcrumb":{"@id":"https:\/\/gstf.org\/fr\/dons\/#breadcrumb"},"inLanguage":"fr-FR","potentialAction":[{"@type":"ReadAction","target":["https:\/\/gstf.org\/fr\/dons\/"]}]},{"@type":"ImageObject","inLanguage":"fr-FR","@id":"https:\/\/gstf.org\/fr\/dons\/#primaryimage","url":"https:\/\/gstf.org\/wp-content\/uploads\/2024\/11\/QR_Code_leere_Spendenrechnung.jpg","contentUrl":"https:\/\/gstf.org\/wp-content\/uploads\/2024\/11\/QR_Code_leere_Spendenrechnung.jpg"},{"@type":"BreadcrumbList","@id":"https:\/\/gstf.org\/fr\/dons\/#breadcrumb","itemListElement":[{"@type":"ListItem","position":1,"name":"Startseite","item":"https:\/\/gstf.org\/fr\/page-daccueil\/"},{"@type":"ListItem","position":2,"name":"Dons"}]},{"@type":"WebSite","@id":"https:\/\/gstf.org\/fr\/#website","url":"https:\/\/gstf.org\/fr\/","name":"GSTF","description":"Gesellschaft Schweizerisch-Tibetische Freundschaft","potentialAction":[{"@type":"SearchAction","target":{"@type":"EntryPoint","urlTemplate":"https:\/\/gstf.org\/fr\/?s={search_term_string}"},"query-input":{"@type":"PropertyValueSpecification","valueRequired":true,"valueName":"search_term_string"}}],"inLanguage":"fr-FR"}]}},"_links":{"self":[{"href":"https:\/\/gstf.org\/fr\/wp-json\/wp\/v2\/pages\/6610","targetHints":{"allow":["GET"]}}],"collection":[{"href":"https:\/\/gstf.org\/fr\/wp-json\/wp\/v2\/pages"}],"about":[{"href":"https:\/\/gstf.org\/fr\/wp-json\/wp\/v2\/types\/page"}],"author":[{"embeddable":true,"href":"https:\/\/gstf.org\/fr\/wp-json\/wp\/v2\/users\/1"}],"replies":[{"embeddable":true,"href":"https:\/\/gstf.org\/fr\/wp-json\/wp\/v2\/comments?post=6610"}],"version-history":[{"count":1,"href":"https:\/\/gstf.org\/fr\/wp-json\/wp\/v2\/pages\/6610\/revisions"}],"predecessor-version":[{"id":6611,"href":"https:\/\/gstf.org\/fr\/wp-json\/wp\/v2\/pages\/6610\/revisions\/6611"}],"wp:attachment":[{"href":"https:\/\/gstf.org\/fr\/wp-json\/wp\/v2\/media?parent=6610"}],"curies":[{"name":"wp","href":"https:\/\/api.w.org\/{rel}","templated":true}]}}