{"id":6616,"date":"2024-09-16T14:47:21","date_gmt":"2024-09-16T12:47:21","guid":{"rendered":"https:\/\/gstf.site-preview.ch\/devenir-membre\/"},"modified":"2024-11-26T22:28:23","modified_gmt":"2024-11-26T21:28:23","slug":"devenir-membre","status":"publish","type":"page","link":"https:\/\/gstf.org\/fr\/devenir-membre\/","title":{"rendered":"Devenir membre"},"content":{"rendered":"<section class=\"indy-block-section has-white-background-color\">\n      <div class=\"indy-block-section-content\">\n\n<p>Rejoignez d\u00e8s maintenant SAST et faites partie du mouvement tib\u00e9tain.<\/p>\n\n\n\n<p>SAST met tout en \u0153uvre pour que le Tibet et sa culture restent dans l&rsquo;esprit des gens. Devenez vous aussi porteur d&rsquo;espoir:in pour le Tibet en devenant membre de notre association. <\/p>\n\n\n\n<p>En tant que membre, vous soutenez le travail de SAST et du mouvement tib\u00e9tain en g\u00e9n\u00e9ral, ainsi que les efforts visant \u00e0 trouver une solution pacifique au probl\u00e8me tib\u00e9tain et \u00e0 faire respecter les droits de l&rsquo;homme au Tibet.<\/p>\n\n\n<div class=\"frm_forms  with_frm_style frm_style_indy-forms\" id=\"frm_form_2_container\" data-token=\"37bcd066844bc07d93caae6e596f384d\">\n<form enctype=\"multipart\/form-data\" method=\"post\" class=\"frm-show-form  frm_js_validate  frm_ajax_submit  frm_pro_form \" id=\"form_contact-form2\" data-token=\"37bcd066844bc07d93caae6e596f384d\">\n<div class=\"frm_form_fields \">\n<fieldset>\n<legend class=\"frm_screen_reader\">Devenir membre<\/legend>\r\n\r\n<div class=\"frm_fields_container\">\n<input type=\"hidden\" name=\"frm_action\" value=\"create\" \/>\n<input type=\"hidden\" name=\"form_id\" value=\"2\" \/>\n<input type=\"hidden\" name=\"frm_hide_fields_2\" id=\"frm_hide_fields_2\" value=\"\" \/>\n<input type=\"hidden\" name=\"form_key\" value=\"contact-form2\" \/>\n<input type=\"hidden\" name=\"item_meta[0]\" value=\"\" \/>\n<input type=\"hidden\" id=\"frm_submit_entry_2\" name=\"frm_submit_entry_2\" value=\"8972ffb709\" \/><input type=\"hidden\" name=\"_wp_http_referer\" value=\"\/fr\/wp-json\/wp\/v2\/pages\/6616\" \/><div id=\"frm_field_27_container\" class=\"frm_form_field form-field  frm_top_container vertical_radio\">\r\n\t<div  id=\"field_run3q_label\" class=\"frm_primary_label\">Type d'adh\u00e9sion\r\n\t\t<span class=\"frm_required\" aria-hidden=\"true\"><\/span>\r\n\t<\/div>\r\n\t<div class=\"frm_opt_container\" aria-labelledby=\"field_run3q_label\" role=\"group\">\t\t<div class=\"frm_checkbox\" id=\"frm_checkbox_27-0\">\t\t\t<label  for=\"field_run3q-0\">\n\t\t\t<input type=\"checkbox\" name=\"item_meta[27][]\" id=\"field_run3q-0\" value=\"Einzelmitglied (Fr. 70.-\/Jahr)\"  data-invmsg=\"Type d&#039;adh\u00e9sion est non valide\"   \/> Membre individuel (Fr. 70.-\/an)<\/label><\/div>\n\t\t<div class=\"frm_checkbox\" id=\"frm_checkbox_27-1\">\t\t\t<label  for=\"field_run3q-1\">\n\t\t\t<input type=\"checkbox\" name=\"item_meta[27][]\" id=\"field_run3q-1\" value=\"Partnermitglied (Fr. 95.-\/Jahr)\"  data-invmsg=\"Type d&#039;adh\u00e9sion est non valide\"   \/> Membre partenaire (Fr. 95.-\/an)<\/label><\/div>\n\t\t<div class=\"frm_checkbox\" id=\"frm_checkbox_27-2\">\t\t\t<label  for=\"field_run3q-2\">\n\t\t\t<input type=\"checkbox\" name=\"item_meta[27][]\" id=\"field_run3q-2\" value=\"Studentenmitglied (Fr. 30.-\/Jahr)\"  data-invmsg=\"Type d&#039;adh\u00e9sion est non valide\"   \/> Membre \u00e9tudiant (Fr. 30.-\/an)<\/label><\/div>\n\t\t<div class=\"frm_checkbox\" id=\"frm_checkbox_27-3\">\t\t\t<label  for=\"field_run3q-3\">\n\t\t\t<input type=\"checkbox\" name=\"item_meta[27][]\" id=\"field_run3q-3\" value=\"K\u00f6rperschaft (Fr. 130.-\/Jahr)\"  data-invmsg=\"Type d&#039;adh\u00e9sion est non valide\"   \/> Corporation (Fr. 130.-\/an)<\/label><\/div>\n\t\t<div class=\"frm_checkbox\" id=\"frm_checkbox_27-4\">\t\t\t<label  for=\"field_run3q-4\">\n\t\t\t<input type=\"checkbox\" name=\"item_meta[27][]\" id=\"field_run3q-4\" value=\"Tibetfocus-Abo (Fr. 35.-\/Jahr)\"  data-invmsg=\"Type d&#039;adh\u00e9sion est non valide\"   \/> Abonnement \u00e0 Tibetfocus (Fr. 35.-\/an)<\/label><\/div>\n<\/div>\r\n\t\r\n\t\r\n<\/div>\n<div id=\"frm_field_42_container\" class=\"frm_form_field  frm_html_container form-field\">Avec une autre adh\u00e9sion, l'abonnement \u00e0 Tibetfocus est inclus \/ bei jeder Mitgliedschaft ist das Tibetfocus-Abo inklusive <\/div>\n<div id=\"frm_field_57_container\" class=\"frm_form_field form-field  frm_top_container frm_first frm_half\">\r\n\t<label for=\"field_hei4t\" id=\"field_hei4t_label\" class=\"frm_primary_label\">Je souhaite participer activement\r\n\t\t<span class=\"frm_required\" aria-hidden=\"true\"><\/span>\r\n\t<\/label>\r\n\t\t\t<select name=\"item_meta[57]\" id=\"field_hei4t\"  data-invmsg=\"Je souhaite participer activement est non valide\" aria-invalid=\"false\"  >\n\t\t<option  value=\"Frau\">Frau<\/option><option  value=\"Herr\">Herr<\/option><option  value=\"\" selected='selected'> <\/option>\t<\/select>\n\t\r\n\t\r\n\t\r\n<\/div>\n<div id=\"frm_field_6_container\" class=\"frm_form_field form-field  frm_required_field frm_top_container frm_first frm_half\">\r\n\t<label for=\"field_qh4icy2\" id=\"field_qh4icy2_label\" class=\"frm_primary_label\">Pr\u00e9nom\r\n\t\t<span class=\"frm_required\" aria-hidden=\"true\">*<\/span>\r\n\t<\/label>\r\n\t<input  type=\"text\" id=\"field_qh4icy2\" name=\"item_meta[6]\" value=\"\"  data-reqmsg=\"Pr\u00e9nom ne doit pas \u00eatre vide.\" aria-required=\"true\" data-invmsg=\"Pr\u00e9nom is invalid\" aria-invalid=\"false\"   \/>\r\n\t\r\n\t\r\n<\/div>\n<div id=\"frm_field_7_container\" class=\"frm_form_field form-field  frm_required_field frm_top_container frm_half\">\r\n\t<label for=\"field_ocfup12\" id=\"field_ocfup12_label\" class=\"frm_primary_label\">Nom de famille\r\n\t\t<span class=\"frm_required\" aria-hidden=\"true\">*<\/span>\r\n\t<\/label>\r\n\t<input  type=\"text\" id=\"field_ocfup12\" name=\"item_meta[7]\" value=\"\"  data-reqmsg=\"Nom de famille ne doit pas \u00eatre vide.\" aria-required=\"true\" data-invmsg=\"Nom de famille is invalid\" aria-invalid=\"false\"   \/>\r\n\t\r\n\t\r\n<\/div>\n<div id=\"frm_field_44_container\" class=\"frm_form_field form-field  frm_required_field frm_top_container frm6 frm_first\">\r\n\t<label for=\"field_a0u8v\" id=\"field_a0u8v_label\" class=\"frm_primary_label\">Strasse\r\n\t\t<span class=\"frm_required\" aria-hidden=\"true\">*<\/span>\r\n\t<\/label>\r\n\t<input  type=\"text\" id=\"field_a0u8v\" name=\"item_meta[44]\" value=\"\"  data-reqmsg=\"Strasse kann nicht leer sein.\" aria-required=\"true\" data-invmsg=\"Strasse ist ung\u00fcltig\" aria-invalid=\"false\"   \/>\r\n\t\r\n\t\r\n<\/div>\n<div id=\"frm_field_47_container\" class=\"frm_form_field form-field  frm_required_field frm_top_container frm6\">\r\n\t<label for=\"field_tg698\" id=\"field_tg698_label\" class=\"frm_primary_label\">Nummer\r\n\t\t<span class=\"frm_required\" aria-hidden=\"true\">*<\/span>\r\n\t<\/label>\r\n\t<input  type=\"text\" id=\"field_tg698\" name=\"item_meta[47]\" value=\"\"  data-reqmsg=\"Nummer kann nicht leer sein.\" aria-required=\"true\" data-invmsg=\"Nummer ist ung\u00fcltig\" aria-invalid=\"false\"   \/>\r\n\t\r\n\t\r\n<\/div>\n<div id=\"frm_field_48_container\" class=\"frm_form_field form-field  frm_required_field frm_top_container frm6 frm_first\">\r\n\t<label for=\"field_rho2p\" id=\"field_rho2p_label\" class=\"frm_primary_label\">Postleitzahl\r\n\t\t<span class=\"frm_required\" aria-hidden=\"true\">*<\/span>\r\n\t<\/label>\r\n\t<input  type=\"text\" id=\"field_rho2p\" name=\"item_meta[48]\" value=\"\"  data-reqmsg=\"Postleitzahl kann nicht leer sein.\" aria-required=\"true\" data-invmsg=\"Postleitzahl ist ung\u00fcltig\" aria-invalid=\"false\"   \/>\r\n\t\r\n\t\r\n<\/div>\n<div id=\"frm_field_49_container\" class=\"frm_form_field form-field  frm_required_field frm_top_container frm6\">\r\n\t<label for=\"field_ya4cl\" id=\"field_ya4cl_label\" class=\"frm_primary_label\">Ort\r\n\t\t<span class=\"frm_required\" aria-hidden=\"true\">*<\/span>\r\n\t<\/label>\r\n\t<input  type=\"text\" id=\"field_ya4cl\" name=\"item_meta[49]\" value=\"\"  data-reqmsg=\"Ort kann nicht leer sein.\" aria-required=\"true\" data-invmsg=\"Ort ist ung\u00fcltig\" aria-invalid=\"false\"   \/>\r\n\t\r\n\t\r\n<\/div>\n<div id=\"frm_field_8_container\" class=\"frm_form_field form-field  frm_required_field frm_top_container frm6 frm_half frm_first\">\r\n\t<label for=\"field_29yf4d2\" id=\"field_29yf4d2_label\" class=\"frm_primary_label\">E-Mail\r\n\t\t<span class=\"frm_required\" aria-hidden=\"true\">*<\/span>\r\n\t<\/label>\r\n\t<input type=\"email\" id=\"field_29yf4d2\" name=\"item_meta[8]\" value=\"\"  data-reqmsg=\"E-Mail ne doit pas \u00eatre vide.\" aria-required=\"true\" data-invmsg=\"Veuillez saisir une adresse e-mail valide\" aria-invalid=\"false\"  \/>\r\n\t\r\n\t\r\n<\/div>\n<div id=\"frm_field_52_container\" class=\"frm_form_field form-field  frm_required_field frm_top_container frm6\">\r\n\t<label for=\"field_rzhsn\" id=\"field_rzhsn_label\" class=\"frm_primary_label\">Telefon\r\n\t\t<span class=\"frm_required\" aria-hidden=\"true\">*<\/span>\r\n\t<\/label>\r\n\t<input type=\"tel\" id=\"field_rzhsn\" name=\"item_meta[52]\" value=\"\"  data-reqmsg=\"Telefon kann nicht leer sein.\" aria-required=\"true\" data-invmsg=\"Telefon ist ung\u00fcltig\" aria-invalid=\"false\" pattern=\"((\\+\\d{1,3}(-|.| )?\\(?\\d\\)?(-| |.)?\\d{1,5})|(\\(?\\d{2,6}\\)?))(-|.| )?(\\d{3,4})(-|.| )?(\\d{4})(( x| ext)\\d{1,5}){0,1}$\"  \/>\r\n\t\r\n\t\r\n<\/div>\n<div id=\"frm_field_38_container\" class=\"frm_form_field form-field  frm_required_field frm_top_container frm12 frm_first\">\r\n\t<label for=\"field_ems96\" id=\"field_ems96_label\" class=\"frm_primary_label\">Je souhaite participer activement\r\n\t\t<span class=\"frm_required\" aria-hidden=\"true\">*<\/span>\r\n\t<\/label>\r\n\t\t\t<select name=\"item_meta[38]\" id=\"field_ems96\"  data-reqmsg=\"Je souhaite participer activement ne doit pas \u00eatre vide.\" aria-required=\"true\" data-invmsg=\"Je souhaite participer activement est non valide\" aria-invalid=\"false\"  >\n\t\t<option  value=\"ja\">oui<\/option><option  value=\"nein\">non<\/option><option  value=\"\" selected='selected'> <\/option>\t<\/select>\n\t\r\n\t\r\n\t\r\n<\/div>\n<div id=\"frm_field_50_container\" class=\"frm_form_field form-field  frm_required_field frm_top_container frm12 frm_first\">\r\n\t<label for=\"field_eibph\" id=\"field_eibph_label\" class=\"frm_primary_label\">Je souhaite participer activement\r\n\t\t<span class=\"frm_required\" aria-hidden=\"true\">*<\/span>\r\n\t<\/label>\r\n\t\t\t<select name=\"item_meta[50]\" id=\"field_eibph\"  data-frmval=\"ja\" data-reqmsg=\"Je souhaite participer activement ne doit pas \u00eatre vide.\" aria-required=\"true\" data-invmsg=\"Je souhaite participer activement est non valide\" aria-invalid=\"false\"  >\n\t\t<option  value=\"ja\" selected='selected'>oui<\/option><option  value=\"nein\">non<\/option>\t<\/select>\n\t\r\n\t\r\n\t\r\n<\/div>\n<div id=\"frm_field_62_container\" class=\"frm_form_field form-field  frm_top_container frm12 frm_first\">\r\n\t<label for=\"field_ad645\" id=\"field_ad645_label\" class=\"frm_primary_label\">Je souhaite participer activement\r\n\t\t<span class=\"frm_required\" aria-hidden=\"true\"><\/span>\r\n\t<\/label>\r\n\t\t\t<select name=\"item_meta[62]\" id=\"field_ad645\"  data-invmsg=\"Je souhaite participer activement est non valide\" aria-invalid=\"false\"  >\n\t\t<option  value=\"\" selected='selected'> <\/option><option  value=\"Social Media\">Social Media<\/option><option  value=\"GSTF Webseite\">GSTF Webseite<\/option><option  value=\"GSTF Veranstaltungen\">GSTF Veranstaltungen<\/option><option  value=\"Freunde, Bekannte\">Freunde, Bekannte<\/option><option  value=\"anderes\">anderes<\/option>\t<\/select>\n\t\r\n\t\r\n\t\r\n<\/div>\n<div id=\"frm_field_10_container\" class=\"frm_form_field form-field  frm_top_container frm12 frm_first\">\r\n\t<label for=\"field_9jv0r12\" id=\"field_9jv0r12_label\" class=\"frm_primary_label\">Message\r\n\t\t<span class=\"frm_required\" aria-hidden=\"true\"><\/span>\r\n\t<\/label>\r\n\t<textarea name=\"item_meta[10]\" id=\"field_9jv0r12\" rows=\"5\"  data-invmsg=\"Message ist ung\u00fcltig\" aria-invalid=\"false\"  ><\/textarea>\r\n\t\r\n\t\r\n<\/div>\n<div id=\"frm_field_60_container\" class=\"frm_form_field form-field  frm_none_container\">\n\t<label for=\"cf-turnstile-response\" id=\"field_bxd54_label\" class=\"frm_primary_label\">Captcha\n\t\t<span class=\"frm_required\" aria-hidden=\"true\"><\/span>\n\t<\/label>\n\t<div  id=\"field_bxd54\" class=\"frm-cf-turnstile\" data-sitekey=\"0x4AAAAAAA1VRizM-5e5u3xC\" data-language=\"fr-FR\" data-size=\"normal\" data-theme=\"light\"><\/div>\n\t\n\t\n<\/div>\n<div id=\"frm_field_11_container\" class=\"frm_form_field form-field  frm12 frm_first\">\r\n\t<div class=\"frm_submit frm_flex\">\r\n<button class=\"frm_button_submit frm_final_submit\" type=\"submit\"   formnovalidate=\"formnovalidate\">Envoyer<\/button>\r\n\r\n\r\n\r\n<\/div>\r\n<\/div>\n\t<input type=\"hidden\" name=\"item_key\" value=\"\" \/>\n\t\t\t<div id=\"frm_field_63_container\">\n\t\t\t<label for=\"field_s90ax\" >\n\t\t\t\tSi vous \u00eates un humain, ne remplissez pas ce champ.\t\t\t<\/label>\n\t\t\t<input  id=\"field_s90ax\" type=\"text\" class=\"frm_form_field form-field frm_verify\" name=\"item_meta[63]\" value=\"\"  \/>\n\t\t<\/div>\n\t\t<input name=\"frm_state\" type=\"hidden\" value=\"9NoJ7vj+zZB+lHG+eZcmbB9QGlFw19PudfLLRYvuQ6yZKqN0N3CmZkaFViE\/XdTO\" \/><\/div>\n<\/fieldset>\n<\/div>\n\n<\/form>\n<\/div>\n\n\n<\/div>\n  <\/section>\n","protected":false},"excerpt":{"rendered":"","protected":false},"author":1,"featured_media":0,"parent":0,"menu_order":0,"comment_status":"closed","ping_status":"closed","template":"","meta":{"_acf_changed":false,"inline_featured_image":false,"footnotes":""},"class_list":["post-6616","page","type-page","status-publish","hentry"],"acf":[],"yoast_head":"<!-- This site is optimized with the Yoast SEO plugin v27.3 - https:\/\/yoast.com\/product\/yoast-seo-wordpress\/ -->\n<title>Devenir membre - GSTF<\/title>\n<meta name=\"robots\" content=\"index, follow, max-snippet:-1, max-image-preview:large, max-video-preview:-1\" \/>\n<link rel=\"canonical\" href=\"https:\/\/gstf.org\/fr\/devenir-membre\/\" \/>\n<meta property=\"og:locale\" content=\"fr_FR\" \/>\n<meta property=\"og:type\" content=\"article\" \/>\n<meta property=\"og:title\" content=\"Devenir membre - GSTF\" \/>\n<meta property=\"og:url\" content=\"https:\/\/gstf.org\/fr\/devenir-membre\/\" \/>\n<meta property=\"og:site_name\" content=\"GSTF\" \/>\n<meta property=\"article:modified_time\" content=\"2024-11-26T21:28:23+00:00\" \/>\n<meta name=\"twitter:card\" content=\"summary_large_image\" \/>\n<script type=\"application\/ld+json\" class=\"yoast-schema-graph\">{\"@context\":\"https:\\\/\\\/schema.org\",\"@graph\":[{\"@type\":\"WebPage\",\"@id\":\"https:\\\/\\\/gstf.org\\\/fr\\\/devenir-membre\\\/\",\"url\":\"https:\\\/\\\/gstf.org\\\/fr\\\/devenir-membre\\\/\",\"name\":\"Devenir membre - GSTF\",\"isPartOf\":{\"@id\":\"https:\\\/\\\/gstf.org\\\/fr\\\/#website\"},\"datePublished\":\"2024-09-16T12:47:21+00:00\",\"dateModified\":\"2024-11-26T21:28:23+00:00\",\"breadcrumb\":{\"@id\":\"https:\\\/\\\/gstf.org\\\/fr\\\/devenir-membre\\\/#breadcrumb\"},\"inLanguage\":\"fr-FR\",\"potentialAction\":[{\"@type\":\"ReadAction\",\"target\":[\"https:\\\/\\\/gstf.org\\\/fr\\\/devenir-membre\\\/\"]}]},{\"@type\":\"BreadcrumbList\",\"@id\":\"https:\\\/\\\/gstf.org\\\/fr\\\/devenir-membre\\\/#breadcrumb\",\"itemListElement\":[{\"@type\":\"ListItem\",\"position\":1,\"name\":\"Startseite\",\"item\":\"https:\\\/\\\/gstf.org\\\/fr\\\/page-daccueil\\\/\"},{\"@type\":\"ListItem\",\"position\":2,\"name\":\"Devenir membre\"}]},{\"@type\":\"WebSite\",\"@id\":\"https:\\\/\\\/gstf.org\\\/fr\\\/#website\",\"url\":\"https:\\\/\\\/gstf.org\\\/fr\\\/\",\"name\":\"GSTF\",\"description\":\"Gesellschaft Schweizerisch-Tibetische Freundschaft\",\"potentialAction\":[{\"@type\":\"SearchAction\",\"target\":{\"@type\":\"EntryPoint\",\"urlTemplate\":\"https:\\\/\\\/gstf.org\\\/fr\\\/?s={search_term_string}\"},\"query-input\":{\"@type\":\"PropertyValueSpecification\",\"valueRequired\":true,\"valueName\":\"search_term_string\"}}],\"inLanguage\":\"fr-FR\"}]}<\/script>\n<!-- \/ Yoast SEO plugin. -->","yoast_head_json":{"title":"Devenir membre - GSTF","robots":{"index":"index","follow":"follow","max-snippet":"max-snippet:-1","max-image-preview":"max-image-preview:large","max-video-preview":"max-video-preview:-1"},"canonical":"https:\/\/gstf.org\/fr\/devenir-membre\/","og_locale":"fr_FR","og_type":"article","og_title":"Devenir membre - GSTF","og_url":"https:\/\/gstf.org\/fr\/devenir-membre\/","og_site_name":"GSTF","article_modified_time":"2024-11-26T21:28:23+00:00","twitter_card":"summary_large_image","schema":{"@context":"https:\/\/schema.org","@graph":[{"@type":"WebPage","@id":"https:\/\/gstf.org\/fr\/devenir-membre\/","url":"https:\/\/gstf.org\/fr\/devenir-membre\/","name":"Devenir membre - GSTF","isPartOf":{"@id":"https:\/\/gstf.org\/fr\/#website"},"datePublished":"2024-09-16T12:47:21+00:00","dateModified":"2024-11-26T21:28:23+00:00","breadcrumb":{"@id":"https:\/\/gstf.org\/fr\/devenir-membre\/#breadcrumb"},"inLanguage":"fr-FR","potentialAction":[{"@type":"ReadAction","target":["https:\/\/gstf.org\/fr\/devenir-membre\/"]}]},{"@type":"BreadcrumbList","@id":"https:\/\/gstf.org\/fr\/devenir-membre\/#breadcrumb","itemListElement":[{"@type":"ListItem","position":1,"name":"Startseite","item":"https:\/\/gstf.org\/fr\/page-daccueil\/"},{"@type":"ListItem","position":2,"name":"Devenir membre"}]},{"@type":"WebSite","@id":"https:\/\/gstf.org\/fr\/#website","url":"https:\/\/gstf.org\/fr\/","name":"GSTF","description":"Gesellschaft Schweizerisch-Tibetische Freundschaft","potentialAction":[{"@type":"SearchAction","target":{"@type":"EntryPoint","urlTemplate":"https:\/\/gstf.org\/fr\/?s={search_term_string}"},"query-input":{"@type":"PropertyValueSpecification","valueRequired":true,"valueName":"search_term_string"}}],"inLanguage":"fr-FR"}]}},"_links":{"self":[{"href":"https:\/\/gstf.org\/fr\/wp-json\/wp\/v2\/pages\/6616","targetHints":{"allow":["GET"]}}],"collection":[{"href":"https:\/\/gstf.org\/fr\/wp-json\/wp\/v2\/pages"}],"about":[{"href":"https:\/\/gstf.org\/fr\/wp-json\/wp\/v2\/types\/page"}],"author":[{"embeddable":true,"href":"https:\/\/gstf.org\/fr\/wp-json\/wp\/v2\/users\/1"}],"replies":[{"embeddable":true,"href":"https:\/\/gstf.org\/fr\/wp-json\/wp\/v2\/comments?post=6616"}],"version-history":[{"count":1,"href":"https:\/\/gstf.org\/fr\/wp-json\/wp\/v2\/pages\/6616\/revisions"}],"predecessor-version":[{"id":6617,"href":"https:\/\/gstf.org\/fr\/wp-json\/wp\/v2\/pages\/6616\/revisions\/6617"}],"wp:attachment":[{"href":"https:\/\/gstf.org\/fr\/wp-json\/wp\/v2\/media?parent=6616"}],"curies":[{"name":"wp","href":"https:\/\/api.w.org\/{rel}","templated":true}]}}