{"id":6622,"date":"2024-10-01T09:13:37","date_gmt":"2024-10-01T07:13:37","guid":{"rendered":"https:\/\/gstf.site-preview.ch\/magazine-tibetfocus-2\/"},"modified":"2025-06-16T14:43:48","modified_gmt":"2025-06-16T12:43:48","slug":"magazine-tibetfocus-2","status":"publish","type":"page","link":"https:\/\/gstf.org\/fr\/ce-que-nous-faisons\/magazine-tibetfocus-2\/","title":{"rendered":"Magazine tibetfocus"},"content":{"rendered":"<section class=\"indy-block-section has-white-background-color\">\n      <div class=\"indy-block-section-content\">\n\n<p>Le magazine de l&rsquo;association SAST \u00ab\u00a0tibetfocus\u00a0\u00bb est publi\u00e9 trimestriellement \u00e0 2&rsquo;400 exemplaires. Les th\u00e8mes principaux ainsi que les nouvelles et les contributions des associations SAST, l&rsquo;Association de la jeunesse tib\u00e9taine en Europe (VTJE), l&rsquo;Organisation des femmes tib\u00e9taines de Suisse (TFOS) et les Amis du Tibet assurent une lecture passionnante et informative sur le Tibet. Depuis 2024, l&rsquo;Association Ou\u00efghoure Suisse contribue \u00e9galement avec une page d&rsquo;informations sur le Turkestan oriental.<\/p>\n\n\n\n<p>Le dernier num\u00e9ro est envoy\u00e9 directement par abonnement.<\/p>\n\n\n\n<p>Des num\u00e9ros individuels peuvent \u00eatre command\u00e9s aupr\u00e8s du bureau <a href=\"https:\/\/gstf.org\/fr\/contact\/\" data-type=\"page\" data-id=\"426\">SAST. <\/a><\/p>\n\n\n\n<div style=\"height:100px\" aria-hidden=\"true\" class=\"wp-block-spacer is-style-md\"><\/div>\n\n\n\n<div class=\"wp-block-buttons is-layout-flex wp-block-buttons-is-layout-flex\">\n<div class=\"wp-block-button\"><a class=\"wp-block-button__link wp-element-button\" href=\"https:\/\/gstf.org\/fr\/magazine-tibetfocus\/\">D\u00e9penses<\/a><\/div>\n\n\n\n<div class=\"wp-block-button\"><a class=\"wp-block-button__link wp-element-button\" href=\"https:\/\/gstf.org\/fr\/devenir-membre\/\">S&rsquo;abonner \u00e0<\/a><\/div>\n\n\n\n<div class=\"wp-block-button\"><a class=\"wp-block-button__link wp-element-button\" href=\"https:\/\/gstf.org\/fr\/tibetfocus-references-bibliographiques\/\">Page de service<\/a><\/div>\n<\/div>\n\n<\/div>\n  <\/section>\n","protected":false},"excerpt":{"rendered":"","protected":false},"author":1,"featured_media":0,"parent":6624,"menu_order":0,"comment_status":"closed","ping_status":"closed","template":"","meta":{"_acf_changed":false,"inline_featured_image":false,"footnotes":""},"class_list":["post-6622","page","type-page","status-publish","hentry"],"acf":[],"yoast_head":"<!-- This site is optimized with the Yoast SEO plugin v27.3 - https:\/\/yoast.com\/product\/yoast-seo-wordpress\/ -->\n<title>Magazine tibetfocus - GSTF<\/title>\n<meta name=\"robots\" content=\"index, follow, max-snippet:-1, max-image-preview:large, max-video-preview:-1\" \/>\n<link rel=\"canonical\" href=\"https:\/\/gstf.org\/fr\/ce-que-nous-faisons\/magazine-tibetfocus-2\/\" \/>\n<meta property=\"og:locale\" content=\"fr_FR\" \/>\n<meta property=\"og:type\" content=\"article\" \/>\n<meta property=\"og:title\" content=\"Magazine tibetfocus - GSTF\" \/>\n<meta property=\"og:url\" content=\"https:\/\/gstf.org\/fr\/ce-que-nous-faisons\/magazine-tibetfocus-2\/\" \/>\n<meta property=\"og:site_name\" content=\"GSTF\" \/>\n<meta property=\"article:modified_time\" content=\"2025-06-16T12:43:48+00:00\" \/>\n<meta name=\"twitter:card\" content=\"summary_large_image\" \/>\n<meta name=\"twitter:label1\" content=\"Dur\u00e9e de lecture estim\u00e9e\" \/>\n\t<meta name=\"twitter:data1\" content=\"1 minute\" \/>\n<script type=\"application\/ld+json\" class=\"yoast-schema-graph\">{\"@context\":\"https:\\\/\\\/schema.org\",\"@graph\":[{\"@type\":\"WebPage\",\"@id\":\"https:\\\/\\\/gstf.org\\\/fr\\\/ce-que-nous-faisons\\\/magazine-tibetfocus-2\\\/\",\"url\":\"https:\\\/\\\/gstf.org\\\/fr\\\/ce-que-nous-faisons\\\/magazine-tibetfocus-2\\\/\",\"name\":\"Magazine tibetfocus - GSTF\",\"isPartOf\":{\"@id\":\"https:\\\/\\\/gstf.org\\\/fr\\\/#website\"},\"datePublished\":\"2024-10-01T07:13:37+00:00\",\"dateModified\":\"2025-06-16T12:43:48+00:00\",\"breadcrumb\":{\"@id\":\"https:\\\/\\\/gstf.org\\\/fr\\\/ce-que-nous-faisons\\\/magazine-tibetfocus-2\\\/#breadcrumb\"},\"inLanguage\":\"fr-FR\",\"potentialAction\":[{\"@type\":\"ReadAction\",\"target\":[\"https:\\\/\\\/gstf.org\\\/fr\\\/ce-que-nous-faisons\\\/magazine-tibetfocus-2\\\/\"]}]},{\"@type\":\"BreadcrumbList\",\"@id\":\"https:\\\/\\\/gstf.org\\\/fr\\\/ce-que-nous-faisons\\\/magazine-tibetfocus-2\\\/#breadcrumb\",\"itemListElement\":[{\"@type\":\"ListItem\",\"position\":1,\"name\":\"Startseite\",\"item\":\"https:\\\/\\\/gstf.org\\\/fr\\\/page-daccueil\\\/\"},{\"@type\":\"ListItem\",\"position\":2,\"name\":\"Ce que nous faisons\",\"item\":\"https:\\\/\\\/gstf.org\\\/fr\\\/ce-que-nous-faisons\\\/\"},{\"@type\":\"ListItem\",\"position\":3,\"name\":\"Magazine tibetfocus\"}]},{\"@type\":\"WebSite\",\"@id\":\"https:\\\/\\\/gstf.org\\\/fr\\\/#website\",\"url\":\"https:\\\/\\\/gstf.org\\\/fr\\\/\",\"name\":\"GSTF\",\"description\":\"Gesellschaft Schweizerisch-Tibetische Freundschaft\",\"potentialAction\":[{\"@type\":\"SearchAction\",\"target\":{\"@type\":\"EntryPoint\",\"urlTemplate\":\"https:\\\/\\\/gstf.org\\\/fr\\\/?s={search_term_string}\"},\"query-input\":{\"@type\":\"PropertyValueSpecification\",\"valueRequired\":true,\"valueName\":\"search_term_string\"}}],\"inLanguage\":\"fr-FR\"}]}<\/script>\n<!-- \/ Yoast SEO plugin. -->","yoast_head_json":{"title":"Magazine tibetfocus - GSTF","robots":{"index":"index","follow":"follow","max-snippet":"max-snippet:-1","max-image-preview":"max-image-preview:large","max-video-preview":"max-video-preview:-1"},"canonical":"https:\/\/gstf.org\/fr\/ce-que-nous-faisons\/magazine-tibetfocus-2\/","og_locale":"fr_FR","og_type":"article","og_title":"Magazine tibetfocus - GSTF","og_url":"https:\/\/gstf.org\/fr\/ce-que-nous-faisons\/magazine-tibetfocus-2\/","og_site_name":"GSTF","article_modified_time":"2025-06-16T12:43:48+00:00","twitter_card":"summary_large_image","twitter_misc":{"Dur\u00e9e de lecture estim\u00e9e":"1 minute"},"schema":{"@context":"https:\/\/schema.org","@graph":[{"@type":"WebPage","@id":"https:\/\/gstf.org\/fr\/ce-que-nous-faisons\/magazine-tibetfocus-2\/","url":"https:\/\/gstf.org\/fr\/ce-que-nous-faisons\/magazine-tibetfocus-2\/","name":"Magazine tibetfocus - GSTF","isPartOf":{"@id":"https:\/\/gstf.org\/fr\/#website"},"datePublished":"2024-10-01T07:13:37+00:00","dateModified":"2025-06-16T12:43:48+00:00","breadcrumb":{"@id":"https:\/\/gstf.org\/fr\/ce-que-nous-faisons\/magazine-tibetfocus-2\/#breadcrumb"},"inLanguage":"fr-FR","potentialAction":[{"@type":"ReadAction","target":["https:\/\/gstf.org\/fr\/ce-que-nous-faisons\/magazine-tibetfocus-2\/"]}]},{"@type":"BreadcrumbList","@id":"https:\/\/gstf.org\/fr\/ce-que-nous-faisons\/magazine-tibetfocus-2\/#breadcrumb","itemListElement":[{"@type":"ListItem","position":1,"name":"Startseite","item":"https:\/\/gstf.org\/fr\/page-daccueil\/"},{"@type":"ListItem","position":2,"name":"Ce que nous faisons","item":"https:\/\/gstf.org\/fr\/ce-que-nous-faisons\/"},{"@type":"ListItem","position":3,"name":"Magazine tibetfocus"}]},{"@type":"WebSite","@id":"https:\/\/gstf.org\/fr\/#website","url":"https:\/\/gstf.org\/fr\/","name":"GSTF","description":"Gesellschaft Schweizerisch-Tibetische Freundschaft","potentialAction":[{"@type":"SearchAction","target":{"@type":"EntryPoint","urlTemplate":"https:\/\/gstf.org\/fr\/?s={search_term_string}"},"query-input":{"@type":"PropertyValueSpecification","valueRequired":true,"valueName":"search_term_string"}}],"inLanguage":"fr-FR"}]}},"_links":{"self":[{"href":"https:\/\/gstf.org\/fr\/wp-json\/wp\/v2\/pages\/6622","targetHints":{"allow":["GET"]}}],"collection":[{"href":"https:\/\/gstf.org\/fr\/wp-json\/wp\/v2\/pages"}],"about":[{"href":"https:\/\/gstf.org\/fr\/wp-json\/wp\/v2\/types\/page"}],"author":[{"embeddable":true,"href":"https:\/\/gstf.org\/fr\/wp-json\/wp\/v2\/users\/1"}],"replies":[{"embeddable":true,"href":"https:\/\/gstf.org\/fr\/wp-json\/wp\/v2\/comments?post=6622"}],"version-history":[{"count":4,"href":"https:\/\/gstf.org\/fr\/wp-json\/wp\/v2\/pages\/6622\/revisions"}],"predecessor-version":[{"id":8261,"href":"https:\/\/gstf.org\/fr\/wp-json\/wp\/v2\/pages\/6622\/revisions\/8261"}],"up":[{"embeddable":true,"href":"https:\/\/gstf.org\/fr\/wp-json\/wp\/v2\/pages\/6624"}],"wp:attachment":[{"href":"https:\/\/gstf.org\/fr\/wp-json\/wp\/v2\/media?parent=6622"}],"curies":[{"name":"wp","href":"https:\/\/api.w.org\/{rel}","templated":true}]}}