{"id":6624,"date":"2024-09-27T11:02:24","date_gmt":"2024-09-27T09:02:24","guid":{"rendered":"https:\/\/gstf.site-preview.ch\/ce-que-nous-faisons\/"},"modified":"2024-11-26T22:28:33","modified_gmt":"2024-11-26T21:28:33","slug":"ce-que-nous-faisons","status":"publish","type":"page","link":"https:\/\/gstf.org\/fr\/ce-que-nous-faisons\/","title":{"rendered":"Ce que nous faisons"},"content":{"rendered":"\n<h2 class=\"wp-block-heading\"><strong>Notre mission pour le Tibet : Education, promotion de la culture, amiti\u00e9 et engagement politique<\/strong><\/h2>\n\n<p><strong><br\/>Depuis plus de 40 ans, la Soci\u00e9t\u00e9 d&rsquo;amiti\u00e9 Suisse-Tibet (SAST) s&rsquo;engage activement pour les droits et la culture du peuple tib\u00e9tain. Par un travail d&rsquo;information, des campagnes politiques et la promotion de la culture tib\u00e9taine en Suisse et de l&rsquo;amiti\u00e9 entre Tib\u00e9tains et Suisses, nous cr\u00e9ons une prise de conscience et une solidarit\u00e9. Nos actions, p\u00e9titions et partenariats donnent une voix aux Tib\u00e9tains et montrent comment chacun peut contribuer \u00e0 la pr\u00e9servation de cette culture unique et au respect des droits de l&rsquo;homme.  <\/strong><\/p>\n\n<p>La Soci\u00e9t\u00e9 d&rsquo;amiti\u00e9 Suisse-Tibet (SAST) est la plus grande organisation en Suisse qui, depuis 1983, s&rsquo;engage activement en faveur du peuple tib\u00e9tain, de ses droits et de son h\u00e9ritage culturel. Gr\u00e2ce \u00e0 un large \u00e9ventail d&rsquo;activit\u00e9s, nous encourageons la prise de conscience des d\u00e9fis auxquels les Tib\u00e9tains sont confront\u00e9s aujourd&rsquo;hui et soutenons la pr\u00e9servation de la culture et de l&rsquo;identit\u00e9 tib\u00e9taines. <\/p>\n\n<h3 class=\"wp-block-heading\">Sensibilisation et \u00e9ducation<\/h3>\n\n<p>Un \u00e9l\u00e9ment central de notre travail est l&rsquo;information et la sensibilisation du public suisse sur la situation au Tibet. Par le biais de conf\u00e9rences, de publications, d&rsquo;\u00e9v\u00e9nements et de contributions aux m\u00e9dias, nous expliquons les violations des droits de l&rsquo;homme, l&rsquo;oppression culturelle et la destruction \u00e9cologique au Tibet. Nos offres \u00e9ducatives cr\u00e9ent une compr\u00e9hension plus profonde de la culture tib\u00e9taine et de la n\u00e9cessit\u00e9 de pr\u00e9server cette identit\u00e9 unique.  <\/p>\n\n<h3 class=\"wp-block-heading\">Engagement politique et p\u00e9titions<\/h3>\n\n<p>Depuis notre cr\u00e9ation, nous avons lanc\u00e9 de nombreuses campagnes et p\u00e9titions afin d&rsquo;attirer l&rsquo;attention sur la situation au Tibet et de susciter des changements politiques. Avec le groupe parlementaire d&rsquo;amiti\u00e9 avec le Tibet, nous d\u00e9fendons les droits des Tib\u00e9tains au niveau politique et nous nous engageons dans des campagnes politiques qui condamnent la situation des droits de l&rsquo;homme au Tibet. Nos p\u00e9titions, sign\u00e9es par des milliers de personnes, demandent un engagement plus fort du gouvernement suisse et la fin de l&rsquo;oppression du peuple tib\u00e9tain. Ces initiatives montrent que nous pouvons faire pression avec le peuple suisse pour faire entendre la voix du Tibet dans la politique internationale.   <\/p>\n\n<h3 class=\"wp-block-heading\"><strong>Promotion de la culture tib\u00e9taine<\/strong><\/h3>\n\n<p>Le site SAST s&rsquo;engage \u00e0 pr\u00e9server la culture tib\u00e9taine en Suisse. Par le biais d&rsquo;\u00e9v\u00e9nements culturels, de projets et de coop\u00e9rations avec la diaspora tib\u00e9taine, nous encourageons l&rsquo;\u00e9change et la visibilit\u00e9 des traditions tib\u00e9taines. Ces activit\u00e9s renforcent l&rsquo;image que la communaut\u00e9 tib\u00e9taine a d&rsquo;elle-m\u00eame et permettent aux Tib\u00e9tains et aux Suisses de se rencontrer sur un pied d&rsquo;\u00e9galit\u00e9 afin de promouvoir la compr\u00e9hension mutuelle et la solidarit\u00e9.  <\/p>\n\n<h3 class=\"wp-block-heading\"><strong>Partenariats et r\u00e9seaux<\/strong><\/h3>\n\n<p>Nous travaillons avec des organisations internationales et locales afin de cr\u00e9er un r\u00e9seau solide qui soutient les causes des Tib\u00e9tains. Gr\u00e2ce \u00e0 ces partenariats, nous construisons des ponts et mettons en commun nos ressources afin de maximiser l&rsquo;impact de nos projets. En collaboration avec d&rsquo;autres organisations de d\u00e9fense des droits de l&rsquo;homme, nous nous engageons contre la r\u00e9pression transnationale qui touche \u00e9galement la diaspora tib\u00e9taine en Suisse.  <\/p>\n\n<h3 class=\"wp-block-heading\">Soutien et aide \u00e0 l&rsquo;auto-assistance<\/h3>\n\n<p>Nos projets en Suisse visent \u00e0 soutenir les Tib\u00e9tains en exil et \u00e0 promouvoir leur autod\u00e9termination. Nous mettons l&rsquo;accent sur l&rsquo;aide \u00e0 l&rsquo;autonomie et encourageons les initiatives qui profitent aux populations locales, que ce soit par le biais d&rsquo;un soutien social ou de la pr\u00e9servation de la langue et des traditions tib\u00e9taines. L&rsquo;un de ces projets est \u00ab\u00a0Lamt\u00f6n\u00a0\u00bb.  <\/p>\n\n<h4 class=\"wp-block-heading\"><strong>Lamt\u00f6n &#8211; Engagement pour les r\u00e9fugi\u00e9s tib\u00e9tains<\/strong><\/h4>\n\n<p>Des r\u00e9fugi\u00e9s tib\u00e9tains ayant re\u00e7u une d\u00e9cision d&rsquo;asile n\u00e9gative vivent toujours en Suisse en tant que \u00ab\u00a0sans-papiers\u00a0\u00bb. L&rsquo;engagement en leur faveur est une n\u00e9cessit\u00e9 urgente pour des raisons humanitaires. C&rsquo;est pourquoi le comit\u00e9 directeur de SAST tient \u00e0 ce qu&rsquo;un nombre croissant de membres de SAST et d&rsquo;autres organisations tib\u00e9taines s&rsquo;engagent dans l&rsquo;accompagnement et l&rsquo;int\u00e9gration des r\u00e9fugi\u00e9s tib\u00e9tains. Cette activit\u00e9 se d\u00e9roule en \u00e9troite collaboration avec l&rsquo;Organisation des femmes tib\u00e9taines en Suisse (TFOS), avec Shenpen (centre d&rsquo;accueil des Tib\u00e9tains pour les Tib\u00e9tains), avec l&rsquo;Association de la jeunesse tib\u00e9taine en Europe (VTJE) et avec la Communaut\u00e9 tib\u00e9taine en Suisse et au Liechtenstein (TGSL). De m\u00eame, le contact avec les organisations suisses de r\u00e9fugi\u00e9s, en particulier les bureaux des sans-papiers, s&rsquo;av\u00e8re tr\u00e8s utile.    <\/p>\n\n<div class=\"wp-block-buttons is-layout-flex wp-block-buttons-is-layout-flex\">\n<div class=\"wp-block-button\"><a class=\"wp-block-button__link wp-element-button\" href=\"https:\/\/gstf.org\/fr\/projet-de-parrainage\/\">Projet de parrainage<\/a><\/div>\n<\/div>\n\n<h3 class=\"wp-block-heading\"><strong>Un forum d&rsquo;engagement et de participation<\/strong><\/h3>\n\n<p>Le site SAST offre \u00e0 tous ceux qui le souhaitent une plate-forme pour s&rsquo;engager et s&rsquo;impliquer activement en faveur du Tibet. Que ce soit en tant que membre, b\u00e9n\u00e9vole ou sympathisant, toute forme de participation est la bienvenue. <\/p>\n\n<p>Ensemble, nous nous engageons pour un monde plus juste, dans lequel la culture tib\u00e9taine et les droits des Tib\u00e9tains sont respect\u00e9s et pr\u00e9serv\u00e9s.<\/p>\n\n<p>En nous engageant pour le Tibet, nous renfor\u00e7ons les valeurs de libert\u00e9, de justice, de non-violence et de diversit\u00e9 culturelle &#8211; des valeurs qui nous unissent tous et qui m\u00e9ritent d&rsquo;\u00eatre prot\u00e9g\u00e9es.<\/p>\n\n<div style=\"height:100px\" aria-hidden=\"true\" class=\"wp-block-spacer is-style-md\"><\/div>\n\n<div class=\"wp-block-buttons is-layout-flex wp-block-buttons-is-layout-flex\">\n<div class=\"wp-block-button\"><a class=\"wp-block-button__link wp-element-button\" href=\"https:\/\/gstf.org\/fr\/devenir-membre\/\">Devenir membre<\/a><\/div>\n<\/div>\n\n<p><\/p>\n\n<p><\/p>\n\n<p><\/p>\n","protected":false},"excerpt":{"rendered":"<p>Notre mission pour le Tibet : Education, promotion de la culture, amiti\u00e9 et engagement politique Depuis plus de 40 ans, la Soci\u00e9t\u00e9 d&rsquo;amiti\u00e9 Suisse-Tibet (SAST) s&rsquo;engage activement pour les droits et la culture du peuple tib\u00e9tain. Par un travail d&rsquo;information, des campagnes politiques et la promotion de la culture tib\u00e9taine en Suisse et de l&rsquo;amiti\u00e9 [&hellip;]<\/p>\n","protected":false},"author":1,"featured_media":0,"parent":0,"menu_order":0,"comment_status":"closed","ping_status":"closed","template":"","meta":{"_acf_changed":false,"inline_featured_image":false,"footnotes":""},"class_list":["post-6624","page","type-page","status-publish","hentry"],"acf":[],"yoast_head":"<!-- This site is optimized with the Yoast SEO plugin v27.3 - https:\/\/yoast.com\/product\/yoast-seo-wordpress\/ -->\n<title>Ce que nous faisons - GSTF<\/title>\n<meta name=\"robots\" content=\"index, follow, max-snippet:-1, max-image-preview:large, max-video-preview:-1\" \/>\n<link rel=\"canonical\" href=\"https:\/\/gstf.org\/fr\/ce-que-nous-faisons\/\" \/>\n<meta property=\"og:locale\" content=\"fr_FR\" \/>\n<meta property=\"og:type\" content=\"article\" \/>\n<meta property=\"og:title\" content=\"Ce que nous faisons - GSTF\" \/>\n<meta property=\"og:description\" content=\"Notre mission pour le Tibet : Education, promotion de la culture, amiti\u00e9 et engagement politique Depuis plus de 40 ans, la Soci\u00e9t\u00e9 d&rsquo;amiti\u00e9 Suisse-Tibet (SAST) s&rsquo;engage activement pour les droits et la culture du peuple tib\u00e9tain. Par un travail d&rsquo;information, des campagnes politiques et la promotion de la culture tib\u00e9taine en Suisse et de l&rsquo;amiti\u00e9 [&hellip;]\" \/>\n<meta property=\"og:url\" content=\"https:\/\/gstf.org\/fr\/ce-que-nous-faisons\/\" \/>\n<meta property=\"og:site_name\" content=\"GSTF\" \/>\n<meta property=\"article:modified_time\" content=\"2024-11-26T21:28:33+00:00\" \/>\n<meta name=\"twitter:card\" content=\"summary_large_image\" \/>\n<meta name=\"twitter:label1\" content=\"Dur\u00e9e de lecture estim\u00e9e\" \/>\n\t<meta name=\"twitter:data1\" content=\"4 minutes\" \/>\n<script type=\"application\/ld+json\" class=\"yoast-schema-graph\">{\"@context\":\"https:\\\/\\\/schema.org\",\"@graph\":[{\"@type\":\"WebPage\",\"@id\":\"https:\\\/\\\/gstf.org\\\/fr\\\/ce-que-nous-faisons\\\/\",\"url\":\"https:\\\/\\\/gstf.org\\\/fr\\\/ce-que-nous-faisons\\\/\",\"name\":\"Ce que nous faisons - GSTF\",\"isPartOf\":{\"@id\":\"https:\\\/\\\/gstf.org\\\/fr\\\/#website\"},\"datePublished\":\"2024-09-27T09:02:24+00:00\",\"dateModified\":\"2024-11-26T21:28:33+00:00\",\"breadcrumb\":{\"@id\":\"https:\\\/\\\/gstf.org\\\/fr\\\/ce-que-nous-faisons\\\/#breadcrumb\"},\"inLanguage\":\"fr-FR\",\"potentialAction\":[{\"@type\":\"ReadAction\",\"target\":[\"https:\\\/\\\/gstf.org\\\/fr\\\/ce-que-nous-faisons\\\/\"]}]},{\"@type\":\"BreadcrumbList\",\"@id\":\"https:\\\/\\\/gstf.org\\\/fr\\\/ce-que-nous-faisons\\\/#breadcrumb\",\"itemListElement\":[{\"@type\":\"ListItem\",\"position\":1,\"name\":\"Startseite\",\"item\":\"https:\\\/\\\/gstf.org\\\/fr\\\/page-daccueil\\\/\"},{\"@type\":\"ListItem\",\"position\":2,\"name\":\"Ce que nous faisons\"}]},{\"@type\":\"WebSite\",\"@id\":\"https:\\\/\\\/gstf.org\\\/fr\\\/#website\",\"url\":\"https:\\\/\\\/gstf.org\\\/fr\\\/\",\"name\":\"GSTF\",\"description\":\"Gesellschaft Schweizerisch-Tibetische Freundschaft\",\"potentialAction\":[{\"@type\":\"SearchAction\",\"target\":{\"@type\":\"EntryPoint\",\"urlTemplate\":\"https:\\\/\\\/gstf.org\\\/fr\\\/?s={search_term_string}\"},\"query-input\":{\"@type\":\"PropertyValueSpecification\",\"valueRequired\":true,\"valueName\":\"search_term_string\"}}],\"inLanguage\":\"fr-FR\"}]}<\/script>\n<!-- \/ Yoast SEO plugin. -->","yoast_head_json":{"title":"Ce que nous faisons - GSTF","robots":{"index":"index","follow":"follow","max-snippet":"max-snippet:-1","max-image-preview":"max-image-preview:large","max-video-preview":"max-video-preview:-1"},"canonical":"https:\/\/gstf.org\/fr\/ce-que-nous-faisons\/","og_locale":"fr_FR","og_type":"article","og_title":"Ce que nous faisons - GSTF","og_description":"Notre mission pour le Tibet : Education, promotion de la culture, amiti\u00e9 et engagement politique Depuis plus de 40 ans, la Soci\u00e9t\u00e9 d&rsquo;amiti\u00e9 Suisse-Tibet (SAST) s&rsquo;engage activement pour les droits et la culture du peuple tib\u00e9tain. Par un travail d&rsquo;information, des campagnes politiques et la promotion de la culture tib\u00e9taine en Suisse et de l&rsquo;amiti\u00e9 [&hellip;]","og_url":"https:\/\/gstf.org\/fr\/ce-que-nous-faisons\/","og_site_name":"GSTF","article_modified_time":"2024-11-26T21:28:33+00:00","twitter_card":"summary_large_image","twitter_misc":{"Dur\u00e9e de lecture estim\u00e9e":"4 minutes"},"schema":{"@context":"https:\/\/schema.org","@graph":[{"@type":"WebPage","@id":"https:\/\/gstf.org\/fr\/ce-que-nous-faisons\/","url":"https:\/\/gstf.org\/fr\/ce-que-nous-faisons\/","name":"Ce que nous faisons - GSTF","isPartOf":{"@id":"https:\/\/gstf.org\/fr\/#website"},"datePublished":"2024-09-27T09:02:24+00:00","dateModified":"2024-11-26T21:28:33+00:00","breadcrumb":{"@id":"https:\/\/gstf.org\/fr\/ce-que-nous-faisons\/#breadcrumb"},"inLanguage":"fr-FR","potentialAction":[{"@type":"ReadAction","target":["https:\/\/gstf.org\/fr\/ce-que-nous-faisons\/"]}]},{"@type":"BreadcrumbList","@id":"https:\/\/gstf.org\/fr\/ce-que-nous-faisons\/#breadcrumb","itemListElement":[{"@type":"ListItem","position":1,"name":"Startseite","item":"https:\/\/gstf.org\/fr\/page-daccueil\/"},{"@type":"ListItem","position":2,"name":"Ce que nous faisons"}]},{"@type":"WebSite","@id":"https:\/\/gstf.org\/fr\/#website","url":"https:\/\/gstf.org\/fr\/","name":"GSTF","description":"Gesellschaft Schweizerisch-Tibetische Freundschaft","potentialAction":[{"@type":"SearchAction","target":{"@type":"EntryPoint","urlTemplate":"https:\/\/gstf.org\/fr\/?s={search_term_string}"},"query-input":{"@type":"PropertyValueSpecification","valueRequired":true,"valueName":"search_term_string"}}],"inLanguage":"fr-FR"}]}},"_links":{"self":[{"href":"https:\/\/gstf.org\/fr\/wp-json\/wp\/v2\/pages\/6624","targetHints":{"allow":["GET"]}}],"collection":[{"href":"https:\/\/gstf.org\/fr\/wp-json\/wp\/v2\/pages"}],"about":[{"href":"https:\/\/gstf.org\/fr\/wp-json\/wp\/v2\/types\/page"}],"author":[{"embeddable":true,"href":"https:\/\/gstf.org\/fr\/wp-json\/wp\/v2\/users\/1"}],"replies":[{"embeddable":true,"href":"https:\/\/gstf.org\/fr\/wp-json\/wp\/v2\/comments?post=6624"}],"version-history":[{"count":2,"href":"https:\/\/gstf.org\/fr\/wp-json\/wp\/v2\/pages\/6624\/revisions"}],"predecessor-version":[{"id":6627,"href":"https:\/\/gstf.org\/fr\/wp-json\/wp\/v2\/pages\/6624\/revisions\/6627"}],"wp:attachment":[{"href":"https:\/\/gstf.org\/fr\/wp-json\/wp\/v2\/media?parent=6624"}],"curies":[{"name":"wp","href":"https:\/\/api.w.org\/{rel}","templated":true}]}}