{"id":6626,"date":"2024-09-27T11:03:07","date_gmt":"2024-09-27T09:03:07","guid":{"rendered":"https:\/\/gstf.site-preview.ch\/qui-sommes-nous\/"},"modified":"2024-12-12T10:43:46","modified_gmt":"2024-12-12T09:43:46","slug":"qui-sommes-nous","status":"publish","type":"page","link":"https:\/\/gstf.org\/fr\/qui-sommes-nous\/","title":{"rendered":"Qui sommes-nous ?"},"content":{"rendered":"<section class=\"indy-block-section has-white-background-color\">\n      <div class=\"indy-block-section-content\">\n\n<h2 class=\"wp-block-heading\"><strong>Ensemble pour le Tibet : Pr\u00e9server la culture, renforcer les droits, construire l&rsquo;avenir<\/strong><\/h2>\n\n\n\n<p>SAST est aujourd&rsquo;hui la plus grande organisation non gouvernementale suisse pour le Tibet et compte environ 1 500 membres. Elle est divis\u00e9e en sections r\u00e9gionales, dirig\u00e9es par un conseil d&rsquo;administration \u00e9lu par les membres. Le bureau soutient le conseil d&rsquo;administration et les sections dans leurs multiples activit\u00e9s et veille \u00e0 ce que SAST puisse agir de mani\u00e8re efficace, directe et simple pour la cause du Tibet.<\/p>\n\n\n\n<h2 class=\"wp-block-heading\">Le conseil d&rsquo;administration<\/h2>\n\n\n<div class=\"indy-block-people\">\n  <div class=\"row\">\n          <div class=\"col-xs-12 col-md-6 col-lg-4\">\n        <div class=\"indy-block-people-person\">\n                      <div class=\"indy-placeholder indy-placeholder-has-ar indy-placeholder-bg-secondary\" style=\"--indy-placholder-ar: 1 \/ 1;\"><\/div>\n                    <h4 class=\"indy-block-people-title\">Nord\u00f6n Pema<\/h4>\n                      <div class=\"indy-block-people-position\">Pr\u00e9sidente \/ Collecte de fonds, m\u00e9dias sociaux \/ Contacts avec les organisations tib\u00e9taines<\/div>\n                                <div class=\"indy-block-people-email\">\n              <a href=\"mailto:praesidentin@gstf.org\">Email<\/a>\n            <\/div>\n                                <div class=\"indy-block-people-phone\">\n              <a href=\"tel:+41444513838\">+41 44 451 38 38<\/a>\n            <\/div>\n                  <\/div>\n      <\/div>\n      <\/div>\n<\/div>\n\n\n\n<p><\/p>\n\n\n\n<h2 class=\"wp-block-heading\">Directeur g\u00e9n\u00e9ral<\/h2>\n\n\n\n<div class=\"wp-block-columns is-layout-flex wp-container-core-columns-is-layout-9d6595d7 wp-block-columns-is-layout-flex\">\n<div class=\"wp-block-column is-layout-flow wp-block-column-is-layout-flow\" style=\"flex-basis:100%\"><div class=\"indy-block-people\">\n  <div class=\"row\">\n      <\/div>\n<\/div>\n<\/div>\n<\/div>\n\n\n\n<p><\/p>\n\n\n\n<p><\/p>\n\n\n\n<h2 class=\"wp-block-heading\" id=\"sektionen\">Contacts dans les sections<\/h2>\n\n\n\n<p>Si vous souhaitez vous engager dans une section de SAST, vous pouvez contacter les responsables de section pour en savoir plus sur les r\u00e9unions et les activit\u00e9s de la section.<\/p>\n\n\n\n<div style=\"height:58px\" aria-hidden=\"true\" class=\"wp-block-spacer\"><\/div>\n\n\n\n<div class=\"wp-block-columns is-layout-flex wp-container-core-columns-is-layout-9d6595d7 wp-block-columns-is-layout-flex\">\n<div class=\"wp-block-column is-layout-flow wp-block-column-is-layout-flow\">\n<p><strong>Mittelland<\/strong><br\/>Jonathan Loosli<br\/><a href=\"mailto:sektionsleitung-ml@gstf.org\">sektionsleitung-ml@gstf.org<\/a><\/p>\n<\/div>\n\n\n\n<div class=\"wp-block-column is-layout-flow wp-block-column-is-layout-flow\">\n<p><strong>Suisse du Nord-Ouest<\/strong><br\/>Margrit Schmied<br\/><a href=\"mailto:sektionsleitung-nws@gstf.org\">sektionsleitung-nws@gstf.org<\/a><\/p>\n<\/div>\n\n\n\n<div class=\"wp-block-column is-layout-flow wp-block-column-is-layout-flow\">\n<p><strong>Suisse orientale<\/strong><br\/>Veronika Koller, Zakay Reichlin<br\/><a href=\"mailto:sektionsleitung-os@gstf.org\">sektionsleitung-os@gstf.org<\/a><\/p>\n<\/div>\n<\/div>\n\n\n\n<div class=\"wp-block-column is-layout-flow wp-block-column-is-layout-flow\">\n<div class=\"wp-block-columns is-layout-flex wp-container-core-columns-is-layout-9d6595d7 wp-block-columns-is-layout-flex\">\n<div class=\"wp-block-column is-layout-flow wp-block-column-is-layout-flow\">\n<p><strong>Suisse romande\/ Romandie<\/strong><br\/>Tenzin Wangmo, Ren\u00e9 Longet<br\/><a href=\"mailto:sektionsleitung-ml@gstf.org\">responsables-sr@gstf.org<\/a><\/p>\n<\/div>\n\n\n\n<div class=\"wp-block-column is-layout-flow wp-block-column-is-layout-flow\">\n<p><strong>Suisse centrale<\/strong> <br\/>Regula Erazo, Helen Meyer <br\/><a href=\"mailto:sektionsleitung-zs@gstf.org\">sektionsleitung-zs@gstf.org<\/a><\/p>\n<\/div>\n\n\n\n<div class=\"wp-block-column is-layout-flow wp-block-column-is-layout-flow\">\n<p><strong>Zurich<\/strong> <br\/>Rinzin Lang <br\/><a href=\"mailto:sektionsleitung-zh@gstf.org\">sektionsleitung-zh@gstf.org<\/a><\/p>\n<\/div>\n<\/div>\n<\/div>\n\n\n\n<p><\/p>\n\n\n\n<p><\/p>\n\n\n\n<h3 class=\"wp-block-heading\"><strong>Participez !<\/strong><\/h3>\n\n\n\n<p>Si vous souhaitez vous engager pour les droits de l&rsquo;homme, la diversit\u00e9 culturelle et un monde plus juste, vous \u00eates le bienvenu chez nous. Que vous soyez un membre actif, un sympathisant ou un b\u00e9n\u00e9vole, SAST vous offre de nombreuses opportunit\u00e9s de vous engager pour le Tibet et de rencontrer une communaut\u00e9 engag\u00e9e.  Ensemble, nous nous engageons avec c\u0153ur et \u00e9nergie pour un avenir dans lequel la culture et l&rsquo;identit\u00e9 tib\u00e9taines seront pr\u00e9serv\u00e9es. Rejoignez notre communaut\u00e9 et engagez-vous activement avec nous en tant que porteur d&rsquo;espoir:in pour le Tibet et un monde dans lequel le Tibet reste vivant.<\/p>\n\n\n\n<div style=\"height:100px\" aria-hidden=\"true\" class=\"wp-block-spacer is-style-md\"><\/div>\n\n\n\n<div class=\"wp-block-buttons is-layout-flex wp-block-buttons-is-layout-flex\">\n<div class=\"wp-block-button\"><a class=\"wp-block-button__link has-primary-background-color has-background wp-element-button\" href=\"https:\/\/gstf.org\/fr\/devenir-membre\/\">Devenir membre<\/a><\/div>\n<\/div>\n\n<\/div>\n  <\/section>\n","protected":false},"excerpt":{"rendered":"","protected":false},"author":1,"featured_media":0,"parent":0,"menu_order":0,"comment_status":"closed","ping_status":"closed","template":"","meta":{"_acf_changed":false,"inline_featured_image":false,"footnotes":""},"class_list":["post-6626","page","type-page","status-publish","hentry"],"acf":[],"yoast_head":"<!-- This site is optimized with the Yoast SEO plugin v27.3 - https:\/\/yoast.com\/product\/yoast-seo-wordpress\/ -->\n<title>Qui sommes-nous ? - GSTF<\/title>\n<meta name=\"robots\" content=\"index, follow, max-snippet:-1, max-image-preview:large, max-video-preview:-1\" \/>\n<link rel=\"canonical\" href=\"https:\/\/gstf.org\/fr\/qui-sommes-nous\/\" \/>\n<meta property=\"og:locale\" content=\"fr_FR\" \/>\n<meta property=\"og:type\" content=\"article\" \/>\n<meta property=\"og:title\" content=\"Qui sommes-nous ? - GSTF\" \/>\n<meta property=\"og:url\" content=\"https:\/\/gstf.org\/fr\/qui-sommes-nous\/\" \/>\n<meta property=\"og:site_name\" content=\"GSTF\" \/>\n<meta property=\"article:modified_time\" content=\"2024-12-12T09:43:46+00:00\" \/>\n<meta name=\"twitter:card\" content=\"summary_large_image\" \/>\n<meta name=\"twitter:label1\" content=\"Dur\u00e9e de lecture estim\u00e9e\" \/>\n\t<meta name=\"twitter:data1\" content=\"1 minute\" \/>\n<script type=\"application\/ld+json\" class=\"yoast-schema-graph\">{\"@context\":\"https:\\\/\\\/schema.org\",\"@graph\":[{\"@type\":\"WebPage\",\"@id\":\"https:\\\/\\\/gstf.org\\\/fr\\\/qui-sommes-nous\\\/\",\"url\":\"https:\\\/\\\/gstf.org\\\/fr\\\/qui-sommes-nous\\\/\",\"name\":\"Qui sommes-nous ? - GSTF\",\"isPartOf\":{\"@id\":\"https:\\\/\\\/gstf.org\\\/fr\\\/#website\"},\"datePublished\":\"2024-09-27T09:03:07+00:00\",\"dateModified\":\"2024-12-12T09:43:46+00:00\",\"breadcrumb\":{\"@id\":\"https:\\\/\\\/gstf.org\\\/fr\\\/qui-sommes-nous\\\/#breadcrumb\"},\"inLanguage\":\"fr-FR\",\"potentialAction\":[{\"@type\":\"ReadAction\",\"target\":[\"https:\\\/\\\/gstf.org\\\/fr\\\/qui-sommes-nous\\\/\"]}]},{\"@type\":\"BreadcrumbList\",\"@id\":\"https:\\\/\\\/gstf.org\\\/fr\\\/qui-sommes-nous\\\/#breadcrumb\",\"itemListElement\":[{\"@type\":\"ListItem\",\"position\":1,\"name\":\"Startseite\",\"item\":\"https:\\\/\\\/gstf.org\\\/fr\\\/page-daccueil\\\/\"},{\"@type\":\"ListItem\",\"position\":2,\"name\":\"Qui sommes-nous ?\"}]},{\"@type\":\"WebSite\",\"@id\":\"https:\\\/\\\/gstf.org\\\/fr\\\/#website\",\"url\":\"https:\\\/\\\/gstf.org\\\/fr\\\/\",\"name\":\"GSTF\",\"description\":\"Gesellschaft Schweizerisch-Tibetische Freundschaft\",\"potentialAction\":[{\"@type\":\"SearchAction\",\"target\":{\"@type\":\"EntryPoint\",\"urlTemplate\":\"https:\\\/\\\/gstf.org\\\/fr\\\/?s={search_term_string}\"},\"query-input\":{\"@type\":\"PropertyValueSpecification\",\"valueRequired\":true,\"valueName\":\"search_term_string\"}}],\"inLanguage\":\"fr-FR\"}]}<\/script>\n<!-- \/ Yoast SEO plugin. -->","yoast_head_json":{"title":"Qui sommes-nous ? - GSTF","robots":{"index":"index","follow":"follow","max-snippet":"max-snippet:-1","max-image-preview":"max-image-preview:large","max-video-preview":"max-video-preview:-1"},"canonical":"https:\/\/gstf.org\/fr\/qui-sommes-nous\/","og_locale":"fr_FR","og_type":"article","og_title":"Qui sommes-nous ? - GSTF","og_url":"https:\/\/gstf.org\/fr\/qui-sommes-nous\/","og_site_name":"GSTF","article_modified_time":"2024-12-12T09:43:46+00:00","twitter_card":"summary_large_image","twitter_misc":{"Dur\u00e9e de lecture estim\u00e9e":"1 minute"},"schema":{"@context":"https:\/\/schema.org","@graph":[{"@type":"WebPage","@id":"https:\/\/gstf.org\/fr\/qui-sommes-nous\/","url":"https:\/\/gstf.org\/fr\/qui-sommes-nous\/","name":"Qui sommes-nous ? - GSTF","isPartOf":{"@id":"https:\/\/gstf.org\/fr\/#website"},"datePublished":"2024-09-27T09:03:07+00:00","dateModified":"2024-12-12T09:43:46+00:00","breadcrumb":{"@id":"https:\/\/gstf.org\/fr\/qui-sommes-nous\/#breadcrumb"},"inLanguage":"fr-FR","potentialAction":[{"@type":"ReadAction","target":["https:\/\/gstf.org\/fr\/qui-sommes-nous\/"]}]},{"@type":"BreadcrumbList","@id":"https:\/\/gstf.org\/fr\/qui-sommes-nous\/#breadcrumb","itemListElement":[{"@type":"ListItem","position":1,"name":"Startseite","item":"https:\/\/gstf.org\/fr\/page-daccueil\/"},{"@type":"ListItem","position":2,"name":"Qui sommes-nous ?"}]},{"@type":"WebSite","@id":"https:\/\/gstf.org\/fr\/#website","url":"https:\/\/gstf.org\/fr\/","name":"GSTF","description":"Gesellschaft Schweizerisch-Tibetische Freundschaft","potentialAction":[{"@type":"SearchAction","target":{"@type":"EntryPoint","urlTemplate":"https:\/\/gstf.org\/fr\/?s={search_term_string}"},"query-input":{"@type":"PropertyValueSpecification","valueRequired":true,"valueName":"search_term_string"}}],"inLanguage":"fr-FR"}]}},"_links":{"self":[{"href":"https:\/\/gstf.org\/fr\/wp-json\/wp\/v2\/pages\/6626","targetHints":{"allow":["GET"]}}],"collection":[{"href":"https:\/\/gstf.org\/fr\/wp-json\/wp\/v2\/pages"}],"about":[{"href":"https:\/\/gstf.org\/fr\/wp-json\/wp\/v2\/types\/page"}],"author":[{"embeddable":true,"href":"https:\/\/gstf.org\/fr\/wp-json\/wp\/v2\/users\/1"}],"replies":[{"embeddable":true,"href":"https:\/\/gstf.org\/fr\/wp-json\/wp\/v2\/comments?post=6626"}],"version-history":[{"count":3,"href":"https:\/\/gstf.org\/fr\/wp-json\/wp\/v2\/pages\/6626\/revisions"}],"predecessor-version":[{"id":7246,"href":"https:\/\/gstf.org\/fr\/wp-json\/wp\/v2\/pages\/6626\/revisions\/7246"}],"wp:attachment":[{"href":"https:\/\/gstf.org\/fr\/wp-json\/wp\/v2\/media?parent=6626"}],"curies":[{"name":"wp","href":"https:\/\/api.w.org\/{rel}","templated":true}]}}