{"id":6629,"date":"2024-09-27T11:27:32","date_gmt":"2024-09-27T09:27:32","guid":{"rendered":"https:\/\/gstf.site-preview.ch\/pourquoi-le-tibet\/"},"modified":"2024-11-26T22:28:33","modified_gmt":"2024-11-26T21:28:33","slug":"pourquoi-le-tibet","status":"publish","type":"page","link":"https:\/\/gstf.org\/fr\/pourquoi-le-tibet\/","title":{"rendered":"Pourquoi le Tibet ?"},"content":{"rendered":"\n<h2 class=\"wp-block-heading\"><strong>Le Tibet a besoin de notre soutien : pour les droits de l&rsquo;homme, la culture et l&rsquo;environnement<\/strong><\/h2>\n\n<p><\/p>\n\n<p><strong>La politique de la R\u00e9publique populaire de Chine vise \u00e0 d\u00e9truire l&rsquo;identit\u00e9, la langue et la culture du peuple tib\u00e9tain. Les violations des droits de l&rsquo;homme, la destruction de l&rsquo;environnement et les mesures cibl\u00e9es telles que les internats forc\u00e9s pour les enfants tib\u00e9tains menacent la survie de cette culture avanc\u00e9e. Il est plus important que jamais de soutenir la cause tib\u00e9taine et d&rsquo;\u0153uvrer pour un avenir o\u00f9 les droits des Tib\u00e9tains seront pr\u00e9serv\u00e9s et o\u00f9 la culture tib\u00e9taine sera respect\u00e9e.  <\/strong> <strong>patrimoine culturel soit respect\u00e9.<\/strong><\/p>\n\n<figure class=\"wp-block-image size-large\"><img loading=\"lazy\" decoding=\"async\" width=\"1024\" height=\"683\" src=\"https:\/\/gstf.org\/wp-content\/uploads\/2024\/10\/240918100636-lej-1024x683.jpg\" alt=\"\" class=\"wp-image-4454\" srcset=\"https:\/\/gstf.org\/wp-content\/uploads\/2024\/10\/240918100636-lej-1024x683.jpg 1024w, https:\/\/gstf.org\/wp-content\/uploads\/2024\/10\/240918100636-lej-300x200.jpg 300w, https:\/\/gstf.org\/wp-content\/uploads\/2024\/10\/240918100636-lej-768x512.jpg 768w, https:\/\/gstf.org\/wp-content\/uploads\/2024\/10\/240918100636-lej-1536x1024.jpg 1536w, https:\/\/gstf.org\/wp-content\/uploads\/2024\/10\/240918100636-lej.jpg 1800w\" sizes=\"auto, (max-width: 1024px) 100vw, 1024px\" \/><figcaption class=\"wp-element-caption\">Action et remise de la p\u00e9tition de la Soci\u00e9t\u00e9 pour les peuples menac\u00e9s photographi\u00e9es le mercredi 18 septembre 2024 \u00e0 Berne. (VOLLTOLL \/ Jana Leu) <\/figcaption><\/figure>\n\n<p>Depuis l&rsquo;occupation par la R\u00e9publique populaire de Chine en 1950, le peuple tib\u00e9tain souffre de graves violations des droits de l&rsquo;homme, d&rsquo;une oppression culturelle et d&rsquo;une perte dramatique de ses ressources naturelles. La riche culture tib\u00e9taine, qui a v\u00e9cu en harmonie avec la nature pendant des si\u00e8cles, est menac\u00e9e comme jamais auparavant. La r\u00e9pression continue du gouvernement chinois a de graves cons\u00e9quences pour le peuple tib\u00e9tain et pour l&rsquo;avenir de cette r\u00e9gion unique.  <\/p>\n\n<h3 class=\"wp-block-heading\"><strong>Violations des droits de l&rsquo;homme<\/strong><\/h3>\n\n<p>La libert\u00e9 de la population tib\u00e9taine est syst\u00e9matiquement restreinte : Les libert\u00e9s d&rsquo;expression, de religion et d&rsquo;association sont s\u00e9v\u00e8rement r\u00e9prim\u00e9es. Les Tib\u00e9tains qui expriment leur opinion ou d\u00e9fendent leurs droits risquent des mauvais traitements, de longues peines de prison ou pire encore. La surveillance est omnipr\u00e9sente et la vie de nombreux Tib\u00e9tains est rythm\u00e9e par les arrestations arbitraires, la torture et la censure. Les monast\u00e8res, qui sont au c\u0153ur de l&rsquo;identit\u00e9 tib\u00e9taine, sont \u00e9troitement contr\u00f4l\u00e9s et leur fonctionnement est fortement limit\u00e9, tandis que les symboles bouddhistes et les traditions de pri\u00e8re sont bannis de la vie quotidienne.   <\/p>\n\n<h3 class=\"wp-block-heading\"><strong>Internats forc\u00e9s pour les enfants tib\u00e9tains<\/strong><\/h3>\n\n<p>La cr\u00e9ation d&rsquo;internats forc\u00e9s pour les enfants tib\u00e9tains est un exemple particuli\u00e8rement choquant d&rsquo;oppression culturelle. Le gouvernement chinois oblige de plus en plus les parents tib\u00e9tains \u00e0 envoyer leurs enfants dans des internats g\u00e9r\u00e9s par l&rsquo;\u00c9tat, souvent tr\u00e8s \u00e9loign\u00e9s de leur village d&rsquo;origine. Dans ces \u00e9coles, les enfants sont isol\u00e9s de leur famille et de leur culture, la langue tib\u00e9taine ne leur est plus enseign\u00e9e et ils sont contraints de communiquer exclusivement en mandarin. L&rsquo;objectif de ces internats est de saper l&rsquo;identit\u00e9 tib\u00e9taine d\u00e8s le plus jeune \u00e2ge et de former une g\u00e9n\u00e9ration ali\u00e9n\u00e9e par ses origines culturelles. Pour de nombreux parents et enfants, cela signifie une perte douloureuse du lien culturel et familial. Le dala\u00ef-lama a invent\u00e9 le terme de \u00ab\u00a0g\u00e9nocide culturel\u00a0\u00bb \u00e0 ce sujet.     <\/p>\n\n<h3 class=\"wp-block-heading\"><strong>D\u00e9gradation de l&rsquo;environnement<\/strong><\/h3>\n\n<p>L&rsquo;environnement du Tibet est gravement affect\u00e9 par des interventions extensives. Le gouvernement chinois pratique l&rsquo;extraction incontr\u00f4l\u00e9e de mati\u00e8res premi\u00e8res, la d\u00e9forestation et la construction d&rsquo;\u00e9normes barrages dans la r\u00e9gion connue sous le nom de \u00ab\u00a0toit du monde\u00a0\u00bb. Cette surexploitation menace non seulement l&rsquo;environnement tib\u00e9tain et les modes de vie traditionnels, mais a \u00e9galement des r\u00e9percussions importantes sur les sources d&rsquo;eau et le climat de toute l&rsquo;Asie. L&rsquo;exploitation effr\u00e9n\u00e9e des ressources naturelles d\u00e9truit les \u00e9cosyst\u00e8mes fragiles et met en p\u00e9ril les moyens de subsistance d&rsquo;innombrables personnes, non seulement au Tibet, mais aussi dans les pays voisins.   <\/p>\n\n<h3 class=\"wp-block-heading\">Changement d\u00e9mographique et culturel<\/h3>\n\n<p>L&rsquo;installation cibl\u00e9e de Chinois Han au Tibet a radicalement modifi\u00e9 la structure d\u00e9mographique du pays. Aujourd&rsquo;hui, les Tib\u00e9tains sont devenus une minorit\u00e9 dans de nombreuses villes et leur langue, leurs traditions et leurs caract\u00e9ristiques culturelles sont de plus en plus supprim\u00e9es. L&rsquo;identit\u00e9 tib\u00e9taine est d\u00e9lib\u00e9r\u00e9ment sap\u00e9e et les Tib\u00e9tains sont marginalis\u00e9s \u00e9conomiquement par l&rsquo;immigration chinoise.  <\/p>\n\n<p><strong>Cette politique constitue une menace existentielle pour la culture et les connaissances traditionnelles tib\u00e9taines. Le dala\u00ef-lama <a>a invent\u00e9<\/a> le terme de \u00ab\u00a0g\u00e9nocide culturel\u00a0\u00bb pour d\u00e9crire cette situation. <\/strong>.<br\/><\/p>\n\n<h3 class=\"wp-block-heading\"><strong>Pourquoi le Tibet a besoin de soutien<\/strong><\/h3>\n\n<p>Malgr\u00e9 les d\u00e9fis, le peuple tib\u00e9tain reste fermement attach\u00e9 \u00e0 sa culture et \u00e0 ses valeurs. Les efforts non-violents des Tib\u00e9tains pour pr\u00e9server leur identit\u00e9 et d\u00e9fendre leurs droits m\u00e9ritent une attention et un soutien internationaux. En soutenant la cause tib\u00e9taine, nous montrons notre attachement aux droits de l&rsquo;homme, \u00e0 la diversit\u00e9 culturelle et \u00e0 la protection de l&rsquo;une des r\u00e9gions \u00e9cologiques les plus importantes de la plan\u00e8te. Le Tibet n&rsquo;est pas seulement un lieu g\u00e9ographique &#8211; c&rsquo;est un symbole de r\u00e9silience, de paix et de volont\u00e9 in\u00e9branlable de libert\u00e9.   <\/p>\n\n<p>C&rsquo;est le moment de s&rsquo;engager pour le Tibet et de renforcer la voix des Tib\u00e9tains. Soutenons le Tibet pour prot\u00e9ger ses droits, pr\u00e9server sa culture et \u0153uvrer ensemble pour un monde plus juste. <\/p>\n\n<p><\/p>\n\n<h3 class=\"wp-block-heading\"><strong>Quel est le rapport avec nous en Suisse ?<\/strong><\/h3>\n\n<p>La situation au Tibet a des liens \u00e9tendus avec la Suisse que nous ne pouvons pas ignorer. Le gouvernement chinois exerce une influence croissante sur la politique et l&rsquo;\u00e9conomie suisses, que ce soit par des accords commerciaux, des tactiques d&rsquo;intimidation ou une propagande cibl\u00e9e. Le soi-disant \u00ab\u00a0front uni\u00a0\u00bb, un r\u00e9seau de propagande et d&rsquo;influence du Parti communiste chinois (PCC), est \u00e9galement actif en Suisse et diffuse de mani\u00e8re cibl\u00e9e une image positive de la politique chinoise afin d&rsquo;\u00e9touffer les critiques concernant les violations des droits de l&rsquo;homme au Tibet. La Suisse se retrouve ainsi dans une situation d\u00e9licate : d&rsquo;une part, les relations \u00e9conomiques avec la Chine sont lucratives pour de nombreuses entreprises, d&rsquo;autre part, il en r\u00e9sulte une d\u00e9pendance qui emp\u00eache la Suisse de s&rsquo;engager syst\u00e9matiquement en faveur des droits de l&rsquo;homme.   <\/p>\n\n<p>Cette influence fait partie d&rsquo;une strat\u00e9gie n\u00e9ocolonialiste du PCC, qui d\u00e9veloppe de plus en plus de pouvoir et de d\u00e9pendance dans le monde entier. Des projets tels que l&rsquo;initiative \u00ab\u00a0la Ceinture et la Route\u00a0\u00bb poussent les pays dans la d\u00e9pendance \u00e9conomique et la libert\u00e9 d&rsquo;expression est restreinte, de plus en plus de pays craignant de critiquer le gouvernement chinois en raison de l&rsquo;interd\u00e9pendance \u00e9conomique. Les effets de cette politique se font \u00e9galement sentir en Europe, o\u00f9 les voix critiques sont souvent musel\u00e9es et o\u00f9 la libert\u00e9 de la presse est mise \u00e0 mal.  <\/p>\n\n<p>Les Tib\u00e9tains de la diaspora, y compris ceux de Suisse, sont particuli\u00e8rement touch\u00e9s par cette r\u00e9pression transnationale. La communaut\u00e9 tib\u00e9taine est surveill\u00e9e et harcel\u00e9e par des informateurs chinois afin d&rsquo;\u00e9touffer sa solidarit\u00e9 avec son propre peuple et ses protestations contre l&rsquo;occupation chinoise. De nombreux Tib\u00e9tains en Suisse sont victimes d&rsquo;intimidations et de pressions pour qu&rsquo;ils ne s&rsquo;expriment pas sur la situation au Tibet.  <\/p>\n\n<p>En soutenant la cause tib\u00e9taine, nous envoyons un signal contre cette r\u00e9pression transnationale et pour un monde o\u00f9 la libert\u00e9 d&rsquo;expression et les droits de l&rsquo;homme ne sont pas sacrifi\u00e9s sur l&rsquo;autel des calculs \u00e9conomiques.<\/p>\n\n<div style=\"height:100px\" aria-hidden=\"true\" class=\"wp-block-spacer is-style-md\"><\/div>\n\n<div class=\"wp-block-buttons is-layout-flex wp-block-buttons-is-layout-flex\">\n<div class=\"wp-block-button\"><a class=\"wp-block-button__link wp-element-button\" href=\"https:\/\/gstf.org\/mitglied-werden\/\">Devenir membre<\/a><\/div>\n<\/div>\n","protected":false},"excerpt":{"rendered":"<p>Le Tibet a besoin de notre soutien : pour les droits de l&rsquo;homme, la culture et l&rsquo;environnement La politique de la R\u00e9publique populaire de Chine vise \u00e0 d\u00e9truire l&rsquo;identit\u00e9, la langue et la culture du peuple tib\u00e9tain. Les violations des droits de l&rsquo;homme, la destruction de l&rsquo;environnement et les mesures cibl\u00e9es telles que les internats [&hellip;]<\/p>\n","protected":false},"author":1,"featured_media":0,"parent":0,"menu_order":0,"comment_status":"closed","ping_status":"closed","template":"","meta":{"_acf_changed":false,"inline_featured_image":false,"footnotes":""},"class_list":["post-6629","page","type-page","status-publish","hentry"],"acf":[],"yoast_head":"<!-- This site is optimized with the Yoast SEO plugin v27.3 - https:\/\/yoast.com\/product\/yoast-seo-wordpress\/ -->\n<title>Pourquoi le Tibet ? - GSTF<\/title>\n<meta name=\"robots\" content=\"index, follow, max-snippet:-1, max-image-preview:large, max-video-preview:-1\" \/>\n<link rel=\"canonical\" href=\"https:\/\/gstf.org\/fr\/pourquoi-le-tibet\/\" \/>\n<meta property=\"og:locale\" content=\"fr_FR\" \/>\n<meta property=\"og:type\" content=\"article\" \/>\n<meta property=\"og:title\" content=\"Pourquoi le Tibet ? - GSTF\" \/>\n<meta property=\"og:description\" content=\"Le Tibet a besoin de notre soutien : pour les droits de l&rsquo;homme, la culture et l&rsquo;environnement La politique de la R\u00e9publique populaire de Chine vise \u00e0 d\u00e9truire l&rsquo;identit\u00e9, la langue et la culture du peuple tib\u00e9tain. Les violations des droits de l&rsquo;homme, la destruction de l&rsquo;environnement et les mesures cibl\u00e9es telles que les internats [&hellip;]\" \/>\n<meta property=\"og:url\" content=\"https:\/\/gstf.org\/fr\/pourquoi-le-tibet\/\" \/>\n<meta property=\"og:site_name\" content=\"GSTF\" \/>\n<meta property=\"article:modified_time\" content=\"2024-11-26T21:28:33+00:00\" \/>\n<meta property=\"og:image\" content=\"https:\/\/gstf.org\/wp-content\/uploads\/2024\/10\/240918100636-lej-1024x683.jpg\" \/>\n<meta name=\"twitter:card\" content=\"summary_large_image\" \/>\n<meta name=\"twitter:label1\" content=\"Dur\u00e9e de lecture estim\u00e9e\" \/>\n\t<meta name=\"twitter:data1\" content=\"6 minutes\" \/>\n<script type=\"application\/ld+json\" class=\"yoast-schema-graph\">{\"@context\":\"https:\\\/\\\/schema.org\",\"@graph\":[{\"@type\":\"WebPage\",\"@id\":\"https:\\\/\\\/gstf.org\\\/fr\\\/pourquoi-le-tibet\\\/\",\"url\":\"https:\\\/\\\/gstf.org\\\/fr\\\/pourquoi-le-tibet\\\/\",\"name\":\"Pourquoi le Tibet ? - GSTF\",\"isPartOf\":{\"@id\":\"https:\\\/\\\/gstf.org\\\/fr\\\/#website\"},\"primaryImageOfPage\":{\"@id\":\"https:\\\/\\\/gstf.org\\\/fr\\\/pourquoi-le-tibet\\\/#primaryimage\"},\"image\":{\"@id\":\"https:\\\/\\\/gstf.org\\\/fr\\\/pourquoi-le-tibet\\\/#primaryimage\"},\"thumbnailUrl\":\"https:\\\/\\\/gstf.org\\\/wp-content\\\/uploads\\\/2024\\\/10\\\/240918100636-lej-1024x683.jpg\",\"datePublished\":\"2024-09-27T09:27:32+00:00\",\"dateModified\":\"2024-11-26T21:28:33+00:00\",\"breadcrumb\":{\"@id\":\"https:\\\/\\\/gstf.org\\\/fr\\\/pourquoi-le-tibet\\\/#breadcrumb\"},\"inLanguage\":\"fr-FR\",\"potentialAction\":[{\"@type\":\"ReadAction\",\"target\":[\"https:\\\/\\\/gstf.org\\\/fr\\\/pourquoi-le-tibet\\\/\"]}]},{\"@type\":\"ImageObject\",\"inLanguage\":\"fr-FR\",\"@id\":\"https:\\\/\\\/gstf.org\\\/fr\\\/pourquoi-le-tibet\\\/#primaryimage\",\"url\":\"https:\\\/\\\/gstf.org\\\/wp-content\\\/uploads\\\/2024\\\/10\\\/240918100636-lej-1024x683.jpg\",\"contentUrl\":\"https:\\\/\\\/gstf.org\\\/wp-content\\\/uploads\\\/2024\\\/10\\\/240918100636-lej-1024x683.jpg\"},{\"@type\":\"BreadcrumbList\",\"@id\":\"https:\\\/\\\/gstf.org\\\/fr\\\/pourquoi-le-tibet\\\/#breadcrumb\",\"itemListElement\":[{\"@type\":\"ListItem\",\"position\":1,\"name\":\"Startseite\",\"item\":\"https:\\\/\\\/gstf.org\\\/fr\\\/page-daccueil\\\/\"},{\"@type\":\"ListItem\",\"position\":2,\"name\":\"Pourquoi le Tibet ?\"}]},{\"@type\":\"WebSite\",\"@id\":\"https:\\\/\\\/gstf.org\\\/fr\\\/#website\",\"url\":\"https:\\\/\\\/gstf.org\\\/fr\\\/\",\"name\":\"GSTF\",\"description\":\"Gesellschaft Schweizerisch-Tibetische Freundschaft\",\"potentialAction\":[{\"@type\":\"SearchAction\",\"target\":{\"@type\":\"EntryPoint\",\"urlTemplate\":\"https:\\\/\\\/gstf.org\\\/fr\\\/?s={search_term_string}\"},\"query-input\":{\"@type\":\"PropertyValueSpecification\",\"valueRequired\":true,\"valueName\":\"search_term_string\"}}],\"inLanguage\":\"fr-FR\"}]}<\/script>\n<!-- \/ Yoast SEO plugin. -->","yoast_head_json":{"title":"Pourquoi le Tibet ? - GSTF","robots":{"index":"index","follow":"follow","max-snippet":"max-snippet:-1","max-image-preview":"max-image-preview:large","max-video-preview":"max-video-preview:-1"},"canonical":"https:\/\/gstf.org\/fr\/pourquoi-le-tibet\/","og_locale":"fr_FR","og_type":"article","og_title":"Pourquoi le Tibet ? - GSTF","og_description":"Le Tibet a besoin de notre soutien : pour les droits de l&rsquo;homme, la culture et l&rsquo;environnement La politique de la R\u00e9publique populaire de Chine vise \u00e0 d\u00e9truire l&rsquo;identit\u00e9, la langue et la culture du peuple tib\u00e9tain. Les violations des droits de l&rsquo;homme, la destruction de l&rsquo;environnement et les mesures cibl\u00e9es telles que les internats [&hellip;]","og_url":"https:\/\/gstf.org\/fr\/pourquoi-le-tibet\/","og_site_name":"GSTF","article_modified_time":"2024-11-26T21:28:33+00:00","og_image":[{"url":"https:\/\/gstf.org\/wp-content\/uploads\/2024\/10\/240918100636-lej-1024x683.jpg","type":"","width":"","height":""}],"twitter_card":"summary_large_image","twitter_misc":{"Dur\u00e9e de lecture estim\u00e9e":"6 minutes"},"schema":{"@context":"https:\/\/schema.org","@graph":[{"@type":"WebPage","@id":"https:\/\/gstf.org\/fr\/pourquoi-le-tibet\/","url":"https:\/\/gstf.org\/fr\/pourquoi-le-tibet\/","name":"Pourquoi le Tibet ? - GSTF","isPartOf":{"@id":"https:\/\/gstf.org\/fr\/#website"},"primaryImageOfPage":{"@id":"https:\/\/gstf.org\/fr\/pourquoi-le-tibet\/#primaryimage"},"image":{"@id":"https:\/\/gstf.org\/fr\/pourquoi-le-tibet\/#primaryimage"},"thumbnailUrl":"https:\/\/gstf.org\/wp-content\/uploads\/2024\/10\/240918100636-lej-1024x683.jpg","datePublished":"2024-09-27T09:27:32+00:00","dateModified":"2024-11-26T21:28:33+00:00","breadcrumb":{"@id":"https:\/\/gstf.org\/fr\/pourquoi-le-tibet\/#breadcrumb"},"inLanguage":"fr-FR","potentialAction":[{"@type":"ReadAction","target":["https:\/\/gstf.org\/fr\/pourquoi-le-tibet\/"]}]},{"@type":"ImageObject","inLanguage":"fr-FR","@id":"https:\/\/gstf.org\/fr\/pourquoi-le-tibet\/#primaryimage","url":"https:\/\/gstf.org\/wp-content\/uploads\/2024\/10\/240918100636-lej-1024x683.jpg","contentUrl":"https:\/\/gstf.org\/wp-content\/uploads\/2024\/10\/240918100636-lej-1024x683.jpg"},{"@type":"BreadcrumbList","@id":"https:\/\/gstf.org\/fr\/pourquoi-le-tibet\/#breadcrumb","itemListElement":[{"@type":"ListItem","position":1,"name":"Startseite","item":"https:\/\/gstf.org\/fr\/page-daccueil\/"},{"@type":"ListItem","position":2,"name":"Pourquoi le Tibet ?"}]},{"@type":"WebSite","@id":"https:\/\/gstf.org\/fr\/#website","url":"https:\/\/gstf.org\/fr\/","name":"GSTF","description":"Gesellschaft Schweizerisch-Tibetische Freundschaft","potentialAction":[{"@type":"SearchAction","target":{"@type":"EntryPoint","urlTemplate":"https:\/\/gstf.org\/fr\/?s={search_term_string}"},"query-input":{"@type":"PropertyValueSpecification","valueRequired":true,"valueName":"search_term_string"}}],"inLanguage":"fr-FR"}]}},"_links":{"self":[{"href":"https:\/\/gstf.org\/fr\/wp-json\/wp\/v2\/pages\/6629","targetHints":{"allow":["GET"]}}],"collection":[{"href":"https:\/\/gstf.org\/fr\/wp-json\/wp\/v2\/pages"}],"about":[{"href":"https:\/\/gstf.org\/fr\/wp-json\/wp\/v2\/types\/page"}],"author":[{"embeddable":true,"href":"https:\/\/gstf.org\/fr\/wp-json\/wp\/v2\/users\/1"}],"replies":[{"embeddable":true,"href":"https:\/\/gstf.org\/fr\/wp-json\/wp\/v2\/comments?post=6629"}],"version-history":[{"count":1,"href":"https:\/\/gstf.org\/fr\/wp-json\/wp\/v2\/pages\/6629\/revisions"}],"predecessor-version":[{"id":6631,"href":"https:\/\/gstf.org\/fr\/wp-json\/wp\/v2\/pages\/6629\/revisions\/6631"}],"wp:attachment":[{"href":"https:\/\/gstf.org\/fr\/wp-json\/wp\/v2\/media?parent=6629"}],"curies":[{"name":"wp","href":"https:\/\/api.w.org\/{rel}","templated":true}]}}