{"id":7632,"date":"2025-02-18T14:29:38","date_gmt":"2025-02-18T13:29:38","guid":{"rendered":"https:\/\/gstf.org\/?page_id=7632"},"modified":"2026-03-02T13:06:57","modified_gmt":"2026-03-02T12:06:57","slug":"assemblee-generale","status":"publish","type":"page","link":"https:\/\/gstf.org\/fr\/assemblee-generale\/","title":{"rendered":"Assembl\u00e9e g\u00e9n\u00e9rale"},"content":{"rendered":"<section class=\"indy-block-section has-white-background-color\">\n      <div class=\"indy-block-section-content\">\n\n<h2 class=\"wp-block-heading\">28.03.2026<\/h2>\n\n\n\n<p>La 44e assembl\u00e9e g\u00e9n\u00e9rale de SAST aura lieu le samedi 28 mars 2026 au centre communautaire Zentrum Johannes, M\u00fclhauserstrasse 145, 4056 Basel. L&rsquo;AG d\u00e9butera \u00e0 13h30.<\/p>\n\n\n\n<p><br>Veuillez noter que l&rsquo;assembl\u00e9e g\u00e9n\u00e9rale sera r\u00e9serv\u00e9e exclusivement aux membres de l&rsquo;association SAST.<\/p>\n\n\n\n<p>Vous trouverez ici des documents :<\/p>\n\n<\/div>\n  <\/section>\n\n\n\n<figure class=\"wp-block-table\"><table class=\"has-fixed-layout\"><thead><tr><th>allemand<\/th><th>fran\u00e7ais<\/th><\/tr><\/thead><tbody><tr><td><a href=\"https:\/\/gstf.org\/wp-content\/uploads\/2026\/02\/Einladung_MV26_GSTF.pdf\">Einladung<\/a><\/td><td><a href=\"https:\/\/gstf.org\/wp-content\/uploads\/2026\/02\/Invitation_AG_SAST_2026.pdf\">Invitation<\/a><\/td><\/tr><tr><td><a href=\"https:\/\/gstf.org\/wp-content\/uploads\/2026\/02\/Programm_MV26_GSTF.pdf\">Traktanden &amp; Anfahrt<\/a><\/td><td><a href=\"https:\/\/gstf.org\/wp-content\/uploads\/2026\/02\/Programme_AG_26_SAST.pdf\">Ordre du jour &amp; plan d&rsquo;acc\u00e8s<\/a><\/td><\/tr><tr><td><a href=\"https:\/\/gstf.org\/wp-content\/uploads\/2026\/02\/GSTF_JB2025_1-26_D_def.pdf\" type=\"link\" id=\"https:\/\/gstf.org\/wp-content\/uploads\/2026\/02\/GSTF_JB2025_1-26_D_def.pdf\">Jahresbericht 2025<\/a><\/td><td><a href=\"https:\/\/gstf.org\/wp-content\/uploads\/2026\/02\/GSTF_JB2025.pdf\" type=\"link\" id=\"https:\/\/gstf.org\/wp-content\/uploads\/2026\/02\/GSTF_JB2025.pdf\">Rapport d&rsquo;activit\u00e9 2025<\/a><\/td><\/tr><tr><td><a href=\"mailto:buero@gstf.org\">Protokoll MV2025<\/a> (auf Anfrage)<\/td><td><a href=\"mailto:buero@gstf.org\">Proc\u00e8s-verbal AG2025<\/a> (sur demande)<\/td><\/tr><tr><td><a href=\"mailto:buero@gstf.org\">Jahresrechnung 2025 \/ Budget 2026<\/a> (auf Anfrage)<\/td><td><a href=\"mailto:buero@gstf.org\">Comptes annuels 2025 \/ budget 2026<\/a> (sur demande)<\/td><\/tr><tr><td><a href=\"https:\/\/gstf.org\/wp-content\/uploads\/2026\/02\/GSTF_Losarkarte-2026_A5_D_def.pdf\">Losarkarte<\/a><\/td><td><a href=\"https:\/\/gstf.org\/wp-content\/uploads\/2026\/02\/GSTF_Losarkarte-2026_A5_F_def.pdf\">Carte Losar<\/a><\/td><\/tr><\/tbody><\/table><\/figure>\n\n\n\n<p><\/p>\n","protected":false},"excerpt":{"rendered":"<p>allemand fran\u00e7ais Einladung Invitation Traktanden &amp; Anfahrt Ordre du jour &amp; plan d&rsquo;acc\u00e8s Jahresbericht 2025 Rapport d&rsquo;activit\u00e9 2025 Protokoll MV2025 (auf Anfrage) Proc\u00e8s-verbal AG2025 (sur demande) Jahresrechnung 2025 \/ Budget 2026 (auf Anfrage) Comptes annuels 2025 \/ budget 2026 (sur demande) Losarkarte Carte Losar<\/p>\n","protected":false},"author":3,"featured_media":0,"parent":0,"menu_order":0,"comment_status":"closed","ping_status":"closed","template":"","meta":{"_acf_changed":false,"inline_featured_image":false,"footnotes":""},"class_list":["post-7632","page","type-page","status-publish","hentry"],"acf":[],"yoast_head":"<!-- This site is optimized with the Yoast SEO plugin v27.3 - https:\/\/yoast.com\/product\/yoast-seo-wordpress\/ -->\n<title>Assembl\u00e9e g\u00e9n\u00e9rale - GSTF<\/title>\n<meta name=\"robots\" content=\"index, follow, max-snippet:-1, max-image-preview:large, max-video-preview:-1\" \/>\n<link rel=\"canonical\" href=\"https:\/\/gstf.org\/fr\/assemblee-generale\/\" \/>\n<meta property=\"og:locale\" content=\"fr_FR\" \/>\n<meta property=\"og:type\" content=\"article\" \/>\n<meta property=\"og:title\" content=\"Assembl\u00e9e g\u00e9n\u00e9rale - GSTF\" \/>\n<meta property=\"og:description\" content=\"allemand fran\u00e7ais Einladung Invitation Traktanden &amp; Anfahrt Ordre du jour &amp; plan d&rsquo;acc\u00e8s Jahresbericht 2025 Rapport d&rsquo;activit\u00e9 2025 Protokoll MV2025 (auf Anfrage) Proc\u00e8s-verbal AG2025 (sur demande) Jahresrechnung 2025 \/ Budget 2026 (auf Anfrage) Comptes annuels 2025 \/ budget 2026 (sur demande) Losarkarte Carte Losar\" \/>\n<meta property=\"og:url\" content=\"https:\/\/gstf.org\/fr\/assemblee-generale\/\" \/>\n<meta property=\"og:site_name\" content=\"GSTF\" \/>\n<meta property=\"article:modified_time\" content=\"2026-03-02T12:06:57+00:00\" \/>\n<meta name=\"twitter:card\" content=\"summary_large_image\" \/>\n<meta name=\"twitter:label1\" content=\"Dur\u00e9e de lecture estim\u00e9e\" \/>\n\t<meta name=\"twitter:data1\" content=\"1 minute\" \/>\n<script type=\"application\/ld+json\" class=\"yoast-schema-graph\">{\"@context\":\"https:\\\/\\\/schema.org\",\"@graph\":[{\"@type\":\"WebPage\",\"@id\":\"https:\\\/\\\/gstf.org\\\/fr\\\/assemblee-generale\\\/\",\"url\":\"https:\\\/\\\/gstf.org\\\/fr\\\/assemblee-generale\\\/\",\"name\":\"Assembl\u00e9e g\u00e9n\u00e9rale - GSTF\",\"isPartOf\":{\"@id\":\"https:\\\/\\\/gstf.org\\\/fr\\\/#website\"},\"datePublished\":\"2025-02-18T13:29:38+00:00\",\"dateModified\":\"2026-03-02T12:06:57+00:00\",\"breadcrumb\":{\"@id\":\"https:\\\/\\\/gstf.org\\\/fr\\\/assemblee-generale\\\/#breadcrumb\"},\"inLanguage\":\"fr-FR\",\"potentialAction\":[{\"@type\":\"ReadAction\",\"target\":[\"https:\\\/\\\/gstf.org\\\/fr\\\/assemblee-generale\\\/\"]}]},{\"@type\":\"BreadcrumbList\",\"@id\":\"https:\\\/\\\/gstf.org\\\/fr\\\/assemblee-generale\\\/#breadcrumb\",\"itemListElement\":[{\"@type\":\"ListItem\",\"position\":1,\"name\":\"Startseite\",\"item\":\"https:\\\/\\\/gstf.org\\\/fr\\\/page-daccueil\\\/\"},{\"@type\":\"ListItem\",\"position\":2,\"name\":\"Assembl\u00e9e g\u00e9n\u00e9rale\"}]},{\"@type\":\"WebSite\",\"@id\":\"https:\\\/\\\/gstf.org\\\/fr\\\/#website\",\"url\":\"https:\\\/\\\/gstf.org\\\/fr\\\/\",\"name\":\"GSTF\",\"description\":\"Gesellschaft Schweizerisch-Tibetische Freundschaft\",\"potentialAction\":[{\"@type\":\"SearchAction\",\"target\":{\"@type\":\"EntryPoint\",\"urlTemplate\":\"https:\\\/\\\/gstf.org\\\/fr\\\/?s={search_term_string}\"},\"query-input\":{\"@type\":\"PropertyValueSpecification\",\"valueRequired\":true,\"valueName\":\"search_term_string\"}}],\"inLanguage\":\"fr-FR\"}]}<\/script>\n<!-- \/ Yoast SEO plugin. -->","yoast_head_json":{"title":"Assembl\u00e9e g\u00e9n\u00e9rale - GSTF","robots":{"index":"index","follow":"follow","max-snippet":"max-snippet:-1","max-image-preview":"max-image-preview:large","max-video-preview":"max-video-preview:-1"},"canonical":"https:\/\/gstf.org\/fr\/assemblee-generale\/","og_locale":"fr_FR","og_type":"article","og_title":"Assembl\u00e9e g\u00e9n\u00e9rale - GSTF","og_description":"allemand fran\u00e7ais Einladung Invitation Traktanden &amp; Anfahrt Ordre du jour &amp; plan d&rsquo;acc\u00e8s Jahresbericht 2025 Rapport d&rsquo;activit\u00e9 2025 Protokoll MV2025 (auf Anfrage) Proc\u00e8s-verbal AG2025 (sur demande) Jahresrechnung 2025 \/ Budget 2026 (auf Anfrage) Comptes annuels 2025 \/ budget 2026 (sur demande) Losarkarte Carte Losar","og_url":"https:\/\/gstf.org\/fr\/assemblee-generale\/","og_site_name":"GSTF","article_modified_time":"2026-03-02T12:06:57+00:00","twitter_card":"summary_large_image","twitter_misc":{"Dur\u00e9e de lecture estim\u00e9e":"1 minute"},"schema":{"@context":"https:\/\/schema.org","@graph":[{"@type":"WebPage","@id":"https:\/\/gstf.org\/fr\/assemblee-generale\/","url":"https:\/\/gstf.org\/fr\/assemblee-generale\/","name":"Assembl\u00e9e g\u00e9n\u00e9rale - GSTF","isPartOf":{"@id":"https:\/\/gstf.org\/fr\/#website"},"datePublished":"2025-02-18T13:29:38+00:00","dateModified":"2026-03-02T12:06:57+00:00","breadcrumb":{"@id":"https:\/\/gstf.org\/fr\/assemblee-generale\/#breadcrumb"},"inLanguage":"fr-FR","potentialAction":[{"@type":"ReadAction","target":["https:\/\/gstf.org\/fr\/assemblee-generale\/"]}]},{"@type":"BreadcrumbList","@id":"https:\/\/gstf.org\/fr\/assemblee-generale\/#breadcrumb","itemListElement":[{"@type":"ListItem","position":1,"name":"Startseite","item":"https:\/\/gstf.org\/fr\/page-daccueil\/"},{"@type":"ListItem","position":2,"name":"Assembl\u00e9e g\u00e9n\u00e9rale"}]},{"@type":"WebSite","@id":"https:\/\/gstf.org\/fr\/#website","url":"https:\/\/gstf.org\/fr\/","name":"GSTF","description":"Gesellschaft Schweizerisch-Tibetische Freundschaft","potentialAction":[{"@type":"SearchAction","target":{"@type":"EntryPoint","urlTemplate":"https:\/\/gstf.org\/fr\/?s={search_term_string}"},"query-input":{"@type":"PropertyValueSpecification","valueRequired":true,"valueName":"search_term_string"}}],"inLanguage":"fr-FR"}]}},"_links":{"self":[{"href":"https:\/\/gstf.org\/fr\/wp-json\/wp\/v2\/pages\/7632","targetHints":{"allow":["GET"]}}],"collection":[{"href":"https:\/\/gstf.org\/fr\/wp-json\/wp\/v2\/pages"}],"about":[{"href":"https:\/\/gstf.org\/fr\/wp-json\/wp\/v2\/types\/page"}],"author":[{"embeddable":true,"href":"https:\/\/gstf.org\/fr\/wp-json\/wp\/v2\/users\/3"}],"replies":[{"embeddable":true,"href":"https:\/\/gstf.org\/fr\/wp-json\/wp\/v2\/comments?post=7632"}],"version-history":[{"count":12,"href":"https:\/\/gstf.org\/fr\/wp-json\/wp\/v2\/pages\/7632\/revisions"}],"predecessor-version":[{"id":9083,"href":"https:\/\/gstf.org\/fr\/wp-json\/wp\/v2\/pages\/7632\/revisions\/9083"}],"wp:attachment":[{"href":"https:\/\/gstf.org\/fr\/wp-json\/wp\/v2\/media?parent=7632"}],"curies":[{"name":"wp","href":"https:\/\/api.w.org\/{rel}","templated":true}]}}